{"id":646,"date":"2021-03-21T23:15:51","date_gmt":"2021-03-21T20:15:51","guid":{"rendered":"http:\/\/disposabletoothbrush.net\/?page_id=646"},"modified":"2021-05-07T15:47:04","modified_gmt":"2021-05-07T12:47:04","slug":"bayilik","status":"publish","type":"page","link":"https:\/\/akdispractico.com\/ru\/bayilik\/","title":{"rendered":"\u0414\u0438\u043b\u0435\u0440\u0441\u043a\u0438\u0439 \u0446\u0435\u043d\u0442\u0440"},"content":{"rendered":"<div class=\"row row-collapse row-full-width align-center\"  id=\"row-338437794\">\n\n\t<div id=\"col-1775424055\" class=\"col small-12 large-12\"  >\n\t\t\t\t<div class=\"col-inner\" style=\"background-color:rgb(255, 255, 255);\" >\n\t\t\t\n\t\t\t\n<div class=\"slider-wrapper relative\" id=\"slider-121227347\" >\n    <div class=\"slider slider-nav-dots-dashes-spaced slider-nav-circle slider-nav-large slider-nav-light slider-style-normal\"\n        data-flickity-options='{\n            \"cellAlign\": \"center\",\n            \"imagesLoaded\": true,\n            \"lazyLoad\": 1,\n            \"freeScroll\": false,\n            \"wrapAround\": true,\n            \"autoPlay\": 5000,\n            \"pauseAutoPlayOnHover\" : true,\n            \"prevNextButtons\": false,\n            \"contain\" : true,\n            \"adaptiveHeight\" : true,\n            \"dragThreshold\" : 10,\n            \"percentPosition\": true,\n            \"pageDots\": false,\n            \"rightToLeft\": false,\n            \"draggable\": true,\n            \"selectedAttraction\": 0.1,\n            \"parallax\" : 0,\n            \"friction\": 0.6        }'\n        >\n        \n\n  <div class=\"banner has-hover\" id=\"banner-2000449104\">\n          <div class=\"banner-inner fill\">\n        <div class=\"banner-bg fill\" >\n            <div class=\"bg fill bg-fill \"><\/div>\n                                    \n                    <\/div>\n\t\t\n        <div class=\"banner-layers container\">\n            <div class=\"fill banner-link\"><\/div>            \n   <div id=\"text-box-1394395374\" class=\"text-box banner-layer hidden x50 md-x10 lg-x10 y50 md-y50 lg-y50 res-text\">\n                     <div data-animate=\"fadeInLeft\">           <div class=\"text-box-content text dark\">\n              \n              <div class=\"text-inner text-center\">\n                  \n<p>\u00dcST<br \/>\nYAPRAKLARDAN<br \/>\nE\u015fsiz Harman<\/p>\n<div class=\"is-divider divider clearfix\" ><\/div>\n<a class=\"button white is-outline\"  >\n    <span>\u00dcR\u00dcNLER\u0130 \u0130NCELE<\/span>\n  <\/a>\n\n              <\/div>\n           <\/div>\n       <\/div>                     \n<style>\n#text-box-1394395374 {\n  width: 85%;\n}\n#text-box-1394395374 .text-box-content {\n  font-size: 100%;\n}\n@media (min-width:550px) {\n  #text-box-1394395374 {\n    width: 40%;\n  }\n}\n<\/style>\n    <\/div>\n \n        <\/div>\n      <\/div>\n\n            \n<style>\n#banner-2000449104 {\n  padding-top: 300px;\n  background-color: rgb(0, 0, 0);\n}\n#banner-2000449104 .bg.bg-loaded {\n  background-image: url(https:\/\/akdispractico.com\/wp-content\/uploads\/2021\/04\/Akdis\u0327-practico-tek-kullanimlik-dis\u0327-firc\u0327asi-imalat.jpeg);\n}\n#banner-2000449104 .bg {\n  background-position: 36% 25%;\n}\n#banner-2000449104 .ux-shape-divider--top svg {\n  height: 150px;\n  --divider-top-width: 100%;\n}\n#banner-2000449104 .ux-shape-divider--bottom svg {\n  height: 150px;\n  --divider-width: 100%;\n}\n<\/style>\n  <\/div>\n\n\n     <\/div>\n\n     <div class=\"loading-spin dark large centered\"><\/div>\n\n     \t<\/div>\n\n\n\t\t<\/div>\n\t\t\t\t\t<\/div>\n\n\t\n<\/div>\n<div class=\"row row-collapse align-center\"  id=\"row-679837543\">\n\n\t<div id=\"col-1629161566\" class=\"col medium-3 small-12 large-3\"  >\n\t\t\t\t<div class=\"col-inner\"  >\n\t\t\t\n\t\t\t\n\n  <div class=\"banner has-hover\" id=\"banner-1165025769\">\n          <div class=\"banner-inner fill\">\n        <div class=\"banner-bg fill\" >\n            <div class=\"bg fill bg-fill \"><\/div>\n                                    \n\t<div class=\"is-border hover-zoom\"\n\t\tstyle=\"border-color:rgb(255, 255, 255);border-width:8px 8px 8px 8px;\">\n\t<\/div>\n                    <\/div>\n\t\t\n        <div class=\"banner-layers container\">\n            <div class=\"fill banner-link\"><\/div>            \n   <div id=\"text-box-343286596\" class=\"text-box banner-layer x50 md-x50 lg-x50 y50 md-y50 lg-y50 res-text\">\n                     <div data-animate=\"none\">           <div class=\"text-box-content text dark\">\n              \n              <div class=\"text-inner text-center\">\n                  \n\t<div id=\"text-4034130953\" class=\"text\">\n\t\t\n<p><strong>BAY\u0130L\u0130K<\/strong><\/p>\n\t\t\n<style>\n#text-4034130953 {\n  font-size: 1.75rem;\n}\n@media (min-width:850px) {\n  #text-4034130953 {\n    font-size: 2rem;\n  }\n}\n<\/style>\n\t<\/div>\n\t\n              <\/div>\n           <\/div>\n       <\/div>                     \n<style>\n#text-box-343286596 {\n  width: 80%;\n}\n#text-box-343286596 .text-box-content {\n  font-size: 65%;\n}\n@media (min-width:550px) {\n  #text-box-343286596 {\n    width: 70%;\n  }\n  #text-box-343286596 .text-box-content {\n    font-size: 80%;\n  }\n}\n@media (min-width:850px) {\n  #text-box-343286596 .text-box-content {\n    font-size: 100%;\n  }\n}\n<\/style>\n    <\/div>\n \n        <\/div>\n      <\/div>\n\n            \n<style>\n#banner-1165025769 {\n  padding-top: 150px;\n  background-color: rgb(67, 116, 159);\n}\n#banner-1165025769 .ux-shape-divider--top svg {\n  height: 150px;\n  --divider-top-width: 100%;\n}\n#banner-1165025769 .ux-shape-divider--bottom svg {\n  height: 150px;\n  --divider-width: 100%;\n}\n@media (min-width:550px) {\n  #banner-1165025769 {\n    padding-top: 200px;\n  }\n}\n@media (min-width:850px) {\n  #banner-1165025769 {\n    padding-top: 250px;\n  }\n}\n<\/style>\n  <\/div>\n\n\n\t\t<\/div>\n\t\t\t\t\n<style>\n#col-1629161566 > .col-inner {\n  padding: 10px 10px 10px 10px;\n  margin: -100px 0px 0px 0px;\n}\n<\/style>\n\t<\/div>\n\n\t\n\n\t<div id=\"col-873768457\" class=\"col medium-9 small-12 large-9\"  >\n\t\t\t\t<div class=\"col-inner text-center\" style=\"background-color:rgb(244, 244, 244);\" >\n\t\t\t\n\t\t\t\n<div class=\"container section-title-container\" ><h3 class=\"section-title section-title-center\"><b><\/b><span class=\"section-title-main\" style=\"color:rgb(51, 51, 51);\">Akdi\u015f practico bayilik formu<\/span><b><\/b><\/h3><\/div>\n<p>Sizde i\u015f ortaklar\u0131m\u0131zdan olmak isterseniz bize ula\u015fman\u0131z yeterli.<\/p>\n<p>\u00a0<\/p>\n<div id=\"quform-975ebc\" class=\"quform quform-1 quform-theme-light quform-support-page-caching\"><form id=\"quform-form-975ebc\" class=\"quform-form quform-form-1\" action=\"\/ru\/wp-json\/wp\/v2\/pages\/646#quform-975ebc\" method=\"post\" enctype=\"multipart\/form-data\" novalidate=\"novalidate\" data-options=\"{&quot;id&quot;:1,&quot;uniqueId&quot;:&quot;975ebc&quot;,&quot;theme&quot;:&quot;light&quot;,&quot;ajax&quot;:true,&quot;logic&quot;:{&quot;logic&quot;:[],&quot;dependents&quot;:[],&quot;elementIds&quot;:[],&quot;dependentElementIds&quot;:[],&quot;animate&quot;:true},&quot;currentPageId&quot;:1,&quot;errorsIcon&quot;:&quot;&quot;,&quot;updateFancybox&quot;:true,&quot;hasPages&quot;:false,&quot;pages&quot;:[1],&quot;pageProgressType&quot;:&quot;tabs&quot;,&quot;tooltipsEnabled&quot;:true,&quot;tooltipClasses&quot;:&quot;qtip-quform-dark qtip-shadow&quot;,&quot;tooltipMy&quot;:&quot;left center&quot;,&quot;tooltipAt&quot;:&quot;right center&quot;,&quot;scrollOffset&quot;:-50,&quot;scrollSpeed&quot;:800}\"><button class=\"quform-default-submit\" name=\"quform_submit\" type=\"submit\" value=\"submit\"><\/button><div class=\"quform-form-inner quform-form-inner-1\"><input type=\"hidden\" name=\"quform_form_id\" value=\"1\" \/><input type=\"hidden\" name=\"quform_form_uid\" value=\"975ebc\" \/><input type=\"hidden\" name=\"quform_count\" value=\"1\" \/><input type=\"hidden\" name=\"form_url\" value=\"https:\/\/akdispractico.com\/ru\/wp-json\/wp\/v2\/pages\/646\" \/><input type=\"hidden\" name=\"referring_url\" value=\"\" \/><input type=\"hidden\" name=\"post_id\" value=\"\" \/><input type=\"hidden\" name=\"post_title\" value=\"\" \/><input type=\"hidden\" name=\"quform_current_page_id\" value=\"1\" \/><input type=\"hidden\" name=\"quform_csrf_token\" value=\"PDgzulocAlP6JjLXtAO9J9H5u8MO9hlF9uWzsEaK\" \/><div class=\"quform-elements quform-elements-1 quform-cf quform-responsive-elements-phone-portrait\"><div class=\"quform-element quform-element-page quform-page-1 quform-page-1_1 quform-cf quform-group-style-plain quform-first-page quform-last-page quform-current-page\"><div class=\"quform-child-elements\"><div class=\"quform-element quform-element-text quform-element-1_45 quform-cf quform-labels-inside quform-element-required\"><div class=\"quform-spacer\"><div class=\"quform-label quform-label-1_45\"><label class=\"quform-label-text\" for=\"quform_1_45_975ebc\">Ad\u0131n\u0131z Soyad\u0131n\u0131z<span class=\"quform-required\">*<\/span><\/label><\/div><div class=\"quform-inner quform-inner-text quform-inner-1_45\"><div class=\"quform-input quform-input-text quform-input-1_45 quform-cf quform-has-field-icon-left\"><input type=\"text\" id=\"quform_1_45_975ebc\" name=\"quform_1_45\" class=\"quform-field quform-field-text quform-field-1_45\" \/><span class=\"quform-field-icon quform-field-icon-left\"><i class=\"fa fa-user\"><\/i><\/span><\/div><\/div><\/div><\/div><div class=\"quform-element quform-element-email quform-element-1_56 quform-cf quform-labels-inside quform-element-required\"><div class=\"quform-spacer\"><div class=\"quform-label quform-label-1_56\"><label class=\"quform-label-text\" for=\"quform_1_56_975ebc\">E-Posta Adresiniz<span class=\"quform-required\">*<\/span><\/label><\/div><div class=\"quform-inner quform-inner-email quform-inner-1_56\"><div class=\"quform-input quform-input-email quform-input-1_56 quform-cf quform-has-field-icon-left\"><input type=\"email\" id=\"quform_1_56_975ebc\" name=\"quform_1_56\" class=\"quform-field quform-field-email quform-field-1_56\" \/><span class=\"quform-field-icon quform-field-icon-left\"><i class=\"fa fa-envelope-o\"><\/i><\/span><\/div><\/div><\/div><\/div><div class=\"quform-element quform-element-text quform-element-1_7 quform-cf quform-labels-inside quform-element-required\"><div class=\"quform-spacer\"><div class=\"quform-label quform-label-1_7\"><label class=\"quform-label-text\" for=\"quform_1_7_975ebc\">Telefon Numaran\u0131z<span class=\"quform-required\">*<\/span><\/label><\/div><div class=\"quform-inner quform-inner-text quform-inner-1_7\"><div class=\"quform-input quform-input-text quform-input-1_7 quform-cf quform-has-field-icon-left\"><input type=\"text\" id=\"quform_1_7_975ebc\" name=\"quform_1_7\" class=\"quform-field quform-field-text quform-field-1_7\" maxlength=\"17\" \/><span class=\"quform-field-icon quform-field-icon-left\"><i class=\"fa fa-phone\"><\/i><\/span><\/div><\/div><\/div><\/div><div class=\"quform-element quform-element-textarea quform-element-1_57 quform-cf quform-labels-inside quform-element-required\"><div class=\"quform-spacer\"><div class=\"quform-label quform-label-1_57\"><label class=\"quform-label-text\" for=\"quform_1_57_975ebc\">Talebiniz<span class=\"quform-required\">*<\/span><\/label><\/div><div class=\"quform-inner quform-inner-textarea quform-inner-1_57\"><div class=\"quform-input quform-input-textarea quform-input-1_57 quform-cf quform-has-field-icon-left\"><textarea id=\"quform_1_57_975ebc\" name=\"quform_1_57\" class=\"quform-field quform-field-textarea quform-field-1_57\"><\/textarea><span class=\"quform-field-icon quform-field-icon-left\"><i class=\"fa fa-pencil-square-o\"><\/i><\/span><\/div><\/div><\/div><\/div><div class=\"quform-element quform-element-submit quform-element-1_2 quform-cf quform-button-style-bootstrap quform-button-size-slim quform-button-width-full\"><div class=\"quform-button-submit quform-button-submit-default quform-button-submit-1_2 quform-button-icon-right\"><button name=\"quform_submit\" type=\"submit\" class=\"quform-submit\" value=\"submit\"><span class=\"quform-button-text quform-button-submit-text\">G\u00f6nder<\/span><span class=\"quform-button-icon quform-button-submit-icon\"><i class=\"qicon-send\"><\/i><\/span><\/button><\/div><div class=\"quform-loading quform-loading-position-left quform-loading-type-spinner-1\"><div class=\"quform-loading-inner\"><div class=\"quform-loading-spinner\"><div class=\"quform-loading-spinner-inner\"><\/div><\/div><\/div><\/div><\/div><div class=\"quform-element-tree\"><label for=\"quform_1_0_975ebc\">This field should be left blank<\/label><input type=\"text\" id=\"quform_1_0_975ebc\" name=\"quform_1_0\" class=\"quform-field quform-field-tree quform-field-1_0\" tabindex=\"-1\" autocomplete=\"off\" \/><\/div><\/div><\/div><\/div><\/div><\/form><\/div>\n\t\t<\/div>\n\t\t\t\t\n<style>\n#col-873768457 > .col-inner {\n  padding: 30px 30px 30px 30px;\n}\n<\/style>\n\t<\/div>\n\n\t\n<\/div>\n\t<div id=\"gap-894623183\" class=\"gap-element clearfix\" style=\"display:block; height:auto;\">\n\t\t\n<style>\n#gap-894623183 {\n  padding-top: 10px;\n}\n<\/style>\n\t<\/div>\n\t\n\t<div id=\"gap-1216205873\" class=\"gap-element clearfix\" style=\"display:block; height:auto;\">\n\t\t\n<style>\n#gap-1216205873 {\n  padding-top: 10px;\n}\n<\/style>\n\t<\/div>\n\t\n\t<div id=\"gap-304415499\" class=\"gap-element clearfix\" style=\"display:block; height:auto;\">\n\t\t\n<style>\n#gap-304415499 {\n  padding-top: 123px;\n}\n<\/style>\n\t<\/div>\n\t\n","protected":false},"excerpt":{"rendered":"","protected":false},"author":1,"featured_media":0,"parent":0,"menu_order":0,"comment_status":"closed","ping_status":"closed","template":"","meta":{"footnotes":""},"class_list":["post-646","page","type-page","status-publish","hentry"],"yoast_head":"<!-- This site is optimized with the Yoast SEO plugin v26.6 - https:\/\/yoast.com\/wordpress\/plugins\/seo\/ -->\n<title>\u0414\u0438\u043b\u0435\u0440\u0441\u043a\u0438\u0439 \u0446\u0435\u043d\u0442\u0440<\/title>\n<meta name=\"robots\" content=\"index, follow, max-snippet:-1, max-image-preview:large, max-video-preview:-1\" \/>\n<link rel=\"canonical\" href=\"https:\/\/akdispractico.com\/ru\/bayilik\/\" \/>\n<meta property=\"og:locale\" content=\"ru_RU\" \/>\n<meta property=\"og:locale:alternate\" content=\"tr_TR\" \/>\n<meta property=\"og:locale:alternate\" content=\"en_US\" \/>\n<meta property=\"og:locale:alternate\" content=\"cn_CN\" \/>\n<meta property=\"og:locale:alternate\" content=\"bg_BG\" \/>\n<meta property=\"og:type\" content=\"article\" \/>\n<meta property=\"og:title\" content=\"\u0414\u0438\u043b\u0435\u0440\u0441\u043a\u0438\u0439 \u0446\u0435\u043d\u0442\u0440\" \/>\n<meta property=\"og:url\" content=\"https:\/\/akdispractico.com\/ru\/bayilik\/\" \/>\n<meta property=\"og:site_name\" content=\"Akdi\u015f Practico\" \/>\n<meta property=\"article:publisher\" content=\"https:\/\/www.facebook.com\/akdispractico\" \/>\n<meta property=\"article:modified_time\" content=\"2021-05-07T12:47:04+00:00\" \/>\n<meta property=\"og:image\" content=\"https:\/\/akdispractico.com\/wp-content\/uploads\/2021\/03\/Akdis\u0327-tek-kullanimlik-Dis\u0327-Firc\u0327asi.jpg\" \/>\n\t<meta property=\"og:image:width\" content=\"1250\" \/>\n\t<meta property=\"og:image:height\" content=\"649\" \/>\n\t<meta property=\"og:image:type\" content=\"image\/jpeg\" \/>\n<meta name=\"twitter:card\" content=\"summary_large_image\" \/>\n<meta name=\"twitter:label1\" content=\"\u041f\u0440\u0438\u043c\u0435\u0440\u043d\u043e\u0435 \u0432\u0440\u0435\u043c\u044f \u0434\u043b\u044f \u0447\u0442\u0435\u043d\u0438\u044f\" \/>\n\t<meta name=\"twitter:data1\" content=\"2 \u043c\u0438\u043d\u0443\u0442\u044b\" \/>\n<script type=\"application\/ld+json\" class=\"yoast-schema-graph\">{\"@context\":\"https:\/\/schema.org\",\"@graph\":[{\"@type\":\"WebPage\",\"@id\":\"https:\/\/akdispractico.com\/bayilik\/\",\"url\":\"https:\/\/akdispractico.com\/bayilik\/\",\"name\":\"\u0414\u0438\u043b\u0435\u0440\u0441\u043a\u0438\u0439 \u0446\u0435\u043d\u0442\u0440\",\"isPartOf\":{\"@id\":\"https:\/\/akdispractico.com\/#website\"},\"datePublished\":\"2021-03-21T20:15:51+00:00\",\"dateModified\":\"2021-05-07T12:47:04+00:00\",\"breadcrumb\":{\"@id\":\"https:\/\/akdispractico.com\/bayilik\/#breadcrumb\"},\"inLanguage\":\"ru-RU\",\"potentialAction\":[{\"@type\":\"ReadAction\",\"target\":[\"https:\/\/akdispractico.com\/bayilik\/\"]}]},{\"@type\":\"BreadcrumbList\",\"@id\":\"https:\/\/akdispractico.com\/bayilik\/#breadcrumb\",\"itemListElement\":[{\"@type\":\"ListItem\",\"position\":1,\"name\":\"Anasayfa\",\"item\":\"https:\/\/akdispractico.com\/\"},{\"@type\":\"ListItem\",\"position\":2,\"name\":\"Bayilik\"}]},{\"@type\":\"WebSite\",\"@id\":\"https:\/\/akdispractico.com\/#website\",\"url\":\"https:\/\/akdispractico.com\/\",\"name\":\"Akdi\u015f Practico\",\"description\":\"Tek Kullan\u0131ml\u0131k Kendinden Macunlu Di\u015f F\u0131r\u00e7as\u0131\",\"publisher\":{\"@id\":\"https:\/\/akdispractico.com\/#organization\"},\"alternateName\":\"Akdi\u015f\",\"potentialAction\":[{\"@type\":\"SearchAction\",\"target\":{\"@type\":\"EntryPoint\",\"urlTemplate\":\"https:\/\/akdispractico.com\/?s={search_term_string}\"},\"query-input\":{\"@type\":\"PropertyValueSpecification\",\"valueRequired\":true,\"valueName\":\"search_term_string\"}}],\"inLanguage\":\"ru-RU\"},{\"@type\":\"Organization\",\"@id\":\"https:\/\/akdispractico.com\/#organization\",\"name\":\"Akdi\u015f Practico Tek Kullan\u0131ml\u0131k Di\u015f F\u0131r\u00e7alar\u0131\",\"alternateName\":\"Akdi\u015f Practico\",\"url\":\"https:\/\/akdispractico.com\/\",\"logo\":{\"@type\":\"ImageObject\",\"inLanguage\":\"ru-RU\",\"@id\":\"https:\/\/akdispractico.com\/#\/schema\/logo\/image\/\",\"url\":\"https:\/\/akdispractico.com\/wp-content\/uploads\/2021\/04\/Kendinden-macunlu-tek-kullanimlik-dis\u0327-firc\u0327asi-kopya.png\",\"contentUrl\":\"https:\/\/akdispractico.com\/wp-content\/uploads\/2021\/04\/Kendinden-macunlu-tek-kullanimlik-dis\u0327-firc\u0327asi-kopya.png\",\"width\":1000,\"height\":1000,\"caption\":\"Akdi\u015f Practico Tek Kullan\u0131ml\u0131k Di\u015f F\u0131r\u00e7alar\u0131\"},\"image\":{\"@id\":\"https:\/\/akdispractico.com\/#\/schema\/logo\/image\/\"},\"sameAs\":[\"https:\/\/www.facebook.com\/akdispractico\",\"https:\/\/www.instagram.com\/akdispractico_tr\/\",\"https:\/\/www.youtube.com\/channel\/UC-F63iuS451Mw_xEBlh72fg\"]}]}<\/script>\n<!-- \/ Yoast SEO plugin. -->","yoast_head_json":{"title":"\u0414\u0438\u043b\u0435\u0440\u0441\u043a\u0438\u0439 \u0446\u0435\u043d\u0442\u0440","robots":{"index":"index","follow":"follow","max-snippet":"max-snippet:-1","max-image-preview":"max-image-preview:large","max-video-preview":"max-video-preview:-1"},"canonical":"https:\/\/akdispractico.com\/ru\/bayilik\/","og_locale":"ru_RU","og_type":"article","og_title":"[:tr]Bayilik[:en]Dealership[:cn]\u7ecf\u9500\u6743[:ru]\u0414\u0438\u043b\u0435\u0440\u0441\u043a\u0438\u0439 \u0446\u0435\u043d\u0442\u0440[:] | Akdi\u015f Practico","og_url":"https:\/\/akdispractico.com\/ru\/bayilik\/","og_site_name":"Akdi\u015f Practico","article_publisher":"https:\/\/www.facebook.com\/akdispractico","article_modified_time":"2021-05-07T12:47:04+00:00","og_image":[{"width":1250,"height":649,"url":"https:\/\/akdispractico.com\/wp-content\/uploads\/2021\/03\/Akdis\u0327-tek-kullanimlik-Dis\u0327-Firc\u0327asi.jpg","type":"image\/jpeg"}],"twitter_card":"summary_large_image","twitter_misc":{"\u041f\u0440\u0438\u043c\u0435\u0440\u043d\u043e\u0435 \u0432\u0440\u0435\u043c\u044f \u0434\u043b\u044f \u0447\u0442\u0435\u043d\u0438\u044f":"2 \u043c\u0438\u043d\u0443\u0442\u044b"},"schema":{"@context":"https:\/\/schema.org","@graph":[{"@type":"WebPage","@id":"https:\/\/akdispractico.com\/bayilik\/","url":"https:\/\/akdispractico.com\/bayilik\/","name":"\u0414\u0438\u043b\u0435\u0440\u0441\u043a\u0438\u0439 \u0446\u0435\u043d\u0442\u0440","isPartOf":{"@id":"https:\/\/akdispractico.com\/#website"},"datePublished":"2021-03-21T20:15:51+00:00","dateModified":"2021-05-07T12:47:04+00:00","breadcrumb":{"@id":"https:\/\/akdispractico.com\/bayilik\/#breadcrumb"},"inLanguage":"ru-RU","potentialAction":[{"@type":"ReadAction","target":["https:\/\/akdispractico.com\/bayilik\/"]}]},{"@type":"BreadcrumbList","@id":"https:\/\/akdispractico.com\/bayilik\/#breadcrumb","itemListElement":[{"@type":"ListItem","position":1,"name":"Anasayfa","item":"https:\/\/akdispractico.com\/"},{"@type":"ListItem","position":2,"name":"Bayilik"}]},{"@type":"WebSite","@id":"https:\/\/akdispractico.com\/#website","url":"https:\/\/akdispractico.com\/","name":"Akdi\u015f Practico","description":"Tek Kullan\u0131ml\u0131k Kendinden Macunlu Di\u015f F\u0131r\u00e7as\u0131","publisher":{"@id":"https:\/\/akdispractico.com\/#organization"},"alternateName":"Akdi\u015f","potentialAction":[{"@type":"SearchAction","target":{"@type":"EntryPoint","urlTemplate":"https:\/\/akdispractico.com\/?s={search_term_string}"},"query-input":{"@type":"PropertyValueSpecification","valueRequired":true,"valueName":"search_term_string"}}],"inLanguage":"ru-RU"},{"@type":"Organization","@id":"https:\/\/akdispractico.com\/#organization","name":"Akdi\u015f Practico Tek Kullan\u0131ml\u0131k Di\u015f F\u0131r\u00e7alar\u0131","alternateName":"Akdi\u015f Practico","url":"https:\/\/akdispractico.com\/","logo":{"@type":"ImageObject","inLanguage":"ru-RU","@id":"https:\/\/akdispractico.com\/#\/schema\/logo\/image\/","url":"https:\/\/akdispractico.com\/wp-content\/uploads\/2021\/04\/Kendinden-macunlu-tek-kullanimlik-dis\u0327-firc\u0327asi-kopya.png","contentUrl":"https:\/\/akdispractico.com\/wp-content\/uploads\/2021\/04\/Kendinden-macunlu-tek-kullanimlik-dis\u0327-firc\u0327asi-kopya.png","width":1000,"height":1000,"caption":"Akdi\u015f Practico Tek Kullan\u0131ml\u0131k Di\u015f F\u0131r\u00e7alar\u0131"},"image":{"@id":"https:\/\/akdispractico.com\/#\/schema\/logo\/image\/"},"sameAs":["https:\/\/www.facebook.com\/akdispractico","https:\/\/www.instagram.com\/akdispractico_tr\/","https:\/\/www.youtube.com\/channel\/UC-F63iuS451Mw_xEBlh72fg"]}]}},"_links":{"self":[{"href":"https:\/\/akdispractico.com\/ru\/wp-json\/wp\/v2\/pages\/646","targetHints":{"allow":["GET"]}}],"collection":[{"href":"https:\/\/akdispractico.com\/ru\/wp-json\/wp\/v2\/pages"}],"about":[{"href":"https:\/\/akdispractico.com\/ru\/wp-json\/wp\/v2\/types\/page"}],"author":[{"embeddable":true,"href":"https:\/\/akdispractico.com\/ru\/wp-json\/wp\/v2\/users\/1"}],"replies":[{"embeddable":true,"href":"https:\/\/akdispractico.com\/ru\/wp-json\/wp\/v2\/comments?post=646"}],"version-history":[{"count":8,"href":"https:\/\/akdispractico.com\/ru\/wp-json\/wp\/v2\/pages\/646\/revisions"}],"predecessor-version":[{"id":1424,"href":"https:\/\/akdispractico.com\/ru\/wp-json\/wp\/v2\/pages\/646\/revisions\/1424"}],"wp:attachment":[{"href":"https:\/\/akdispractico.com\/ru\/wp-json\/wp\/v2\/media?parent=646"}],"curies":[{"name":"wp","href":"https:\/\/api.w.org\/{rel}","templated":true}]}}