{"id":580,"date":"2020-07-22T22:53:30","date_gmt":"2020-07-22T19:53:30","guid":{"rendered":"https:\/\/dirimgrup.com\/?page_id=580"},"modified":"2021-05-07T15:46:09","modified_gmt":"2021-05-07T12:46:09","slug":"videolar","status":"publish","type":"page","link":"https:\/\/akdispractico.com\/en\/videolar\/","title":{"rendered":"Videos"},"content":{"rendered":"<div class=\"row row-small row-box-shadow-4-hover\"  id=\"row-1758203958\">\n\n\t<div id=\"col-2095262084\" class=\"col medium-6 small-12 large-6\"  >\n\t\t\t\t<div class=\"col-inner\"  >\n\t\t\t\n\t\t\t\n<div class=\"video video-fit mb\" style=\"padding-top:56.25%;\"><p><iframe loading=\"lazy\" title=\"Tu\u0308rk bulus\u0327u Tek kullan\u0131ml\u0131k dis\u0327 macunlu f\u0131rc\u0327a\" width=\"1020\" height=\"765\" src=\"https:\/\/www.youtube.com\/embed\/LUMAcb3kutw?feature=oembed\" frameborder=\"0\" allow=\"accelerometer; autoplay; clipboard-write; encrypted-media; gyroscope; picture-in-picture\" allowfullscreen><\/iframe><\/p>\n<\/div>\n\t<div id=\"text-4192805404\" class=\"text\">\n\t\t\n<p>T\u00fcrk bulu\u015fu tek kullan\u0131ml\u0131k di\u015f macunlu f\u0131r\u00e7a<br \/><strong>NTV<\/strong><\/p>\n\t\t\n<style>\n#text-4192805404 {\n  font-size: 1rem;\n  line-height: 1.5;\n  text-align: center;\n}\n<\/style>\n\t<\/div>\n\t\n\t\t<\/div>\n\t\t\t\t\n<style>\n#col-2095262084 > .col-inner {\n  border-radius: 10px;\n}\n<\/style>\n\t<\/div>\n\n\t\n\n\t<div id=\"col-1580024557\" class=\"col medium-6 small-12 large-6\"  >\n\t\t\t\t<div class=\"col-inner\"  >\n\t\t\t\n\t\t\t\n<div class=\"video video-fit mb\" style=\"padding-top:56.25%;\"><p><iframe loading=\"lazy\" title=\"Tek kullan\u0131ml\u0131k kendinden macunlu dis\u0327 f\u0131rc\u0327as\u0131 u\u0308retildi\" width=\"1020\" height=\"574\" src=\"https:\/\/www.youtube.com\/embed\/lYaKmRVdx6k?feature=oembed\" frameborder=\"0\" allow=\"accelerometer; autoplay; clipboard-write; encrypted-media; gyroscope; picture-in-picture\" allowfullscreen><\/iframe><\/p>\n<\/div>\n\t<div id=\"text-4145591033\" class=\"text\">\n\t\t\n<p>Tek kullan\u0131ml\u0131k kendinden macunlu di\u015f f\u0131r\u00e7as\u0131 \u00fcretildi.<br \/><strong>A HABER<\/strong><\/p>\n\t\t\n<style>\n#text-4145591033 {\n  font-size: 1rem;\n  line-height: 1.5;\n  text-align: center;\n}\n<\/style>\n\t<\/div>\n\t\n\t\t<\/div>\n\t\t\t\t\n<style>\n#col-1580024557 > .col-inner {\n  border-radius: 10px;\n}\n<\/style>\n\t<\/div>\n\n\t\n\n<style>\n#row-1758203958 > .col > .col-inner {\n  padding: 30px 30px 30px 30px;\n  background-color: rgb(255,255,255);\n}\n<\/style>\n<\/div>\n<div class=\"row row-small row-box-shadow-4-hover\"  id=\"row-2062731939\">\n\n\t<div id=\"col-1556017068\" class=\"col medium-6 small-12 large-6\"  >\n\t\t\t\t<div class=\"col-inner\"  >\n\t\t\t\n\t\t\t\n<div class=\"video video-fit mb\" style=\"padding-top:56.25%;\"><p><iframe loading=\"lazy\" title=\"Tu\u0308rk I\u0307s\u0327 Adam\u0131 Uc\u0327akta Kes\u0327fettig\u0306i Tek Kullan\u0131ml\u0131k Dis\u0327 F\u0131rc\u0327as\u0131n\u0131 18 U\u0308lkeye Sat\u0131yor\" width=\"1020\" height=\"574\" src=\"https:\/\/www.youtube.com\/embed\/iBV0tBDqhP4?feature=oembed\" frameborder=\"0\" allow=\"accelerometer; autoplay; clipboard-write; encrypted-media; gyroscope; picture-in-picture\" allowfullscreen><\/iframe><\/p>\n<\/div>\n\t<div id=\"text-2872520422\" class=\"text\">\n\t\t\n<p>T\u00fcrk \u0130\u015f Adam\u0131 U\u00e7akta Ke\u015ffetti\u011fi Tek Kullan\u0131ml\u0131k Di\u015f F\u0131r\u00e7as\u0131n\u0131 18 \u00dclkeye Sat\u0131yor.<br \/><strong>haberler.com<\/strong><\/p>\n\t\t\n<style>\n#text-2872520422 {\n  font-size: 1rem;\n  line-height: 1.5;\n  text-align: center;\n}\n<\/style>\n\t<\/div>\n\t\n\t\t<\/div>\n\t\t\t\t\n<style>\n#col-1556017068 > .col-inner {\n  border-radius: 10px;\n}\n<\/style>\n\t<\/div>\n\n\t\n\n<style>\n#row-2062731939 > .col > .col-inner {\n  padding: 30px 30px 30px 30px;\n  background-color: rgb(255,255,255);\n}\n<\/style>\n<\/div>\n","protected":false},"excerpt":{"rendered":"","protected":false},"author":1,"featured_media":0,"parent":0,"menu_order":0,"comment_status":"closed","ping_status":"closed","template":"page-blank-title-center.php","meta":{"footnotes":""},"class_list":["post-580","page","type-page","status-publish","hentry"],"yoast_head":"<!-- This site is optimized with the Yoast SEO plugin v26.6 - https:\/\/yoast.com\/wordpress\/plugins\/seo\/ -->\n<title>Videos<\/title>\n<meta name=\"robots\" content=\"index, follow, max-snippet:-1, max-image-preview:large, max-video-preview:-1\" \/>\n<link rel=\"canonical\" href=\"https:\/\/akdispractico.com\/en\/videolar\/\" \/>\n<meta property=\"og:locale\" content=\"en_US\" \/>\n<meta property=\"og:locale:alternate\" content=\"tr_TR\" \/>\n<meta property=\"og:locale:alternate\" content=\"cn_CN\" \/>\n<meta property=\"og:locale:alternate\" content=\"ru_RU\" \/>\n<meta property=\"og:locale:alternate\" content=\"bg_BG\" \/>\n<meta property=\"og:type\" content=\"article\" \/>\n<meta property=\"og:title\" content=\"Videos\" \/>\n<meta property=\"og:url\" content=\"https:\/\/akdispractico.com\/en\/videolar\/\" \/>\n<meta property=\"og:site_name\" content=\"Akdi\u015f Practico\" \/>\n<meta property=\"article:publisher\" content=\"https:\/\/www.facebook.com\/akdispractico\" \/>\n<meta property=\"article:modified_time\" content=\"2021-05-07T12:46:09+00:00\" \/>\n<meta property=\"og:image\" content=\"https:\/\/akdispractico.com\/wp-content\/uploads\/2021\/03\/Akdis\u0327-tek-kullanimlik-Dis\u0327-Firc\u0327asi.jpg\" \/>\n\t<meta property=\"og:image:width\" content=\"1250\" \/>\n\t<meta property=\"og:image:height\" content=\"649\" \/>\n\t<meta property=\"og:image:type\" content=\"image\/jpeg\" \/>\n<meta name=\"twitter:card\" content=\"summary_large_image\" \/>\n<meta name=\"twitter:label1\" content=\"Est. reading time\" \/>\n\t<meta name=\"twitter:data1\" content=\"2 minutes\" \/>\n<script type=\"application\/ld+json\" class=\"yoast-schema-graph\">{\"@context\":\"https:\/\/schema.org\",\"@graph\":[{\"@type\":\"WebPage\",\"@id\":\"https:\/\/akdispractico.com\/cn\/videolar\/\",\"url\":\"https:\/\/akdispractico.com\/cn\/videolar\/\",\"name\":\"Videos\",\"isPartOf\":{\"@id\":\"https:\/\/akdispractico.com\/#website\"},\"datePublished\":\"2020-07-22T19:53:30+00:00\",\"dateModified\":\"2021-05-07T12:46:09+00:00\",\"breadcrumb\":{\"@id\":\"https:\/\/akdispractico.com\/cn\/videolar\/#breadcrumb\"},\"inLanguage\":\"en-US\",\"potentialAction\":[{\"@type\":\"ReadAction\",\"target\":[\"https:\/\/akdispractico.com\/cn\/videolar\/\"]}]},{\"@type\":\"BreadcrumbList\",\"@id\":\"https:\/\/akdispractico.com\/cn\/videolar\/#breadcrumb\",\"itemListElement\":[{\"@type\":\"ListItem\",\"position\":1,\"name\":\"Anasayfa\",\"item\":\"https:\/\/akdispractico.com\/\"},{\"@type\":\"ListItem\",\"position\":2,\"name\":\"\u5f71\u7247\"}]},{\"@type\":\"WebSite\",\"@id\":\"https:\/\/akdispractico.com\/#website\",\"url\":\"https:\/\/akdispractico.com\/\",\"name\":\"Akdi\u015f Practico\",\"description\":\"Tek Kullan\u0131ml\u0131k Kendinden Macunlu Di\u015f F\u0131r\u00e7as\u0131\",\"publisher\":{\"@id\":\"https:\/\/akdispractico.com\/#organization\"},\"alternateName\":\"Akdi\u015f\",\"potentialAction\":[{\"@type\":\"SearchAction\",\"target\":{\"@type\":\"EntryPoint\",\"urlTemplate\":\"https:\/\/akdispractico.com\/?s={search_term_string}\"},\"query-input\":{\"@type\":\"PropertyValueSpecification\",\"valueRequired\":true,\"valueName\":\"search_term_string\"}}],\"inLanguage\":\"en-US\"},{\"@type\":\"Organization\",\"@id\":\"https:\/\/akdispractico.com\/#organization\",\"name\":\"Akdi\u015f Practico Tek Kullan\u0131ml\u0131k Di\u015f F\u0131r\u00e7alar\u0131\",\"alternateName\":\"Akdi\u015f Practico\",\"url\":\"https:\/\/akdispractico.com\/\",\"logo\":{\"@type\":\"ImageObject\",\"inLanguage\":\"en-US\",\"@id\":\"https:\/\/akdispractico.com\/#\/schema\/logo\/image\/\",\"url\":\"https:\/\/akdispractico.com\/wp-content\/uploads\/2021\/04\/Kendinden-macunlu-tek-kullanimlik-dis\u0327-firc\u0327asi-kopya.png\",\"contentUrl\":\"https:\/\/akdispractico.com\/wp-content\/uploads\/2021\/04\/Kendinden-macunlu-tek-kullanimlik-dis\u0327-firc\u0327asi-kopya.png\",\"width\":1000,\"height\":1000,\"caption\":\"Akdi\u015f Practico Tek Kullan\u0131ml\u0131k Di\u015f F\u0131r\u00e7alar\u0131\"},\"image\":{\"@id\":\"https:\/\/akdispractico.com\/#\/schema\/logo\/image\/\"},\"sameAs\":[\"https:\/\/www.facebook.com\/akdispractico\",\"https:\/\/www.instagram.com\/akdispractico_tr\/\",\"https:\/\/www.youtube.com\/channel\/UC-F63iuS451Mw_xEBlh72fg\"]}]}<\/script>\n<!-- \/ Yoast SEO plugin. -->","yoast_head_json":{"title":"Videos","robots":{"index":"index","follow":"follow","max-snippet":"max-snippet:-1","max-image-preview":"max-image-preview:large","max-video-preview":"max-video-preview:-1"},"canonical":"https:\/\/akdispractico.com\/en\/videolar\/","og_locale":"en_US","og_type":"article","og_title":"[:tr]Videolar[:en]Videos[:cn]\u5f71\u7247[:ru]\u0412\u0438\u0434\u0435\u043e[:] | Akdi\u015f Practico","og_url":"https:\/\/akdispractico.com\/en\/videolar\/","og_site_name":"Akdi\u015f Practico","article_publisher":"https:\/\/www.facebook.com\/akdispractico","article_modified_time":"2021-05-07T12:46:09+00:00","og_image":[{"width":1250,"height":649,"url":"https:\/\/akdispractico.com\/wp-content\/uploads\/2021\/03\/Akdis\u0327-tek-kullanimlik-Dis\u0327-Firc\u0327asi.jpg","type":"image\/jpeg"}],"twitter_card":"summary_large_image","twitter_misc":{"Est. reading time":"2 minutes"},"schema":{"@context":"https:\/\/schema.org","@graph":[{"@type":"WebPage","@id":"https:\/\/akdispractico.com\/cn\/videolar\/","url":"https:\/\/akdispractico.com\/cn\/videolar\/","name":"Videos","isPartOf":{"@id":"https:\/\/akdispractico.com\/#website"},"datePublished":"2020-07-22T19:53:30+00:00","dateModified":"2021-05-07T12:46:09+00:00","breadcrumb":{"@id":"https:\/\/akdispractico.com\/cn\/videolar\/#breadcrumb"},"inLanguage":"en-US","potentialAction":[{"@type":"ReadAction","target":["https:\/\/akdispractico.com\/cn\/videolar\/"]}]},{"@type":"BreadcrumbList","@id":"https:\/\/akdispractico.com\/cn\/videolar\/#breadcrumb","itemListElement":[{"@type":"ListItem","position":1,"name":"Anasayfa","item":"https:\/\/akdispractico.com\/"},{"@type":"ListItem","position":2,"name":"\u5f71\u7247"}]},{"@type":"WebSite","@id":"https:\/\/akdispractico.com\/#website","url":"https:\/\/akdispractico.com\/","name":"Akdi\u015f Practico","description":"Tek Kullan\u0131ml\u0131k Kendinden Macunlu Di\u015f F\u0131r\u00e7as\u0131","publisher":{"@id":"https:\/\/akdispractico.com\/#organization"},"alternateName":"Akdi\u015f","potentialAction":[{"@type":"SearchAction","target":{"@type":"EntryPoint","urlTemplate":"https:\/\/akdispractico.com\/?s={search_term_string}"},"query-input":{"@type":"PropertyValueSpecification","valueRequired":true,"valueName":"search_term_string"}}],"inLanguage":"en-US"},{"@type":"Organization","@id":"https:\/\/akdispractico.com\/#organization","name":"Akdi\u015f Practico Tek Kullan\u0131ml\u0131k Di\u015f F\u0131r\u00e7alar\u0131","alternateName":"Akdi\u015f Practico","url":"https:\/\/akdispractico.com\/","logo":{"@type":"ImageObject","inLanguage":"en-US","@id":"https:\/\/akdispractico.com\/#\/schema\/logo\/image\/","url":"https:\/\/akdispractico.com\/wp-content\/uploads\/2021\/04\/Kendinden-macunlu-tek-kullanimlik-dis\u0327-firc\u0327asi-kopya.png","contentUrl":"https:\/\/akdispractico.com\/wp-content\/uploads\/2021\/04\/Kendinden-macunlu-tek-kullanimlik-dis\u0327-firc\u0327asi-kopya.png","width":1000,"height":1000,"caption":"Akdi\u015f Practico Tek Kullan\u0131ml\u0131k Di\u015f F\u0131r\u00e7alar\u0131"},"image":{"@id":"https:\/\/akdispractico.com\/#\/schema\/logo\/image\/"},"sameAs":["https:\/\/www.facebook.com\/akdispractico","https:\/\/www.instagram.com\/akdispractico_tr\/","https:\/\/www.youtube.com\/channel\/UC-F63iuS451Mw_xEBlh72fg"]}]}},"_links":{"self":[{"href":"https:\/\/akdispractico.com\/en\/wp-json\/wp\/v2\/pages\/580","targetHints":{"allow":["GET"]}}],"collection":[{"href":"https:\/\/akdispractico.com\/en\/wp-json\/wp\/v2\/pages"}],"about":[{"href":"https:\/\/akdispractico.com\/en\/wp-json\/wp\/v2\/types\/page"}],"author":[{"embeddable":true,"href":"https:\/\/akdispractico.com\/en\/wp-json\/wp\/v2\/users\/1"}],"replies":[{"embeddable":true,"href":"https:\/\/akdispractico.com\/en\/wp-json\/wp\/v2\/comments?post=580"}],"version-history":[{"count":35,"href":"https:\/\/akdispractico.com\/en\/wp-json\/wp\/v2\/pages\/580\/revisions"}],"predecessor-version":[{"id":1418,"href":"https:\/\/akdispractico.com\/en\/wp-json\/wp\/v2\/pages\/580\/revisions\/1418"}],"wp:attachment":[{"href":"https:\/\/akdispractico.com\/en\/wp-json\/wp\/v2\/media?parent=580"}],"curies":[{"name":"wp","href":"https:\/\/api.w.org\/{rel}","templated":true}]}}