{"id":1039,"date":"2021-04-03T01:57:23","date_gmt":"2021-04-02T22:57:23","guid":{"rendered":"http:\/\/disposabletoothbrush.net\/?page_id=1039"},"modified":"2021-05-11T13:56:24","modified_gmt":"2021-05-11T10:56:24","slug":"teslimat-ve-iade","status":"publish","type":"page","link":"https:\/\/akdispractico.com\/en\/teslimat-ve-iade\/","title":{"rendered":"Delivery and Returns"},"content":{"rendered":"<div class=\"row\"  id=\"row-1597850071\">\n\n\t<div id=\"col-139546788\" class=\"col small-12 large-12\"  >\n\t\t\t\t<div class=\"col-inner\"  >\n\t\t\t\n\t\t\t\n<h1 style=\"text-align: center;\">Delivery and Returns<\/h1>\n<div class=\"text-center\"><div class=\"is-divider divider clearfix\" style=\"background-color:rgb(0, 131, 212);\"><\/div><\/div>\n<p><span style=\"font-size: 90%;\"><strong>\u00a0<\/strong><\/span><\/p>\n<p>DELIVERY<\/p>\n<ol>\n<li>Your orders placed on akdispractico.com are produced within 15 days at the latest and delivered to the contracted cargo. When purchasing this product, the buyer has accepted the time of delivery.<\/li>\n<\/ol>\n<p>RIGHT TO RETURN<\/p>\n<ol>\n<li>In distance contracts for the sale of goods, the consumer has the right to withdraw from the contract within seven days from the date of receipt of the goods without any justification and without penal terms. It is sufficient to notify the notification of the exercise of the right of withdrawal within this period in writing or with a continuous data carrier.<\/li>\n<li>Unless otherwise agreed by the parties, the consumer does not have the right of withdrawal in the contracts regarding the delivery of goods that are likely to expire or which are not suitable for being sent back by nature and are in danger of deterioration, prepared in line with the consumer&#8217;s wishes or clearly the personal needs of the consumer.<\/li>\n<li>In case the consumer exercises his right of withdrawal, the seller or the provider is obliged to return the total price received and any document that puts the consumer under debt within ten days from the date of receipt of the withdrawal notification without any expense to the consumer, and it is obliged to take back the goods within twenty days.<\/li>\n<li>The decrease in the value of the delivered goods or the existence of a reason that makes it impossible to return does not prevent the right of withdrawal from being exercised. However, if the depreciation or the impossibility of return is due to the consumer&#8217;s fault, consumer must pay the value of the goods or the decrease in value to seller. Changes and deteriorations caused by the habitual use of the goods are not considered to be depreciated.<\/li>\n<\/ol>\n\t\t<\/div>\n\t\t\t\t\t<\/div>\n\n\t\n<\/div>\n<div id=\"gtx-trans\" style=\"position: absolute; left: 586px; top: 132.141px;\">\n<div class=\"gtx-trans-icon\"><\/div>\n<\/div>\n","protected":false},"excerpt":{"rendered":"","protected":false},"author":1,"featured_media":0,"parent":0,"menu_order":0,"comment_status":"closed","ping_status":"closed","template":"","meta":{"footnotes":""},"class_list":["post-1039","page","type-page","status-publish","hentry"],"yoast_head":"<!-- This site is optimized with the Yoast SEO plugin v26.6 - https:\/\/yoast.com\/wordpress\/plugins\/seo\/ -->\n<title>Delivery and Returns<\/title>\n<meta name=\"robots\" content=\"index, follow, max-snippet:-1, max-image-preview:large, max-video-preview:-1\" \/>\n<link rel=\"canonical\" href=\"https:\/\/akdispractico.com\/en\/teslimat-ve-iade\/\" \/>\n<meta property=\"og:locale\" content=\"en_US\" \/>\n<meta property=\"og:locale:alternate\" content=\"tr_TR\" \/>\n<meta property=\"og:locale:alternate\" content=\"cn_CN\" \/>\n<meta property=\"og:locale:alternate\" content=\"ru_RU\" \/>\n<meta property=\"og:locale:alternate\" content=\"bg_BG\" \/>\n<meta property=\"og:type\" content=\"article\" \/>\n<meta property=\"og:title\" content=\"Delivery and Returns\" \/>\n<meta property=\"og:url\" content=\"https:\/\/akdispractico.com\/en\/teslimat-ve-iade\/\" \/>\n<meta property=\"og:site_name\" content=\"Akdi\u015f Practico\" \/>\n<meta property=\"article:publisher\" content=\"https:\/\/www.facebook.com\/akdispractico\" \/>\n<meta property=\"article:modified_time\" content=\"2021-05-11T10:56:24+00:00\" \/>\n<meta property=\"og:image\" content=\"https:\/\/akdispractico.com\/wp-content\/uploads\/2021\/03\/Akdis\u0327-tek-kullanimlik-Dis\u0327-Firc\u0327asi.jpg\" \/>\n\t<meta property=\"og:image:width\" content=\"1250\" \/>\n\t<meta property=\"og:image:height\" content=\"649\" \/>\n\t<meta property=\"og:image:type\" content=\"image\/jpeg\" \/>\n<meta name=\"twitter:card\" content=\"summary_large_image\" \/>\n<meta name=\"twitter:label1\" content=\"Est. reading time\" \/>\n\t<meta name=\"twitter:data1\" content=\"2 minutes\" \/>\n<script type=\"application\/ld+json\" class=\"yoast-schema-graph\">{\"@context\":\"https:\/\/schema.org\",\"@graph\":[{\"@type\":\"WebPage\",\"@id\":\"https:\/\/akdispractico.com\/ru\/teslimat-ve-iade\/\",\"url\":\"https:\/\/akdispractico.com\/ru\/teslimat-ve-iade\/\",\"name\":\"Delivery and Returns\",\"isPartOf\":{\"@id\":\"https:\/\/akdispractico.com\/#website\"},\"datePublished\":\"2021-04-02T22:57:23+00:00\",\"dateModified\":\"2021-05-11T10:56:24+00:00\",\"breadcrumb\":{\"@id\":\"https:\/\/akdispractico.com\/ru\/teslimat-ve-iade\/#breadcrumb\"},\"inLanguage\":\"en-US\",\"potentialAction\":[{\"@type\":\"ReadAction\",\"target\":[\"https:\/\/akdispractico.com\/ru\/teslimat-ve-iade\/\"]}]},{\"@type\":\"BreadcrumbList\",\"@id\":\"https:\/\/akdispractico.com\/ru\/teslimat-ve-iade\/#breadcrumb\",\"itemListElement\":[{\"@type\":\"ListItem\",\"position\":1,\"name\":\"Anasayfa\",\"item\":\"https:\/\/akdispractico.com\/\"},{\"@type\":\"ListItem\",\"position\":2,\"name\":\"\u0414\u043e\u0441\u0442\u0430\u0432\u043a\u0430 \u0438 \u0432\u043e\u0437\u0432\u0440\u0430\u0442\"}]},{\"@type\":\"WebSite\",\"@id\":\"https:\/\/akdispractico.com\/#website\",\"url\":\"https:\/\/akdispractico.com\/\",\"name\":\"Akdi\u015f Practico\",\"description\":\"Tek Kullan\u0131ml\u0131k Kendinden Macunlu Di\u015f F\u0131r\u00e7as\u0131\",\"publisher\":{\"@id\":\"https:\/\/akdispractico.com\/#organization\"},\"alternateName\":\"Akdi\u015f\",\"potentialAction\":[{\"@type\":\"SearchAction\",\"target\":{\"@type\":\"EntryPoint\",\"urlTemplate\":\"https:\/\/akdispractico.com\/?s={search_term_string}\"},\"query-input\":{\"@type\":\"PropertyValueSpecification\",\"valueRequired\":true,\"valueName\":\"search_term_string\"}}],\"inLanguage\":\"en-US\"},{\"@type\":\"Organization\",\"@id\":\"https:\/\/akdispractico.com\/#organization\",\"name\":\"Akdi\u015f Practico Tek Kullan\u0131ml\u0131k Di\u015f F\u0131r\u00e7alar\u0131\",\"alternateName\":\"Akdi\u015f Practico\",\"url\":\"https:\/\/akdispractico.com\/\",\"logo\":{\"@type\":\"ImageObject\",\"inLanguage\":\"en-US\",\"@id\":\"https:\/\/akdispractico.com\/#\/schema\/logo\/image\/\",\"url\":\"https:\/\/akdispractico.com\/wp-content\/uploads\/2021\/04\/Kendinden-macunlu-tek-kullanimlik-dis\u0327-firc\u0327asi-kopya.png\",\"contentUrl\":\"https:\/\/akdispractico.com\/wp-content\/uploads\/2021\/04\/Kendinden-macunlu-tek-kullanimlik-dis\u0327-firc\u0327asi-kopya.png\",\"width\":1000,\"height\":1000,\"caption\":\"Akdi\u015f Practico Tek Kullan\u0131ml\u0131k Di\u015f F\u0131r\u00e7alar\u0131\"},\"image\":{\"@id\":\"https:\/\/akdispractico.com\/#\/schema\/logo\/image\/\"},\"sameAs\":[\"https:\/\/www.facebook.com\/akdispractico\",\"https:\/\/www.instagram.com\/akdispractico_tr\/\",\"https:\/\/www.youtube.com\/channel\/UC-F63iuS451Mw_xEBlh72fg\"]}]}<\/script>\n<!-- \/ Yoast SEO plugin. -->","yoast_head_json":{"title":"Delivery and Returns","robots":{"index":"index","follow":"follow","max-snippet":"max-snippet:-1","max-image-preview":"max-image-preview:large","max-video-preview":"max-video-preview:-1"},"canonical":"https:\/\/akdispractico.com\/en\/teslimat-ve-iade\/","og_locale":"en_US","og_type":"article","og_title":"[:tr]TESL\u0130MAT VE \u0130ADE[:en]Delivery and Returns[:cn]\u4ea4\u8d27\u548c\u9000\u8d27[:ru]\u0414\u043e\u0441\u0442\u0430\u0432\u043a\u0430 \u0438 \u0432\u043e\u0437\u0432\u0440\u0430\u0442[:] | Akdi\u015f Practico","og_url":"https:\/\/akdispractico.com\/en\/teslimat-ve-iade\/","og_site_name":"Akdi\u015f Practico","article_publisher":"https:\/\/www.facebook.com\/akdispractico","article_modified_time":"2021-05-11T10:56:24+00:00","og_image":[{"width":1250,"height":649,"url":"https:\/\/akdispractico.com\/wp-content\/uploads\/2021\/03\/Akdis\u0327-tek-kullanimlik-Dis\u0327-Firc\u0327asi.jpg","type":"image\/jpeg"}],"twitter_card":"summary_large_image","twitter_misc":{"Est. reading time":"2 minutes"},"schema":{"@context":"https:\/\/schema.org","@graph":[{"@type":"WebPage","@id":"https:\/\/akdispractico.com\/ru\/teslimat-ve-iade\/","url":"https:\/\/akdispractico.com\/ru\/teslimat-ve-iade\/","name":"Delivery and Returns","isPartOf":{"@id":"https:\/\/akdispractico.com\/#website"},"datePublished":"2021-04-02T22:57:23+00:00","dateModified":"2021-05-11T10:56:24+00:00","breadcrumb":{"@id":"https:\/\/akdispractico.com\/ru\/teslimat-ve-iade\/#breadcrumb"},"inLanguage":"en-US","potentialAction":[{"@type":"ReadAction","target":["https:\/\/akdispractico.com\/ru\/teslimat-ve-iade\/"]}]},{"@type":"BreadcrumbList","@id":"https:\/\/akdispractico.com\/ru\/teslimat-ve-iade\/#breadcrumb","itemListElement":[{"@type":"ListItem","position":1,"name":"Anasayfa","item":"https:\/\/akdispractico.com\/"},{"@type":"ListItem","position":2,"name":"\u0414\u043e\u0441\u0442\u0430\u0432\u043a\u0430 \u0438 \u0432\u043e\u0437\u0432\u0440\u0430\u0442"}]},{"@type":"WebSite","@id":"https:\/\/akdispractico.com\/#website","url":"https:\/\/akdispractico.com\/","name":"Akdi\u015f Practico","description":"Tek Kullan\u0131ml\u0131k Kendinden Macunlu Di\u015f F\u0131r\u00e7as\u0131","publisher":{"@id":"https:\/\/akdispractico.com\/#organization"},"alternateName":"Akdi\u015f","potentialAction":[{"@type":"SearchAction","target":{"@type":"EntryPoint","urlTemplate":"https:\/\/akdispractico.com\/?s={search_term_string}"},"query-input":{"@type":"PropertyValueSpecification","valueRequired":true,"valueName":"search_term_string"}}],"inLanguage":"en-US"},{"@type":"Organization","@id":"https:\/\/akdispractico.com\/#organization","name":"Akdi\u015f Practico Tek Kullan\u0131ml\u0131k Di\u015f F\u0131r\u00e7alar\u0131","alternateName":"Akdi\u015f Practico","url":"https:\/\/akdispractico.com\/","logo":{"@type":"ImageObject","inLanguage":"en-US","@id":"https:\/\/akdispractico.com\/#\/schema\/logo\/image\/","url":"https:\/\/akdispractico.com\/wp-content\/uploads\/2021\/04\/Kendinden-macunlu-tek-kullanimlik-dis\u0327-firc\u0327asi-kopya.png","contentUrl":"https:\/\/akdispractico.com\/wp-content\/uploads\/2021\/04\/Kendinden-macunlu-tek-kullanimlik-dis\u0327-firc\u0327asi-kopya.png","width":1000,"height":1000,"caption":"Akdi\u015f Practico Tek Kullan\u0131ml\u0131k Di\u015f F\u0131r\u00e7alar\u0131"},"image":{"@id":"https:\/\/akdispractico.com\/#\/schema\/logo\/image\/"},"sameAs":["https:\/\/www.facebook.com\/akdispractico","https:\/\/www.instagram.com\/akdispractico_tr\/","https:\/\/www.youtube.com\/channel\/UC-F63iuS451Mw_xEBlh72fg"]}]}},"_links":{"self":[{"href":"https:\/\/akdispractico.com\/en\/wp-json\/wp\/v2\/pages\/1039","targetHints":{"allow":["GET"]}}],"collection":[{"href":"https:\/\/akdispractico.com\/en\/wp-json\/wp\/v2\/pages"}],"about":[{"href":"https:\/\/akdispractico.com\/en\/wp-json\/wp\/v2\/types\/page"}],"author":[{"embeddable":true,"href":"https:\/\/akdispractico.com\/en\/wp-json\/wp\/v2\/users\/1"}],"replies":[{"embeddable":true,"href":"https:\/\/akdispractico.com\/en\/wp-json\/wp\/v2\/comments?post=1039"}],"version-history":[{"count":10,"href":"https:\/\/akdispractico.com\/en\/wp-json\/wp\/v2\/pages\/1039\/revisions"}],"predecessor-version":[{"id":1465,"href":"https:\/\/akdispractico.com\/en\/wp-json\/wp\/v2\/pages\/1039\/revisions\/1465"}],"wp:attachment":[{"href":"https:\/\/akdispractico.com\/en\/wp-json\/wp\/v2\/media?parent=1039"}],"curies":[{"name":"wp","href":"https:\/\/api.w.org\/{rel}","templated":true}]}}