{"id":903,"date":"2021-04-02T11:11:07","date_gmt":"2021-04-02T08:11:07","guid":{"rendered":"http:\/\/disposabletoothbrush.net\/?post_type=product&#038;p=903"},"modified":"2025-05-20T14:36:15","modified_gmt":"2025-05-20T11:36:15","slug":"100lu-jelatin-ambalaj","status":"publish","type":"product","link":"https:\/\/akdispractico.com\/cn\/100lu-jelatin-ambalaj\/","title":{"rendered":"\u9884\u62b9\u7259\u818f\u7684\u4e00\u6b21\u6027\u7259\u5237|\u5851\u6599\u5305\u88c5| 100 \u4e2a"},"content":{"rendered":"","protected":false},"excerpt":{"rendered":"<\/p>\n<p style=\"color: #ffffff;\">.<\/p>\n<p>\u6211\u4eec\u751f\u4ea7\u5370\u5237\u4ea7\u54c1\u4e3a\u4e86\u79c1\u4eba\u4f7f\u7528\u6216\u673a\u6784\u4f7f\u7528. 1000\u4e2a\u6216\u4ee5\u4e0a\u7684\u8ba2\u5355\u53ef\u83b7\u5f97\u7279\u6b8a\u4ef7\u683c. \u8bf7\u968f\u65f6\u8054\u7cfb\u6211\u4eec.<\/p>\n<p style=\"text-align: left;\"><a href=\"tel:\/\/+905308539355\"> <i class=\"icon-phone\"><\/i> <span style=\"font-size: 90%;\">+90 ( 530 ) <strong class=\"uppercase\"><span style=\"font-size: 100%;\">853 93 55<\/span><\/strong><\/span><\/a><\/p>\n<div class=\"contact-us-box active\"><a href=\"https:\/\/api.whatsapp.com\/send?phone=905308539355&text=Merhaba; di\u015f f\u0131r\u00e7as\u0131 fiyatlar\u0131n\u0131z\u0131 \u00f6\u011frenmek istiyorum. CN &source=&data=\"><i class=\"fa fa-whatsapp\" style=\"color: #4bab9b;\"><\/i><span style=\"color: #282828; font-size: 100%;\"><span style=\"color: #4bab9b;\"><b> Whatsapp <\/b><\/span>0530 853 93 55 (\u70b9\u51fb)<\/span><\/a><\/div>\n<p style=\"color: #ffffff;\">.<\/p>\n<p>\n","protected":false},"featured_media":1178,"comment_status":"closed","ping_status":"closed","template":"","meta":[],"product_brand":[],"product_cat":[],"product_tag":[],"class_list":{"0":"post-903","1":"product","2":"type-product","3":"status-publish","4":"has-post-thumbnail","7":"first","8":"instock","9":"taxable","10":"shipping-taxable","11":"purchasable","12":"product-type-simple"},"yoast_head":"<!-- This site is optimized with the Yoast SEO plugin v26.6 - https:\/\/yoast.com\/wordpress\/plugins\/seo\/ -->\n<title>\u9884\u62b9\u7259\u818f\u7684\u4e00\u6b21\u6027\u7259\u5237|\u5851\u6599\u5305\u88c5| 100 \u4e2a<\/title>\n<meta name=\"robots\" content=\"index, follow, max-snippet:-1, max-image-preview:large, max-video-preview:-1\" \/>\n<link rel=\"canonical\" href=\"https:\/\/akdispractico.com\/cn\/100lu-jelatin-ambalaj\/\" \/>\n<meta property=\"og:locale\" content=\"ko_KR\" \/>\n<meta property=\"og:locale:alternate\" content=\"tr_TR\" \/>\n<meta property=\"og:locale:alternate\" content=\"en_US\" \/>\n<meta property=\"og:locale:alternate\" content=\"ru_RU\" \/>\n<meta property=\"og:locale:alternate\" content=\"bg_BG\" \/>\n<meta property=\"og:type\" content=\"article\" \/>\n<meta property=\"og:title\" content=\"\u9884\u62b9\u7259\u818f\u7684\u4e00\u6b21\u6027\u7259\u5237|\u5851\u6599\u5305\u88c5| 100 \u4e2a\" \/>\n<meta property=\"og:url\" content=\"https:\/\/akdispractico.com\/cn\/100lu-jelatin-ambalaj\/\" \/>\n<meta property=\"og:site_name\" content=\"Akdi\u015f Practico\" \/>\n<meta property=\"article:publisher\" content=\"https:\/\/www.facebook.com\/akdispractico\" \/>\n<meta property=\"article:modified_time\" content=\"2025-05-20T11:36:15+00:00\" \/>\n<meta property=\"og:image\" content=\"https:\/\/akdispractico.com\/wp-content\/uploads\/2021\/04\/100-lu-tek-kullanimlik-dis\u0327-firc\u0327asi-beyaz.jpg\" \/>\n\t<meta property=\"og:image:width\" content=\"1000\" \/>\n\t<meta property=\"og:image:height\" content=\"1000\" \/>\n\t<meta property=\"og:image:type\" content=\"image\/jpeg\" \/>\n<meta name=\"twitter:card\" content=\"summary_large_image\" \/>\n<meta name=\"twitter:description\" content=\"[block id=&quot;urun-kisa-aciklama&quot;]\" \/>\n<meta name=\"twitter:label1\" content=\"\uc608\uc0c1 \ub418\ub294 \ud310\ub3c5 \uc2dc\uac04\" \/>\n\t<meta name=\"twitter:data1\" content=\"1\ubd84\" \/>\n<script type=\"application\/ld+json\" class=\"yoast-schema-graph\">{\"@context\":\"https:\/\/schema.org\",\"@graph\":[{\"@type\":\"WebPage\",\"@id\":\"https:\/\/akdispractico.com\/100lu-jelatin-ambalaj\/\",\"url\":\"https:\/\/akdispractico.com\/100lu-jelatin-ambalaj\/\",\"name\":\"\u9884\u62b9\u7259\u818f\u7684\u4e00\u6b21\u6027\u7259\u5237|\u5851\u6599\u5305\u88c5| 100 \u4e2a\",\"isPartOf\":{\"@id\":\"https:\/\/akdispractico.com\/#website\"},\"primaryImageOfPage\":{\"@id\":\"https:\/\/akdispractico.com\/100lu-jelatin-ambalaj\/#primaryimage\"},\"image\":{\"@id\":\"https:\/\/akdispractico.com\/100lu-jelatin-ambalaj\/#primaryimage\"},\"thumbnailUrl\":\"https:\/\/akdispractico.com\/wp-content\/uploads\/2021\/04\/100-lu-tek-kullanimlik-dis\u0327-firc\u0327asi-beyaz.jpg\",\"datePublished\":\"2021-04-02T08:11:07+00:00\",\"dateModified\":\"2025-05-20T11:36:15+00:00\",\"breadcrumb\":{\"@id\":\"https:\/\/akdispractico.com\/100lu-jelatin-ambalaj\/#breadcrumb\"},\"inLanguage\":\"ko-KR\",\"potentialAction\":[{\"@type\":\"ReadAction\",\"target\":[\"https:\/\/akdispractico.com\/100lu-jelatin-ambalaj\/\"]}]},{\"@type\":\"ImageObject\",\"inLanguage\":\"ko-KR\",\"@id\":\"https:\/\/akdispractico.com\/100lu-jelatin-ambalaj\/#primaryimage\",\"url\":\"https:\/\/akdispractico.com\/wp-content\/uploads\/2021\/04\/100-lu-tek-kullanimlik-dis\u0327-firc\u0327asi-beyaz.jpg\",\"contentUrl\":\"https:\/\/akdispractico.com\/wp-content\/uploads\/2021\/04\/100-lu-tek-kullanimlik-dis\u0327-firc\u0327asi-beyaz.jpg\",\"width\":1000,\"height\":1000},{\"@type\":\"BreadcrumbList\",\"@id\":\"https:\/\/akdispractico.com\/100lu-jelatin-ambalaj\/#breadcrumb\",\"itemListElement\":[{\"@type\":\"ListItem\",\"position\":1,\"name\":\"Anasayfa\",\"item\":\"https:\/\/akdispractico.com\/\"},{\"@type\":\"ListItem\",\"position\":2,\"name\":\"Ma\u011faza\",\"item\":\"https:\/\/akdispractico.com\/magaza\/\"},{\"@type\":\"ListItem\",\"position\":3,\"name\":\"Tek Kullan\u0131ml\u0131k Kendinden Macunlu Di\u015f F\u0131r\u00e7as\u0131 | Jelatin Ambalaj | 100 Adet\"}]},{\"@type\":\"WebSite\",\"@id\":\"https:\/\/akdispractico.com\/#website\",\"url\":\"https:\/\/akdispractico.com\/\",\"name\":\"Akdi\u015f Practico\",\"description\":\"Tek Kullan\u0131ml\u0131k Kendinden Macunlu Di\u015f F\u0131r\u00e7as\u0131\",\"publisher\":{\"@id\":\"https:\/\/akdispractico.com\/#organization\"},\"alternateName\":\"Akdi\u015f\",\"potentialAction\":[{\"@type\":\"SearchAction\",\"target\":{\"@type\":\"EntryPoint\",\"urlTemplate\":\"https:\/\/akdispractico.com\/?s={search_term_string}\"},\"query-input\":{\"@type\":\"PropertyValueSpecification\",\"valueRequired\":true,\"valueName\":\"search_term_string\"}}],\"inLanguage\":\"ko-KR\"},{\"@type\":\"Organization\",\"@id\":\"https:\/\/akdispractico.com\/#organization\",\"name\":\"Akdi\u015f Practico Tek Kullan\u0131ml\u0131k Di\u015f F\u0131r\u00e7alar\u0131\",\"alternateName\":\"Akdi\u015f Practico\",\"url\":\"https:\/\/akdispractico.com\/\",\"logo\":{\"@type\":\"ImageObject\",\"inLanguage\":\"ko-KR\",\"@id\":\"https:\/\/akdispractico.com\/#\/schema\/logo\/image\/\",\"url\":\"https:\/\/akdispractico.com\/wp-content\/uploads\/2021\/04\/Kendinden-macunlu-tek-kullanimlik-dis\u0327-firc\u0327asi-kopya.png\",\"contentUrl\":\"https:\/\/akdispractico.com\/wp-content\/uploads\/2021\/04\/Kendinden-macunlu-tek-kullanimlik-dis\u0327-firc\u0327asi-kopya.png\",\"width\":1000,\"height\":1000,\"caption\":\"Akdi\u015f Practico Tek Kullan\u0131ml\u0131k Di\u015f F\u0131r\u00e7alar\u0131\"},\"image\":{\"@id\":\"https:\/\/akdispractico.com\/#\/schema\/logo\/image\/\"},\"sameAs\":[\"https:\/\/www.facebook.com\/akdispractico\",\"https:\/\/www.instagram.com\/akdispractico_tr\/\",\"https:\/\/www.youtube.com\/channel\/UC-F63iuS451Mw_xEBlh72fg\"]}]}<\/script>\n<!-- \/ Yoast SEO plugin. -->","yoast_head_json":{"title":"\u9884\u62b9\u7259\u818f\u7684\u4e00\u6b21\u6027\u7259\u5237|\u5851\u6599\u5305\u88c5| 100 \u4e2a","robots":{"index":"index","follow":"follow","max-snippet":"max-snippet:-1","max-image-preview":"max-image-preview:large","max-video-preview":"max-video-preview:-1"},"canonical":"https:\/\/akdispractico.com\/cn\/100lu-jelatin-ambalaj\/","og_locale":"ko_KR","og_type":"article","og_title":"[:tr]Tek Kullan\u0131ml\u0131k Kendinden Macunlu Di\u015f F\u0131r\u00e7as\u0131 | Jelatin Ambalaj | 100 Adet[:en]Pre-Pasted Disposable Toothbrush | Gelatin Packaging | 100 Piece[:cn]\u9884\u62b9\u7259\u818f\u7684\u4e00\u6b21\u6027\u7259\u5237|\u5851\u6599\u5305\u88c5| 100 \u4e2a[:ru]\u041e\u0434\u043d\u043e\u0440\u0430\u0437\u043e\u0432\u0430\u044f \u0437\u0443\u0431\u043d\u0430\u044f \u0449\u0435\u0442\u043a\u0430 \u0441 \u043f\u0430\u0441\u0442\u043e\u0439 \u0432\u043d\u0443\u0442\u0440\u0438 | \u041f\u043b\u0430\u0441\u0442\u0438\u043a\u043e\u0432\u0430\u044f \u0443\u043f\u0430\u043a\u043e\u0432\u043a\u0430 | 100 \u0448\u0442\u0443\u043a[:bg]\u0427\u0435\u0442\u043a\u0430 \u0437\u0430 \u0437\u044a\u0431\u0438 \u0437\u0430 \u0435\u0434\u043d\u043e\u043a\u0440\u0430\u0442\u043d\u0430 \u0443\u043f\u043e\u0442\u0440\u0435\u0431\u0430 \u0441 \u0432\u0433\u0440\u0430\u0434\u0435\u043d\u0430 \u043f\u0430\u0441\u0442\u0430 | \u0416\u0435\u043b\u0430\u0442\u0438\u043d\u043e\u0432\u0430 \u043e\u043f\u0430\u043a\u043e\u0432\u043a\u0430 | 100 \u0431\u0440.[:]","og_url":"https:\/\/akdispractico.com\/cn\/100lu-jelatin-ambalaj\/","og_site_name":"Akdi\u015f Practico","article_publisher":"https:\/\/www.facebook.com\/akdispractico","article_modified_time":"2025-05-20T11:36:15+00:00","og_image":[{"width":1000,"height":1000,"url":"https:\/\/akdispractico.com\/wp-content\/uploads\/2021\/04\/100-lu-tek-kullanimlik-dis\u0327-firc\u0327asi-beyaz.jpg","type":"image\/jpeg"}],"twitter_card":"summary_large_image","twitter_description":"[block id=\"urun-kisa-aciklama\"]","twitter_misc":{"\uc608\uc0c1 \ub418\ub294 \ud310\ub3c5 \uc2dc\uac04":"1\ubd84"},"schema":{"@context":"https:\/\/schema.org","@graph":[{"@type":"WebPage","@id":"https:\/\/akdispractico.com\/100lu-jelatin-ambalaj\/","url":"https:\/\/akdispractico.com\/100lu-jelatin-ambalaj\/","name":"\u9884\u62b9\u7259\u818f\u7684\u4e00\u6b21\u6027\u7259\u5237|\u5851\u6599\u5305\u88c5| 100 \u4e2a","isPartOf":{"@id":"https:\/\/akdispractico.com\/#website"},"primaryImageOfPage":{"@id":"https:\/\/akdispractico.com\/100lu-jelatin-ambalaj\/#primaryimage"},"image":{"@id":"https:\/\/akdispractico.com\/100lu-jelatin-ambalaj\/#primaryimage"},"thumbnailUrl":"https:\/\/akdispractico.com\/wp-content\/uploads\/2021\/04\/100-lu-tek-kullanimlik-dis\u0327-firc\u0327asi-beyaz.jpg","datePublished":"2021-04-02T08:11:07+00:00","dateModified":"2025-05-20T11:36:15+00:00","breadcrumb":{"@id":"https:\/\/akdispractico.com\/100lu-jelatin-ambalaj\/#breadcrumb"},"inLanguage":"ko-KR","potentialAction":[{"@type":"ReadAction","target":["https:\/\/akdispractico.com\/100lu-jelatin-ambalaj\/"]}]},{"@type":"ImageObject","inLanguage":"ko-KR","@id":"https:\/\/akdispractico.com\/100lu-jelatin-ambalaj\/#primaryimage","url":"https:\/\/akdispractico.com\/wp-content\/uploads\/2021\/04\/100-lu-tek-kullanimlik-dis\u0327-firc\u0327asi-beyaz.jpg","contentUrl":"https:\/\/akdispractico.com\/wp-content\/uploads\/2021\/04\/100-lu-tek-kullanimlik-dis\u0327-firc\u0327asi-beyaz.jpg","width":1000,"height":1000},{"@type":"BreadcrumbList","@id":"https:\/\/akdispractico.com\/100lu-jelatin-ambalaj\/#breadcrumb","itemListElement":[{"@type":"ListItem","position":1,"name":"Anasayfa","item":"https:\/\/akdispractico.com\/"},{"@type":"ListItem","position":2,"name":"Ma\u011faza","item":"https:\/\/akdispractico.com\/magaza\/"},{"@type":"ListItem","position":3,"name":"Tek Kullan\u0131ml\u0131k Kendinden Macunlu Di\u015f F\u0131r\u00e7as\u0131 | Jelatin Ambalaj | 100 Adet"}]},{"@type":"WebSite","@id":"https:\/\/akdispractico.com\/#website","url":"https:\/\/akdispractico.com\/","name":"Akdi\u015f Practico","description":"Tek Kullan\u0131ml\u0131k Kendinden Macunlu Di\u015f F\u0131r\u00e7as\u0131","publisher":{"@id":"https:\/\/akdispractico.com\/#organization"},"alternateName":"Akdi\u015f","potentialAction":[{"@type":"SearchAction","target":{"@type":"EntryPoint","urlTemplate":"https:\/\/akdispractico.com\/?s={search_term_string}"},"query-input":{"@type":"PropertyValueSpecification","valueRequired":true,"valueName":"search_term_string"}}],"inLanguage":"ko-KR"},{"@type":"Organization","@id":"https:\/\/akdispractico.com\/#organization","name":"Akdi\u015f Practico Tek Kullan\u0131ml\u0131k Di\u015f F\u0131r\u00e7alar\u0131","alternateName":"Akdi\u015f Practico","url":"https:\/\/akdispractico.com\/","logo":{"@type":"ImageObject","inLanguage":"ko-KR","@id":"https:\/\/akdispractico.com\/#\/schema\/logo\/image\/","url":"https:\/\/akdispractico.com\/wp-content\/uploads\/2021\/04\/Kendinden-macunlu-tek-kullanimlik-dis\u0327-firc\u0327asi-kopya.png","contentUrl":"https:\/\/akdispractico.com\/wp-content\/uploads\/2021\/04\/Kendinden-macunlu-tek-kullanimlik-dis\u0327-firc\u0327asi-kopya.png","width":1000,"height":1000,"caption":"Akdi\u015f Practico Tek Kullan\u0131ml\u0131k Di\u015f F\u0131r\u00e7alar\u0131"},"image":{"@id":"https:\/\/akdispractico.com\/#\/schema\/logo\/image\/"},"sameAs":["https:\/\/www.facebook.com\/akdispractico","https:\/\/www.instagram.com\/akdispractico_tr\/","https:\/\/www.youtube.com\/channel\/UC-F63iuS451Mw_xEBlh72fg"]}]}},"_links":{"self":[{"href":"https:\/\/akdispractico.com\/cn\/wp-json\/wp\/v2\/product\/903","targetHints":{"allow":["GET"]}}],"collection":[{"href":"https:\/\/akdispractico.com\/cn\/wp-json\/wp\/v2\/product"}],"about":[{"href":"https:\/\/akdispractico.com\/cn\/wp-json\/wp\/v2\/types\/product"}],"replies":[{"embeddable":true,"href":"https:\/\/akdispractico.com\/cn\/wp-json\/wp\/v2\/comments?post=903"}],"wp:featuredmedia":[{"embeddable":true,"href":"https:\/\/akdispractico.com\/cn\/wp-json\/wp\/v2\/media\/1178"}],"wp:attachment":[{"href":"https:\/\/akdispractico.com\/cn\/wp-json\/wp\/v2\/media?parent=903"}],"wp:term":[{"taxonomy":"product_brand","embeddable":true,"href":"https:\/\/akdispractico.com\/cn\/wp-json\/wp\/v2\/product_brand?post=903"},{"taxonomy":"product_cat","embeddable":true,"href":"https:\/\/akdispractico.com\/cn\/wp-json\/wp\/v2\/product_cat?post=903"},{"taxonomy":"product_tag","embeddable":true,"href":"https:\/\/akdispractico.com\/cn\/wp-json\/wp\/v2\/product_tag?post=903"}],"curies":[{"name":"wp","href":"https:\/\/api.w.org\/{rel}","templated":true}]}}