{"id":640,"date":"2021-03-21T23:13:58","date_gmt":"2021-03-21T20:13:58","guid":{"rendered":"http:\/\/disposabletoothbrush.net\/?page_id=640"},"modified":"2021-06-18T17:50:08","modified_gmt":"2021-06-18T14:50:08","slug":"basinda-biz","status":"publish","type":"page","link":"https:\/\/akdispractico.com\/cn\/basinda-biz\/","title":{"rendered":"\u6211\u4eec\u5728\u65b0\u95fb"},"content":{"rendered":"\t<section class=\"section\" id=\"section_113367143\">\n\t\t<div class=\"bg section-bg fill bg-fill  bg-loaded\" >\n\n\t\t\t\n\t\t\t\n\t\t\t\n\n\t\t<\/div>\n\n\t\t\n\n\t\t<div class=\"section-content relative\">\n\t\t\t\n\t<div id=\"gap-1709707866\" class=\"gap-element clearfix\" style=\"display:block; height:auto;\">\n\t\t\n<style>\n#gap-1709707866 {\n  padding-top: 30px;\n}\n<\/style>\n\t<\/div>\n\t\n<div class=\"row\"  id=\"row-121223961\">\n\n\t<div id=\"col-2105236751\" class=\"col medium-4 small-12 large-4\"  >\n\t\t\t\t<div class=\"col-inner\"  >\n\t\t\t\n\t\t\t\n\n  <div class=\"banner has-hover\" id=\"banner-125223935\">\n          <div class=\"banner-inner fill\">\n        <div class=\"banner-bg fill\" >\n            <div class=\"bg fill bg-fill \"><\/div>\n                                    \n                    <\/div>\n\t\t\n        <div class=\"banner-layers container\">\n            <div class=\"fill banner-link\"><\/div>            \n        <\/div>\n      <\/div>\n\n            \n<style>\n#banner-125223935 {\n  padding-top: 380px;\n}\n#banner-125223935 .bg.bg-loaded {\n  background-image: url(https:\/\/akdispractico.com\/wp-content\/uploads\/2021\/04\/Akdis\u0327-practico-tek-kullanimlik-dis\u0327-firc\u0327asi-imalat.jpeg);\n}\n#banner-125223935 .bg {\n  background-position: 39% 83%;\n}\n#banner-125223935 .ux-shape-divider--top svg {\n  height: 150px;\n  --divider-top-width: 100%;\n}\n#banner-125223935 .ux-shape-divider--bottom svg {\n  height: 150px;\n  --divider-width: 100%;\n}\n<\/style>\n  <\/div>\n\n\n\t\t<\/div>\n\t\t\t\t\t<\/div>\n\n\t\n\n\t<div id=\"col-77202025\" class=\"col medium-4 small-12 large-4\"  >\n\t\t\t\t<div class=\"col-inner\"  >\n\t\t\t\n\t\t\t\n\n  <div class=\"banner has-hover\" id=\"banner-29898150\">\n          <div class=\"banner-inner fill\">\n        <div class=\"banner-bg fill\" >\n            <div class=\"bg fill bg-fill \"><\/div>\n                                    \n                    <\/div>\n\t\t\n        <div class=\"banner-layers container\">\n            <div class=\"fill banner-link\"><\/div>            \n   <div id=\"text-box-1469052793\" class=\"text-box banner-layer x50 md-x50 lg-x50 y50 md-y50 lg-y50 res-text\">\n                                <div class=\"text-box-content text \">\n              \n              <div class=\"text-inner text-center\">\n                  \n<h1 class=\"uppercase\"><span style=\"font-size: 110%;\"><strong>\u6d88\u606f<\/strong><\/span><\/h1>\n<a class=\"button primary is-link is-xlarge\"  >\n    <span>\u538b\u6846<\/span>\n  <\/a>\n\n              <\/div>\n           <\/div>\n                            \n<style>\n#text-box-1469052793 {\n  width: 77%;\n}\n#text-box-1469052793 .text-box-content {\n  font-size: 100%;\n}\n<\/style>\n    <\/div>\n \n        <\/div>\n      <\/div>\n\n            \n<style>\n#banner-29898150 {\n  padding-top: 200px;\n  background-color: rgb(255,255,255);\n}\n#banner-29898150 .ux-shape-divider--top svg {\n  height: 150px;\n  --divider-top-width: 100%;\n}\n#banner-29898150 .ux-shape-divider--bottom svg {\n  height: 150px;\n  --divider-width: 100%;\n}\n@media (min-width:550px) {\n  #banner-29898150 {\n    padding-top: 300px;\n  }\n}\n<\/style>\n  <\/div>\n\n\n\t\t<\/div>\n\t\t\t\t\n<style>\n#col-77202025 > .col-inner {\n  padding: 0px 10px 0px 20px;\n}\n<\/style>\n\t<\/div>\n\n\t\n\n\t<div id=\"col-1074504660\" class=\"col medium-4 small-12 large-4\"  >\n\t\t\t\t<div class=\"col-inner\"  >\n\t\t\t\n\t\t\t\n\t<div id=\"gap-1487843576\" class=\"gap-element clearfix\" style=\"display:block; height:auto;\">\n\t\t\n<style>\n#gap-1487843576 {\n  padding-top: 30px;\n}\n<\/style>\n\t<\/div>\n\t\n\n  <div class=\"banner has-hover\" id=\"banner-2144365202\">\n          <div class=\"banner-inner fill\">\n        <div class=\"banner-bg fill\" >\n            <div class=\"bg fill bg-fill \"><\/div>\n                                    \n                    <\/div>\n\t\t\n        <div class=\"banner-layers container\">\n            <div class=\"fill banner-link\"><\/div>            \n        <\/div>\n      <\/div>\n\n            \n<style>\n#banner-2144365202 {\n  padding-top: 380px;\n}\n#banner-2144365202 .bg.bg-loaded {\n  background-image: url(https:\/\/akdispractico.com\/wp-content\/uploads\/2021\/04\/Akdis\u0327-Practico-kendinden-macunlu-tek-kullanimlik-dis\u0327-firc\u0327asi.jpeg);\n}\n#banner-2144365202 .bg {\n  background-position: 42% 21%;\n}\n#banner-2144365202 .ux-shape-divider--top svg {\n  height: 150px;\n  --divider-top-width: 100%;\n}\n#banner-2144365202 .ux-shape-divider--bottom svg {\n  height: 150px;\n  --divider-width: 100%;\n}\n<\/style>\n  <\/div>\n\n\n\t\t<\/div>\n\t\t\t\t\t<\/div>\n\n\t\n<\/div>\n\t\t<\/div>\n\n\t\t\n<style>\n#section_113367143 {\n  padding-top: 30px;\n  padding-bottom: 30px;\n}\n#section_113367143 .ux-shape-divider--top svg {\n  height: 150px;\n  --divider-top-width: 100%;\n}\n#section_113367143 .ux-shape-divider--bottom svg {\n  height: 150px;\n  --divider-width: 100%;\n}\n<\/style>\n\t<\/section>\n\t\n\n  \n    <div class=\"row large-columns-3 medium-columns- small-columns-1\">\n  <div class=\"gallery-col col\" >\n          <div class=\"col-inner\">\n            <a class=\"image-lightbox lightbox-gallery\" href=\"https:\/\/akdispractico.com\/wp-content\/uploads\/2021\/04\/Haber-Tu\u0308rk-Gazetesi-Akdis\u0327-Practico-kendinden-macunlu-tek-kullanimlik-dis\u0327-firc\u0327asi.png\" title=\"\">            <div class=\"box has-hover gallery-box box-default\">\n              <div class=\"box-image\" >\n                <img loading=\"lazy\" decoding=\"async\" width=\"538\" height=\"400\" src=\"https:\/\/akdispractico.com\/wp-content\/uploads\/2021\/04\/Haber-Tu\u0308rk-Gazetesi-Akdis\u0327-Practico-kendinden-macunlu-tek-kullanimlik-dis\u0327-firc\u0327asi-538x400.png\" class=\"attachment-medium size-medium\" alt=\"\" ids=\"948,949,950,951,1083,1084,1085\" style=\"default\" columns=\"3\" columns__sm=\"1\" srcset=\"https:\/\/akdispractico.com\/wp-content\/uploads\/2021\/04\/Haber-Tu\u0308rk-Gazetesi-Akdis\u0327-Practico-kendinden-macunlu-tek-kullanimlik-dis\u0327-firc\u0327asi-538x400.png 538w, https:\/\/akdispractico.com\/wp-content\/uploads\/2021\/04\/Haber-Tu\u0308rk-Gazetesi-Akdis\u0327-Practico-kendinden-macunlu-tek-kullanimlik-dis\u0327-firc\u0327asi-768x571.png 768w, https:\/\/akdispractico.com\/wp-content\/uploads\/2021\/04\/Haber-Tu\u0308rk-Gazetesi-Akdis\u0327-Practico-kendinden-macunlu-tek-kullanimlik-dis\u0327-firc\u0327asi-600x446.png 600w, https:\/\/akdispractico.com\/wp-content\/uploads\/2021\/04\/Haber-Tu\u0308rk-Gazetesi-Akdis\u0327-Practico-kendinden-macunlu-tek-kullanimlik-dis\u0327-firc\u0327asi.png 1010w\" sizes=\"auto, (max-width: 538px) 100vw, 538px\" \/>                                                              <\/div>\n              <div class=\"box-text text-left\" >\n                 <p><\/p>\n              <\/div>\n            <\/div>\n            <\/a>          <\/div>\n         <\/div><div class=\"gallery-col col\" >\n          <div class=\"col-inner\">\n            <a class=\"image-lightbox lightbox-gallery\" href=\"https:\/\/akdispractico.com\/wp-content\/uploads\/2021\/04\/mynet-Akdis\u0327-Practico-kendinden-macunlu-tek-kullanimlik-dis\u0327-firc\u0327asi-1400x748.png\" title=\"\">            <div class=\"box has-hover gallery-box box-default\">\n              <div class=\"box-image\" >\n                <img loading=\"lazy\" decoding=\"async\" width=\"749\" height=\"400\" src=\"https:\/\/akdispractico.com\/wp-content\/uploads\/2021\/04\/mynet-Akdis\u0327-Practico-kendinden-macunlu-tek-kullanimlik-dis\u0327-firc\u0327asi-749x400.png\" class=\"attachment-medium size-medium\" alt=\"\" ids=\"948,949,950,951,1083,1084,1085\" style=\"default\" columns=\"3\" columns__sm=\"1\" srcset=\"https:\/\/akdispractico.com\/wp-content\/uploads\/2021\/04\/mynet-Akdis\u0327-Practico-kendinden-macunlu-tek-kullanimlik-dis\u0327-firc\u0327asi-749x400.png 749w, https:\/\/akdispractico.com\/wp-content\/uploads\/2021\/04\/mynet-Akdis\u0327-Practico-kendinden-macunlu-tek-kullanimlik-dis\u0327-firc\u0327asi-1400x748.png 1400w, https:\/\/akdispractico.com\/wp-content\/uploads\/2021\/04\/mynet-Akdis\u0327-Practico-kendinden-macunlu-tek-kullanimlik-dis\u0327-firc\u0327asi-768x410.png 768w, https:\/\/akdispractico.com\/wp-content\/uploads\/2021\/04\/mynet-Akdis\u0327-Practico-kendinden-macunlu-tek-kullanimlik-dis\u0327-firc\u0327asi-600x320.png 600w, https:\/\/akdispractico.com\/wp-content\/uploads\/2021\/04\/mynet-Akdis\u0327-Practico-kendinden-macunlu-tek-kullanimlik-dis\u0327-firc\u0327asi.png 1440w\" sizes=\"auto, (max-width: 749px) 100vw, 749px\" \/>                                                              <\/div>\n              <div class=\"box-text text-left\" >\n                 <p><\/p>\n              <\/div>\n            <\/div>\n            <\/a>          <\/div>\n         <\/div><div class=\"gallery-col col\" >\n          <div class=\"col-inner\">\n            <a class=\"image-lightbox lightbox-gallery\" href=\"https:\/\/akdispractico.com\/wp-content\/uploads\/2021\/04\/Sabah-Gazetesi-Akdis\u0327-Practico-kendinden-macunlu-dis\u0327-firc\u0327asi.png\" title=\"\">            <div class=\"box has-hover gallery-box box-default\">\n              <div class=\"box-image\" >\n                <img loading=\"lazy\" decoding=\"async\" width=\"544\" height=\"400\" src=\"https:\/\/akdispractico.com\/wp-content\/uploads\/2021\/04\/Sabah-Gazetesi-Akdis\u0327-Practico-kendinden-macunlu-dis\u0327-firc\u0327asi-544x400.png\" class=\"attachment-medium size-medium\" alt=\"\" ids=\"948,949,950,951,1083,1084,1085\" style=\"default\" columns=\"3\" columns__sm=\"1\" srcset=\"https:\/\/akdispractico.com\/wp-content\/uploads\/2021\/04\/Sabah-Gazetesi-Akdis\u0327-Practico-kendinden-macunlu-dis\u0327-firc\u0327asi-544x400.png 544w, https:\/\/akdispractico.com\/wp-content\/uploads\/2021\/04\/Sabah-Gazetesi-Akdis\u0327-Practico-kendinden-macunlu-dis\u0327-firc\u0327asi-768x565.png 768w, https:\/\/akdispractico.com\/wp-content\/uploads\/2021\/04\/Sabah-Gazetesi-Akdis\u0327-Practico-kendinden-macunlu-dis\u0327-firc\u0327asi-600x441.png 600w, https:\/\/akdispractico.com\/wp-content\/uploads\/2021\/04\/Sabah-Gazetesi-Akdis\u0327-Practico-kendinden-macunlu-dis\u0327-firc\u0327asi.png 995w\" sizes=\"auto, (max-width: 544px) 100vw, 544px\" \/>                                                              <\/div>\n              <div class=\"box-text text-left\" >\n                 <p><\/p>\n              <\/div>\n            <\/div>\n            <\/a>          <\/div>\n         <\/div><div class=\"gallery-col col\" >\n          <div class=\"col-inner\">\n            <a class=\"image-lightbox lightbox-gallery\" href=\"https:\/\/akdispractico.com\/wp-content\/uploads\/2021\/04\/haberler-com-Akdis\u0327-Practico-kendinden-macunlu-tek-kullanimlik-dis\u0327-firc\u0327asi.png\" title=\"\">            <div class=\"box has-hover gallery-box box-default\">\n              <div class=\"box-image\" >\n                <img loading=\"lazy\" decoding=\"async\" width=\"553\" height=\"400\" src=\"https:\/\/akdispractico.com\/wp-content\/uploads\/2021\/04\/haberler-com-Akdis\u0327-Practico-kendinden-macunlu-tek-kullanimlik-dis\u0327-firc\u0327asi-553x400.png\" class=\"attachment-medium size-medium\" alt=\"\" ids=\"948,949,950,951,1083,1084,1085\" style=\"default\" columns=\"3\" columns__sm=\"1\" srcset=\"https:\/\/akdispractico.com\/wp-content\/uploads\/2021\/04\/haberler-com-Akdis\u0327-Practico-kendinden-macunlu-tek-kullanimlik-dis\u0327-firc\u0327asi-553x400.png 553w, https:\/\/akdispractico.com\/wp-content\/uploads\/2021\/04\/haberler-com-Akdis\u0327-Practico-kendinden-macunlu-tek-kullanimlik-dis\u0327-firc\u0327asi-768x555.png 768w, https:\/\/akdispractico.com\/wp-content\/uploads\/2021\/04\/haberler-com-Akdis\u0327-Practico-kendinden-macunlu-tek-kullanimlik-dis\u0327-firc\u0327asi-600x434.png 600w, https:\/\/akdispractico.com\/wp-content\/uploads\/2021\/04\/haberler-com-Akdis\u0327-Practico-kendinden-macunlu-tek-kullanimlik-dis\u0327-firc\u0327asi.png 1061w\" sizes=\"auto, (max-width: 553px) 100vw, 553px\" \/>                                                              <\/div>\n              <div class=\"box-text text-left\" >\n                 <p><\/p>\n              <\/div>\n            <\/div>\n            <\/a>          <\/div>\n         <\/div><div class=\"gallery-col col\" >\n          <div class=\"col-inner\">\n            <a class=\"image-lightbox lightbox-gallery\" href=\"https:\/\/akdispractico.com\/wp-content\/uploads\/2021\/04\/Uc\u0327akta-kes\u0327fetti-du\u0308nyaya-tek-kullanimlik-dis\u0327-firc\u0327asi-satiyor.-Hu\u0308rriyet-Gazetesi.png\" title=\"\">            <div class=\"box has-hover gallery-box box-default\">\n              <div class=\"box-image\" >\n                <img loading=\"lazy\" decoding=\"async\" width=\"646\" height=\"400\" src=\"https:\/\/akdispractico.com\/wp-content\/uploads\/2021\/04\/Uc\u0327akta-kes\u0327fetti-du\u0308nyaya-tek-kullanimlik-dis\u0327-firc\u0327asi-satiyor.-Hu\u0308rriyet-Gazetesi-646x400.png\" class=\"attachment-medium size-medium\" alt=\"\" ids=\"948,949,950,951,1083,1084,1085\" style=\"default\" columns=\"3\" columns__sm=\"1\" srcset=\"https:\/\/akdispractico.com\/wp-content\/uploads\/2021\/04\/Uc\u0327akta-kes\u0327fetti-du\u0308nyaya-tek-kullanimlik-dis\u0327-firc\u0327asi-satiyor.-Hu\u0308rriyet-Gazetesi-646x400.png 646w, https:\/\/akdispractico.com\/wp-content\/uploads\/2021\/04\/Uc\u0327akta-kes\u0327fetti-du\u0308nyaya-tek-kullanimlik-dis\u0327-firc\u0327asi-satiyor.-Hu\u0308rriyet-Gazetesi-768x475.png 768w, https:\/\/akdispractico.com\/wp-content\/uploads\/2021\/04\/Uc\u0327akta-kes\u0327fetti-du\u0308nyaya-tek-kullanimlik-dis\u0327-firc\u0327asi-satiyor.-Hu\u0308rriyet-Gazetesi-600x371.png 600w, https:\/\/akdispractico.com\/wp-content\/uploads\/2021\/04\/Uc\u0327akta-kes\u0327fetti-du\u0308nyaya-tek-kullanimlik-dis\u0327-firc\u0327asi-satiyor.-Hu\u0308rriyet-Gazetesi.png 1063w\" sizes=\"auto, (max-width: 646px) 100vw, 646px\" \/>                                                              <\/div>\n              <div class=\"box-text text-left\" >\n                 <p><\/p>\n              <\/div>\n            <\/div>\n            <\/a>          <\/div>\n         <\/div><div class=\"gallery-col col\" >\n          <div class=\"col-inner\">\n            <a class=\"image-lightbox lightbox-gallery\" href=\"https:\/\/akdispractico.com\/wp-content\/uploads\/2021\/04\/Du\u0308nyada-es\u0327i-benzeri-yok-tek-kullanimlik-dis\u0327-firc\u0327asi-Takvim-Gazetesi.png\" title=\"\">            <div class=\"box has-hover gallery-box box-default\">\n              <div class=\"box-image\" >\n                <img loading=\"lazy\" decoding=\"async\" width=\"532\" height=\"400\" src=\"https:\/\/akdispractico.com\/wp-content\/uploads\/2021\/04\/Du\u0308nyada-es\u0327i-benzeri-yok-tek-kullanimlik-dis\u0327-firc\u0327asi-Takvim-Gazetesi-532x400.png\" class=\"attachment-medium size-medium\" alt=\"\" ids=\"948,949,950,951,1083,1084,1085\" style=\"default\" columns=\"3\" columns__sm=\"1\" srcset=\"https:\/\/akdispractico.com\/wp-content\/uploads\/2021\/04\/Du\u0308nyada-es\u0327i-benzeri-yok-tek-kullanimlik-dis\u0327-firc\u0327asi-Takvim-Gazetesi-532x400.png 532w, https:\/\/akdispractico.com\/wp-content\/uploads\/2021\/04\/Du\u0308nyada-es\u0327i-benzeri-yok-tek-kullanimlik-dis\u0327-firc\u0327asi-Takvim-Gazetesi-768x578.png 768w, https:\/\/akdispractico.com\/wp-content\/uploads\/2021\/04\/Du\u0308nyada-es\u0327i-benzeri-yok-tek-kullanimlik-dis\u0327-firc\u0327asi-Takvim-Gazetesi-600x451.png 600w, https:\/\/akdispractico.com\/wp-content\/uploads\/2021\/04\/Du\u0308nyada-es\u0327i-benzeri-yok-tek-kullanimlik-dis\u0327-firc\u0327asi-Takvim-Gazetesi.png 1009w\" sizes=\"auto, (max-width: 532px) 100vw, 532px\" \/>                                                              <\/div>\n              <div class=\"box-text text-left\" >\n                 <p><\/p>\n              <\/div>\n            <\/div>\n            <\/a>          <\/div>\n         <\/div><div class=\"gallery-col col\" >\n          <div class=\"col-inner\">\n            <a class=\"image-lightbox lightbox-gallery\" href=\"https:\/\/akdispractico.com\/wp-content\/uploads\/2021\/04\/Tek-kullanimlik-dis\u0327-macunlu-Firc\u0327a-Posta-Gazetesi.png\" title=\"\">            <div class=\"box has-hover gallery-box box-default\">\n              <div class=\"box-image\" >\n                <img loading=\"lazy\" decoding=\"async\" width=\"597\" height=\"400\" src=\"https:\/\/akdispractico.com\/wp-content\/uploads\/2021\/04\/Tek-kullanimlik-dis\u0327-macunlu-Firc\u0327a-Posta-Gazetesi-597x400.png\" class=\"attachment-medium size-medium\" alt=\"\" ids=\"948,949,950,951,1083,1084,1085\" style=\"default\" columns=\"3\" columns__sm=\"1\" srcset=\"https:\/\/akdispractico.com\/wp-content\/uploads\/2021\/04\/Tek-kullanimlik-dis\u0327-macunlu-Firc\u0327a-Posta-Gazetesi-597x400.png 597w, https:\/\/akdispractico.com\/wp-content\/uploads\/2021\/04\/Tek-kullanimlik-dis\u0327-macunlu-Firc\u0327a-Posta-Gazetesi-768x515.png 768w, https:\/\/akdispractico.com\/wp-content\/uploads\/2021\/04\/Tek-kullanimlik-dis\u0327-macunlu-Firc\u0327a-Posta-Gazetesi-600x402.png 600w, https:\/\/akdispractico.com\/wp-content\/uploads\/2021\/04\/Tek-kullanimlik-dis\u0327-macunlu-Firc\u0327a-Posta-Gazetesi.png 1024w\" sizes=\"auto, (max-width: 597px) 100vw, 597px\" \/>                                                              <\/div>\n              <div class=\"box-text text-left\" >\n                 <p><\/p>\n              <\/div>\n            <\/div>\n            <\/a>          <\/div>\n         <\/div><\/div>\n","protected":false},"excerpt":{"rendered":"","protected":false},"author":1,"featured_media":0,"parent":0,"menu_order":0,"comment_status":"closed","ping_status":"closed","template":"page-blank.php","meta":{"footnotes":""},"class_list":["post-640","page","type-page","status-publish","hentry"],"yoast_head":"<!-- This site is optimized with the Yoast SEO plugin v26.6 - https:\/\/yoast.com\/wordpress\/plugins\/seo\/ -->\n<title>\u6211\u4eec\u5728\u65b0\u95fb<\/title>\n<meta name=\"robots\" content=\"index, follow, max-snippet:-1, max-image-preview:large, max-video-preview:-1\" \/>\n<link rel=\"canonical\" href=\"https:\/\/akdispractico.com\/cn\/basinda-biz\/\" \/>\n<meta property=\"og:locale\" content=\"ko_KR\" \/>\n<meta property=\"og:locale:alternate\" content=\"tr_TR\" \/>\n<meta property=\"og:locale:alternate\" content=\"en_US\" \/>\n<meta property=\"og:locale:alternate\" content=\"ru_RU\" \/>\n<meta property=\"og:locale:alternate\" content=\"bg_BG\" \/>\n<meta property=\"og:type\" content=\"article\" \/>\n<meta property=\"og:title\" content=\"\u6211\u4eec\u5728\u65b0\u95fb\" \/>\n<meta property=\"og:url\" content=\"https:\/\/akdispractico.com\/cn\/basinda-biz\/\" \/>\n<meta property=\"og:site_name\" content=\"Akdi\u015f Practico\" \/>\n<meta property=\"article:publisher\" content=\"https:\/\/www.facebook.com\/akdispractico\" \/>\n<meta property=\"article:modified_time\" content=\"2021-06-18T14:50:08+00:00\" \/>\n<meta property=\"og:image\" content=\"https:\/\/akdispractico.com\/wp-content\/uploads\/2021\/03\/Akdis\u0327-tek-kullanimlik-Dis\u0327-Firc\u0327asi.jpg\" \/>\n\t<meta property=\"og:image:width\" content=\"1250\" \/>\n\t<meta property=\"og:image:height\" content=\"649\" \/>\n\t<meta property=\"og:image:type\" content=\"image\/jpeg\" \/>\n<meta name=\"twitter:card\" content=\"summary_large_image\" \/>\n<meta name=\"twitter:label1\" content=\"\uc608\uc0c1 \ub418\ub294 \ud310\ub3c5 \uc2dc\uac04\" \/>\n\t<meta name=\"twitter:data1\" content=\"2\ubd84\" \/>\n<script type=\"application\/ld+json\" class=\"yoast-schema-graph\">{\"@context\":\"https:\/\/schema.org\",\"@graph\":[{\"@type\":\"WebPage\",\"@id\":\"https:\/\/akdispractico.com\/basinda-biz\/\",\"url\":\"https:\/\/akdispractico.com\/basinda-biz\/\",\"name\":\"\u6211\u4eec\u5728\u65b0\u95fb\",\"isPartOf\":{\"@id\":\"https:\/\/akdispractico.com\/#website\"},\"datePublished\":\"2021-03-21T20:13:58+00:00\",\"dateModified\":\"2021-06-18T14:50:08+00:00\",\"breadcrumb\":{\"@id\":\"https:\/\/akdispractico.com\/basinda-biz\/#breadcrumb\"},\"inLanguage\":\"ko-KR\",\"potentialAction\":[{\"@type\":\"ReadAction\",\"target\":[\"https:\/\/akdispractico.com\/basinda-biz\/\"]}]},{\"@type\":\"BreadcrumbList\",\"@id\":\"https:\/\/akdispractico.com\/basinda-biz\/#breadcrumb\",\"itemListElement\":[{\"@type\":\"ListItem\",\"position\":1,\"name\":\"Anasayfa\",\"item\":\"https:\/\/akdispractico.com\/\"},{\"@type\":\"ListItem\",\"position\":2,\"name\":\"Bas\u0131nda Biz\"}]},{\"@type\":\"WebSite\",\"@id\":\"https:\/\/akdispractico.com\/#website\",\"url\":\"https:\/\/akdispractico.com\/\",\"name\":\"Akdi\u015f Practico\",\"description\":\"Tek Kullan\u0131ml\u0131k Kendinden Macunlu Di\u015f F\u0131r\u00e7as\u0131\",\"publisher\":{\"@id\":\"https:\/\/akdispractico.com\/#organization\"},\"alternateName\":\"Akdi\u015f\",\"potentialAction\":[{\"@type\":\"SearchAction\",\"target\":{\"@type\":\"EntryPoint\",\"urlTemplate\":\"https:\/\/akdispractico.com\/?s={search_term_string}\"},\"query-input\":{\"@type\":\"PropertyValueSpecification\",\"valueRequired\":true,\"valueName\":\"search_term_string\"}}],\"inLanguage\":\"ko-KR\"},{\"@type\":\"Organization\",\"@id\":\"https:\/\/akdispractico.com\/#organization\",\"name\":\"Akdi\u015f Practico Tek Kullan\u0131ml\u0131k Di\u015f F\u0131r\u00e7alar\u0131\",\"alternateName\":\"Akdi\u015f Practico\",\"url\":\"https:\/\/akdispractico.com\/\",\"logo\":{\"@type\":\"ImageObject\",\"inLanguage\":\"ko-KR\",\"@id\":\"https:\/\/akdispractico.com\/#\/schema\/logo\/image\/\",\"url\":\"https:\/\/akdispractico.com\/wp-content\/uploads\/2021\/04\/Kendinden-macunlu-tek-kullanimlik-dis\u0327-firc\u0327asi-kopya.png\",\"contentUrl\":\"https:\/\/akdispractico.com\/wp-content\/uploads\/2021\/04\/Kendinden-macunlu-tek-kullanimlik-dis\u0327-firc\u0327asi-kopya.png\",\"width\":1000,\"height\":1000,\"caption\":\"Akdi\u015f Practico Tek Kullan\u0131ml\u0131k Di\u015f F\u0131r\u00e7alar\u0131\"},\"image\":{\"@id\":\"https:\/\/akdispractico.com\/#\/schema\/logo\/image\/\"},\"sameAs\":[\"https:\/\/www.facebook.com\/akdispractico\",\"https:\/\/www.instagram.com\/akdispractico_tr\/\",\"https:\/\/www.youtube.com\/channel\/UC-F63iuS451Mw_xEBlh72fg\"]}]}<\/script>\n<!-- \/ Yoast SEO plugin. -->","yoast_head_json":{"title":"\u6211\u4eec\u5728\u65b0\u95fb","robots":{"index":"index","follow":"follow","max-snippet":"max-snippet:-1","max-image-preview":"max-image-preview:large","max-video-preview":"max-video-preview:-1"},"canonical":"https:\/\/akdispractico.com\/cn\/basinda-biz\/","og_locale":"ko_KR","og_type":"article","og_title":"[:tr]Bas\u0131nda Biz[:en]We are in Press[:cn]\u6211\u4eec\u5728\u65b0\u95fb[:ru]\u041c\u044b \u0432 \u043f\u0440\u0435\u0441\u0441\u0435[:bg]\u041e\u0442\u0440\u0430\u0437\u044f\u0432\u0430\u043d\u0435\u0442\u043e \u043d\u0438 \u0432 \u043f\u0440\u0435\u0441\u0430\u0442\u0430[:] | Akdi\u015f Practico","og_url":"https:\/\/akdispractico.com\/cn\/basinda-biz\/","og_site_name":"Akdi\u015f Practico","article_publisher":"https:\/\/www.facebook.com\/akdispractico","article_modified_time":"2021-06-18T14:50:08+00:00","og_image":[{"width":1250,"height":649,"url":"https:\/\/akdispractico.com\/wp-content\/uploads\/2021\/03\/Akdis\u0327-tek-kullanimlik-Dis\u0327-Firc\u0327asi.jpg","type":"image\/jpeg"}],"twitter_card":"summary_large_image","twitter_misc":{"\uc608\uc0c1 \ub418\ub294 \ud310\ub3c5 \uc2dc\uac04":"2\ubd84"},"schema":{"@context":"https:\/\/schema.org","@graph":[{"@type":"WebPage","@id":"https:\/\/akdispractico.com\/basinda-biz\/","url":"https:\/\/akdispractico.com\/basinda-biz\/","name":"\u6211\u4eec\u5728\u65b0\u95fb","isPartOf":{"@id":"https:\/\/akdispractico.com\/#website"},"datePublished":"2021-03-21T20:13:58+00:00","dateModified":"2021-06-18T14:50:08+00:00","breadcrumb":{"@id":"https:\/\/akdispractico.com\/basinda-biz\/#breadcrumb"},"inLanguage":"ko-KR","potentialAction":[{"@type":"ReadAction","target":["https:\/\/akdispractico.com\/basinda-biz\/"]}]},{"@type":"BreadcrumbList","@id":"https:\/\/akdispractico.com\/basinda-biz\/#breadcrumb","itemListElement":[{"@type":"ListItem","position":1,"name":"Anasayfa","item":"https:\/\/akdispractico.com\/"},{"@type":"ListItem","position":2,"name":"Bas\u0131nda Biz"}]},{"@type":"WebSite","@id":"https:\/\/akdispractico.com\/#website","url":"https:\/\/akdispractico.com\/","name":"Akdi\u015f Practico","description":"Tek Kullan\u0131ml\u0131k Kendinden Macunlu Di\u015f F\u0131r\u00e7as\u0131","publisher":{"@id":"https:\/\/akdispractico.com\/#organization"},"alternateName":"Akdi\u015f","potentialAction":[{"@type":"SearchAction","target":{"@type":"EntryPoint","urlTemplate":"https:\/\/akdispractico.com\/?s={search_term_string}"},"query-input":{"@type":"PropertyValueSpecification","valueRequired":true,"valueName":"search_term_string"}}],"inLanguage":"ko-KR"},{"@type":"Organization","@id":"https:\/\/akdispractico.com\/#organization","name":"Akdi\u015f Practico Tek Kullan\u0131ml\u0131k Di\u015f F\u0131r\u00e7alar\u0131","alternateName":"Akdi\u015f Practico","url":"https:\/\/akdispractico.com\/","logo":{"@type":"ImageObject","inLanguage":"ko-KR","@id":"https:\/\/akdispractico.com\/#\/schema\/logo\/image\/","url":"https:\/\/akdispractico.com\/wp-content\/uploads\/2021\/04\/Kendinden-macunlu-tek-kullanimlik-dis\u0327-firc\u0327asi-kopya.png","contentUrl":"https:\/\/akdispractico.com\/wp-content\/uploads\/2021\/04\/Kendinden-macunlu-tek-kullanimlik-dis\u0327-firc\u0327asi-kopya.png","width":1000,"height":1000,"caption":"Akdi\u015f Practico Tek Kullan\u0131ml\u0131k Di\u015f F\u0131r\u00e7alar\u0131"},"image":{"@id":"https:\/\/akdispractico.com\/#\/schema\/logo\/image\/"},"sameAs":["https:\/\/www.facebook.com\/akdispractico","https:\/\/www.instagram.com\/akdispractico_tr\/","https:\/\/www.youtube.com\/channel\/UC-F63iuS451Mw_xEBlh72fg"]}]}},"_links":{"self":[{"href":"https:\/\/akdispractico.com\/cn\/wp-json\/wp\/v2\/pages\/640","targetHints":{"allow":["GET"]}}],"collection":[{"href":"https:\/\/akdispractico.com\/cn\/wp-json\/wp\/v2\/pages"}],"about":[{"href":"https:\/\/akdispractico.com\/cn\/wp-json\/wp\/v2\/types\/page"}],"author":[{"embeddable":true,"href":"https:\/\/akdispractico.com\/cn\/wp-json\/wp\/v2\/users\/1"}],"replies":[{"embeddable":true,"href":"https:\/\/akdispractico.com\/cn\/wp-json\/wp\/v2\/comments?post=640"}],"version-history":[{"count":11,"href":"https:\/\/akdispractico.com\/cn\/wp-json\/wp\/v2\/pages\/640\/revisions"}],"predecessor-version":[{"id":1492,"href":"https:\/\/akdispractico.com\/cn\/wp-json\/wp\/v2\/pages\/640\/revisions\/1492"}],"wp:attachment":[{"href":"https:\/\/akdispractico.com\/cn\/wp-json\/wp\/v2\/media?parent=640"}],"curies":[{"name":"wp","href":"https:\/\/api.w.org\/{rel}","templated":true}]}}