{"id":628,"date":"2021-03-21T23:09:01","date_gmt":"2021-03-21T20:09:01","guid":{"rendered":"http:\/\/disposabletoothbrush.net\/?page_id=628"},"modified":"2021-06-18T18:40:36","modified_gmt":"2021-06-18T15:40:36","slug":"vizyon-misyon","status":"publish","type":"page","link":"https:\/\/akdispractico.com\/cn\/vizyon-misyon\/","title":{"rendered":"\u6211\u4eec\u7684\u613f\u666f"},"content":{"rendered":"\t<section class=\"section dark\" id=\"section_99491412\">\n\t\t<div class=\"bg section-bg fill bg-fill  \" >\n\n\t\t\t\n\t\t\t<div class=\"section-bg-overlay absolute fill\"><\/div>\n\t\t\t\n\n\t\t<\/div>\n\n\t\t\n\n\t\t<div class=\"section-content relative\">\n\t\t\t\n<div class=\"row\" style=\"max-width:1200px\" id=\"row-1417950249\">\n\n\t<div id=\"col-837796213\" class=\"col medium-5 small-12 large-5\"  >\n\t\t\t\t<div class=\"col-inner\"  >\n\t\t\t\n\t\t\t\n\t<div id=\"gap-391241321\" class=\"gap-element clearfix\" style=\"display:block; height:auto;\">\n\t\t\n<style>\n#gap-391241321 {\n  padding-top: 0px;\n}\n@media (min-width:850px) {\n  #gap-391241321 {\n    padding-top: 30px;\n  }\n}\n<\/style>\n\t<\/div>\n\t\n\t\t<\/div>\n\t\t\t\t\t<\/div>\n\n\t\n\n\t<div id=\"col-1746716647\" class=\"col medium-12 small-12 large-7\"  >\n\t\t\t\t<div class=\"col-inner\"  >\n\t\t\t\n\t\t\t\n\t<div id=\"gap-1470487666\" class=\"gap-element clearfix\" style=\"display:block; height:auto;\">\n\t\t\n<style>\n#gap-1470487666 {\n  padding-top: 30px;\n}\n<\/style>\n\t<\/div>\n\t\n\t<div id=\"text-1284386353\" class=\"text\">\n\t\t\n<h6>Akdi\u015f Practiko<\/h6>\n\t\t\n<style>\n#text-1284386353 {\n  font-size: 1rem;\n}\n@media (min-width:550px) {\n  #text-1284386353 {\n    font-size: 1.25rem;\n  }\n}\n<\/style>\n\t<\/div>\n\t\n\t<div id=\"text-1127713454\" class=\"text\">\n\t\t\n<h1>\u6211\u4eec\u7684\u613f\u666f<\/h1>\n\t\t\n<style>\n#text-1127713454 {\n  font-size: 2.5rem;\n}\n@media (min-width:550px) {\n  #text-1127713454 {\n    font-size: 3rem;\n  }\n}\n<\/style>\n\t<\/div>\n\t\n\t\t<\/div>\n\t\t\t\t\n<style>\n#col-1746716647 > .col-inner {\n  padding: 0px 0px 0px 0;\n}\n@media (min-width:550px) {\n  #col-1746716647 > .col-inner {\n    padding: 0px 0px 0px 30px;\n  }\n}\n<\/style>\n\t<\/div>\n\n\t\n<\/div>\n\t\t<\/div>\n\n\t\t\n<style>\n#section_99491412 {\n  padding-top: 30px;\n  padding-bottom: 30px;\n  min-height: 300px;\n}\n#section_99491412 .section-bg-overlay {\n  background-color: rgba(0, 0, 0, 0.337);\n}\n#section_99491412 .section-bg.bg-loaded {\n  background-image: url(https:\/\/akdispractico.com\/wp-content\/uploads\/2021\/04\/Samsun-I\u0307malat.jpeg);\n}\n#section_99491412 .section-bg {\n  background-position: 65% 100%;\n}\n#section_99491412 .ux-shape-divider--top svg {\n  height: 150px;\n  --divider-top-width: 100%;\n}\n#section_99491412 .ux-shape-divider--bottom svg {\n  height: 150px;\n  --divider-width: 100%;\n}\n@media (min-width:550px) {\n  #section_99491412 {\n    min-height: 450px;\n  }\n}\n@media (min-width:850px) {\n  #section_99491412 {\n    min-height: 500px;\n  }\n}\n<\/style>\n\t<\/section>\n\t\n<div class=\"row\" style=\"max-width:1200px\" id=\"row-974395211\">\n\n\t<div id=\"col-257161794\" class=\"col medium-12 small-12 large-5\"  >\n\t\t\t\t<div class=\"col-inner\"  >\n\t\t\t\n\t\t\t\n\n  <div class=\"banner has-hover\" id=\"banner-474412502\">\n          <div class=\"banner-inner fill\">\n        <div class=\"banner-bg fill\" >\n            <div class=\"bg fill bg-fill \"><\/div>\n                                    \n                    <\/div>\n\t\t\n        <div class=\"banner-layers container\">\n            <div class=\"fill banner-link\"><\/div>            \n        <\/div>\n      <\/div>\n\n            \n<style>\n#banner-474412502 {\n  padding-top: 300px;\n  background-color: rgb(255, 255, 255);\n}\n#banner-474412502 .bg.bg-loaded {\n  background-image: url(https:\/\/akdispractico.com\/wp-content\/uploads\/2021\/04\/irfan-akkaya-expo-fuar-tek-kullanimlik-dis\u0327-firc\u0327asi-600x800.jpeg);\n}\n#banner-474412502 .bg {\n  background-position: 97% 63%;\n}\n#banner-474412502 .ux-shape-divider--top svg {\n  height: 150px;\n  --divider-top-width: 100%;\n}\n#banner-474412502 .ux-shape-divider--bottom svg {\n  height: 150px;\n  --divider-width: 100%;\n}\n@media (min-width:550px) {\n  #banner-474412502 {\n    padding-top: 500px;\n  }\n}\n@media (min-width:850px) {\n  #banner-474412502 {\n    padding-top: 650px;\n  }\n}\n<\/style>\n  <\/div>\n\n\n\t<div id=\"gap-1817225737\" class=\"gap-element clearfix\" style=\"display:block; height:auto;\">\n\t\t\n<style>\n#gap-1817225737 {\n  padding-top: 0px;\n}\n@media (min-width:850px) {\n  #gap-1817225737 {\n    padding-top: 100px;\n  }\n}\n<\/style>\n\t<\/div>\n\t\n\t\t<\/div>\n\t\t\t\t\n<style>\n#col-257161794 > .col-inner {\n  margin: -100px 0px 0px 0px;\n}\n@media (min-width:550px) {\n  #col-257161794 > .col-inner {\n    margin: -150px 0px 0px 0px;\n  }\n}\n@media (min-width:850px) {\n  #col-257161794 > .col-inner {\n    margin: -400px 0px 0px 0px;\n  }\n}\n<\/style>\n\t<\/div>\n\n\t\n\n\t<div id=\"col-230274008\" class=\"col medium-11 small-12 large-7\"  >\n\t\t\t\t<div class=\"col-inner\"  >\n\t\t\t\n\t\t\t\n\t<div id=\"gap-1941400435\" class=\"gap-element clearfix\" style=\"display:block; height:auto;\">\n\t\t\n<style>\n#gap-1941400435 {\n  padding-top: 30px;\n}\n<\/style>\n\t<\/div>\n\t\n<p>Akdi\u015f Practico\u81f4\u529b\u4fdd\u62a4\u4eba\u4eec\u7684\u53e3\u8154\u548c\u7259\u9f7f\u5065\u5eb7\u4e3a\u76ee\u6807\uff0c\u800c\u4e0d\u662f\u4e00\u4e2a\u5546\u4e1a\u76ee\u7684. \u5b83\u4e0d\u4ec5\u5728\u571f\u8033\u5176\uff0c\u800c\u4e14\u5728\u5168\u4e16\u754c\u90fd\u56e0\u5176\u793e\u4f1a\u8d23\u4efb\u65b9\u5f0f\u53d7\u5230\u9ad8\u5ea6\u8d5e\u8d4f\u3002Akdi\u015f Practico\u5e0c\u671b\u5728\u672a\u6765\u6210\u4e3a\u4e00\u4e2a\u4e16\u754c\u6709\u540d\u7684\u54c1\u724c\uff0c\u5e76\u8054\u7cfb\u5230\u66f4\u591a\u7684\u4eba.<\/p>\n\t\t<\/div>\n\t\t\t\t\n<style>\n#col-230274008 > .col-inner {\n  padding: 0px 0px 0px 0;\n}\n@media (min-width:550px) {\n  #col-230274008 > .col-inner {\n    padding: 0px 0px 0px 30px;\n  }\n}\n<\/style>\n\t<\/div>\n\n\t\n<\/div>\n\t<section class=\"section\" id=\"section_1880438936\">\n\t\t<div class=\"bg section-bg fill bg-fill  bg-loaded\" >\n\n\t\t\t\n\t\t\t\n\t\t\t\n\n\t\t<\/div>\n\n\t\t\n\n\t\t<div class=\"section-content relative\">\n\t\t\t\n<div class=\"row\" style=\"max-width:1200px\" id=\"row-1811316460\">\n\n\t<div id=\"col-1293520967\" class=\"col small-12 large-12\"  >\n\t\t\t\t<div class=\"col-inner\"  >\n\t\t\t\n\t\t\t\n\n  <div class=\"banner has-hover\" id=\"banner-1434973446\">\n          <div class=\"banner-inner fill\">\n        <div class=\"banner-bg fill\" >\n            <div class=\"bg fill bg-fill \"><\/div>\n                                    \n                    <\/div>\n\t\t\n        <div class=\"banner-layers container\">\n            <div class=\"fill banner-link\"><\/div>            \n        <\/div>\n      <\/div>\n\n            \n<style>\n#banner-1434973446 {\n  padding-top: 200px;\n  background-color: rgb(255, 255, 255);\n}\n#banner-1434973446 .bg.bg-loaded {\n  background-image: url(https:\/\/akdispractico.com\/wp-content\/uploads\/2021\/04\/tek-kullanimlikdis\u0327-firc\u0327asi-akdis\u0327-practico-samsun.jpg);\n}\n#banner-1434973446 .bg {\n  background-position: 61% 100%;\n}\n#banner-1434973446 .ux-shape-divider--top svg {\n  height: 150px;\n  --divider-top-width: 100%;\n}\n#banner-1434973446 .ux-shape-divider--bottom svg {\n  height: 150px;\n  --divider-width: 100%;\n}\n@media (min-width:550px) {\n  #banner-1434973446 {\n    padding-top: 350px;\n  }\n}\n@media (min-width:850px) {\n  #banner-1434973446 {\n    padding-top: 400px;\n  }\n}\n<\/style>\n  <\/div>\n\n\n\t\t<\/div>\n\t\t\t\t\n<style>\n#col-1293520967 > .col-inner {\n  padding: 0px 0px 0px 0px;\n  margin: -30px 0px 0px 0px;\n}\n<\/style>\n\t<\/div>\n\n\t\n<\/div>\n<div class=\"row align-center\" style=\"max-width:1200px\" id=\"row-482623106\">\n\n\t<div id=\"col-2054448105\" class=\"col medium-10 small-12 large-8\"  >\n\t\t\t\t<div class=\"col-inner\"  >\n\t\t\t\n\t\t\t\n\t<div id=\"gap-1475010825\" class=\"gap-element clearfix\" style=\"display:block; height:auto;\">\n\t\t\n<style>\n#gap-1475010825 {\n  padding-top: 30px;\n}\n<\/style>\n\t<\/div>\n\t\n\t<div id=\"text-3450950251\" class=\"text\">\n\t\t\n<h6>\u571f\u8033\u5176\u5236\u9020<\/h6>\n\t\t\n<style>\n#text-3450950251 {\n  font-size: 1.1rem;\n  text-align: center;\n}\n<\/style>\n\t<\/div>\n\t\n\t<div id=\"text-1721928571\" class=\"text\">\n\t\t\n<h1>100% \u571f\u8033\u5176\u4eba\u8bbe\u8ba1\u7684<\/h1>\n\t\t\n<style>\n#text-1721928571 {\n  font-size: 1.75rem;\n  text-align: center;\n}\n<\/style>\n\t<\/div>\n\t\n\t<div id=\"gap-2051321154\" class=\"gap-element clearfix\" style=\"display:block; height:auto;\">\n\t\t\n<style>\n#gap-2051321154 {\n  padding-top: 10px;\n}\n<\/style>\n\t<\/div>\n\t\n\t<div id=\"text-2717109786\" class=\"text\">\n\t\t\n<p>Akdi\u015f Practico \u5411 16 \u4e2a\u56fd\u5bb6\u51fa\u53e3\u571f\u8033\u5176\u4eba\u81ea\u4e3b\u7814\u53d1\u7684\u9884\u62b9\u7259\u818f\u7684\u4e00\u6b21\u6027\u7259\u5237\uff0c\u5b83\u5728\u5168\u7403\u821e\u53f0\u4e0a\u81ea\u8c6a\u5730\u4ee3\u8868\u6211\u56fd\u3002\u6bcf\u4e2a\u4eba\u90fd\u9700\u8981\u7259\u818f\u548c\u7259\u5237\uff0c\u7279\u522b\u662f\u5728\u7259\u9f7f\u8bca\u6240\uff0c\u5b66\u6821\uff0c\u9910\u9986\uff0c\u65c5\u884c\u548c\u66f4\u591a\u7684\u5730\u65b9\u3001Akdi\u015f Practico \u901a\u8fc7\u521b\u65b0\u7684\u7d27\u51d1\u8bbe\u8ba1\uff0c\u7ed3\u5408\u7259\u818f\u548c\u7259\u5237. \u5b83\u65e2\u89e3\u51b3\u4e00\u4e2a\u793e\u4f1a\u95ee\u9898\uff0c\u53c8\u6709\u52a9\u4e8e\u4eba\u4eec\u7684\u53e3\u8154\u548c\u7259\u9f7f\u5065\u5eb7\u3002<\/p>\n\t\t\n<style>\n#text-2717109786 {\n  text-align: center;\n}\n<\/style>\n\t<\/div>\n\t\n\t\t<\/div>\n\t\t\t\t\t<\/div>\n\n\t\n<\/div>\n\t\t<\/div>\n\n\t\t\n<style>\n#section_1880438936 {\n  padding-top: 30px;\n  padding-bottom: 30px;\n}\n#section_1880438936 .ux-shape-divider--top svg {\n  height: 150px;\n  --divider-top-width: 100%;\n}\n#section_1880438936 .ux-shape-divider--bottom svg {\n  height: 150px;\n  --divider-width: 100%;\n}\n<\/style>\n\t<\/section>\n\t\n","protected":false},"excerpt":{"rendered":"","protected":false},"author":1,"featured_media":0,"parent":0,"menu_order":0,"comment_status":"closed","ping_status":"closed","template":"page-blank.php","meta":{"footnotes":""},"class_list":["post-628","page","type-page","status-publish","hentry"],"yoast_head":"<!-- This site is optimized with the Yoast SEO plugin v26.6 - https:\/\/yoast.com\/wordpress\/plugins\/seo\/ -->\n<title>\u6211\u4eec\u7684\u613f\u666f<\/title>\n<meta name=\"robots\" content=\"index, follow, max-snippet:-1, max-image-preview:large, max-video-preview:-1\" \/>\n<link rel=\"canonical\" href=\"https:\/\/akdispractico.com\/cn\/vizyon-misyon\/\" \/>\n<meta property=\"og:locale\" content=\"ko_KR\" \/>\n<meta property=\"og:locale:alternate\" content=\"tr_TR\" \/>\n<meta property=\"og:locale:alternate\" content=\"en_US\" \/>\n<meta property=\"og:locale:alternate\" content=\"ru_RU\" \/>\n<meta property=\"og:locale:alternate\" content=\"bg_BG\" \/>\n<meta property=\"og:type\" content=\"article\" \/>\n<meta property=\"og:title\" content=\"\u6211\u4eec\u7684\u613f\u666f\" \/>\n<meta property=\"og:url\" content=\"https:\/\/akdispractico.com\/cn\/vizyon-misyon\/\" \/>\n<meta property=\"og:site_name\" content=\"Akdi\u015f Practico\" \/>\n<meta property=\"article:publisher\" content=\"https:\/\/www.facebook.com\/akdispractico\" \/>\n<meta property=\"article:modified_time\" content=\"2021-06-18T15:40:36+00:00\" \/>\n<meta property=\"og:image\" content=\"https:\/\/akdispractico.com\/wp-content\/uploads\/2021\/03\/Akdis\u0327-tek-kullanimlik-Dis\u0327-Firc\u0327asi.jpg\" \/>\n\t<meta property=\"og:image:width\" content=\"1250\" \/>\n\t<meta property=\"og:image:height\" content=\"649\" \/>\n\t<meta property=\"og:image:type\" content=\"image\/jpeg\" \/>\n<meta name=\"twitter:card\" content=\"summary_large_image\" \/>\n<meta name=\"twitter:label1\" content=\"\uc608\uc0c1 \ub418\ub294 \ud310\ub3c5 \uc2dc\uac04\" \/>\n\t<meta name=\"twitter:data1\" content=\"8\ubd84\" \/>\n<script type=\"application\/ld+json\" class=\"yoast-schema-graph\">{\"@context\":\"https:\/\/schema.org\",\"@graph\":[{\"@type\":\"WebPage\",\"@id\":\"https:\/\/akdispractico.com\/vizyon-misyon\/\",\"url\":\"https:\/\/akdispractico.com\/vizyon-misyon\/\",\"name\":\"\u6211\u4eec\u7684\u613f\u666f\",\"isPartOf\":{\"@id\":\"https:\/\/akdispractico.com\/#website\"},\"datePublished\":\"2021-03-21T20:09:01+00:00\",\"dateModified\":\"2021-06-18T15:40:36+00:00\",\"breadcrumb\":{\"@id\":\"https:\/\/akdispractico.com\/vizyon-misyon\/#breadcrumb\"},\"inLanguage\":\"ko-KR\",\"potentialAction\":[{\"@type\":\"ReadAction\",\"target\":[\"https:\/\/akdispractico.com\/vizyon-misyon\/\"]}]},{\"@type\":\"BreadcrumbList\",\"@id\":\"https:\/\/akdispractico.com\/vizyon-misyon\/#breadcrumb\",\"itemListElement\":[{\"@type\":\"ListItem\",\"position\":1,\"name\":\"Anasayfa\",\"item\":\"https:\/\/akdispractico.com\/\"},{\"@type\":\"ListItem\",\"position\":2,\"name\":\"Vizyon &#8211; Misyon\"}]},{\"@type\":\"WebSite\",\"@id\":\"https:\/\/akdispractico.com\/#website\",\"url\":\"https:\/\/akdispractico.com\/\",\"name\":\"Akdi\u015f Practico\",\"description\":\"Tek Kullan\u0131ml\u0131k Kendinden Macunlu Di\u015f F\u0131r\u00e7as\u0131\",\"publisher\":{\"@id\":\"https:\/\/akdispractico.com\/#organization\"},\"alternateName\":\"Akdi\u015f\",\"potentialAction\":[{\"@type\":\"SearchAction\",\"target\":{\"@type\":\"EntryPoint\",\"urlTemplate\":\"https:\/\/akdispractico.com\/?s={search_term_string}\"},\"query-input\":{\"@type\":\"PropertyValueSpecification\",\"valueRequired\":true,\"valueName\":\"search_term_string\"}}],\"inLanguage\":\"ko-KR\"},{\"@type\":\"Organization\",\"@id\":\"https:\/\/akdispractico.com\/#organization\",\"name\":\"Akdi\u015f Practico Tek Kullan\u0131ml\u0131k Di\u015f F\u0131r\u00e7alar\u0131\",\"alternateName\":\"Akdi\u015f Practico\",\"url\":\"https:\/\/akdispractico.com\/\",\"logo\":{\"@type\":\"ImageObject\",\"inLanguage\":\"ko-KR\",\"@id\":\"https:\/\/akdispractico.com\/#\/schema\/logo\/image\/\",\"url\":\"https:\/\/akdispractico.com\/wp-content\/uploads\/2021\/04\/Kendinden-macunlu-tek-kullanimlik-dis\u0327-firc\u0327asi-kopya.png\",\"contentUrl\":\"https:\/\/akdispractico.com\/wp-content\/uploads\/2021\/04\/Kendinden-macunlu-tek-kullanimlik-dis\u0327-firc\u0327asi-kopya.png\",\"width\":1000,\"height\":1000,\"caption\":\"Akdi\u015f Practico Tek Kullan\u0131ml\u0131k Di\u015f F\u0131r\u00e7alar\u0131\"},\"image\":{\"@id\":\"https:\/\/akdispractico.com\/#\/schema\/logo\/image\/\"},\"sameAs\":[\"https:\/\/www.facebook.com\/akdispractico\",\"https:\/\/www.instagram.com\/akdispractico_tr\/\",\"https:\/\/www.youtube.com\/channel\/UC-F63iuS451Mw_xEBlh72fg\"]}]}<\/script>\n<!-- \/ Yoast SEO plugin. -->","yoast_head_json":{"title":"\u6211\u4eec\u7684\u613f\u666f","robots":{"index":"index","follow":"follow","max-snippet":"max-snippet:-1","max-image-preview":"max-image-preview:large","max-video-preview":"max-video-preview:-1"},"canonical":"https:\/\/akdispractico.com\/cn\/vizyon-misyon\/","og_locale":"ko_KR","og_type":"article","og_title":"[:tr]Vizyon - Misyon[:en]Vision - Mision[:cn]\u6211\u4eec\u7684\u613f\u666f[:ru]\u0412\u0438\u0434\u0435\u043d\u0438\u0435[:bg]\u0412\u0438\u0437\u0438\u044f - \u041c\u0438\u0441\u0438\u044f[:] | Akdi\u015f Practico","og_url":"https:\/\/akdispractico.com\/cn\/vizyon-misyon\/","og_site_name":"Akdi\u015f Practico","article_publisher":"https:\/\/www.facebook.com\/akdispractico","article_modified_time":"2021-06-18T15:40:36+00:00","og_image":[{"width":1250,"height":649,"url":"https:\/\/akdispractico.com\/wp-content\/uploads\/2021\/03\/Akdis\u0327-tek-kullanimlik-Dis\u0327-Firc\u0327asi.jpg","type":"image\/jpeg"}],"twitter_card":"summary_large_image","twitter_misc":{"\uc608\uc0c1 \ub418\ub294 \ud310\ub3c5 \uc2dc\uac04":"8\ubd84"},"schema":{"@context":"https:\/\/schema.org","@graph":[{"@type":"WebPage","@id":"https:\/\/akdispractico.com\/vizyon-misyon\/","url":"https:\/\/akdispractico.com\/vizyon-misyon\/","name":"\u6211\u4eec\u7684\u613f\u666f","isPartOf":{"@id":"https:\/\/akdispractico.com\/#website"},"datePublished":"2021-03-21T20:09:01+00:00","dateModified":"2021-06-18T15:40:36+00:00","breadcrumb":{"@id":"https:\/\/akdispractico.com\/vizyon-misyon\/#breadcrumb"},"inLanguage":"ko-KR","potentialAction":[{"@type":"ReadAction","target":["https:\/\/akdispractico.com\/vizyon-misyon\/"]}]},{"@type":"BreadcrumbList","@id":"https:\/\/akdispractico.com\/vizyon-misyon\/#breadcrumb","itemListElement":[{"@type":"ListItem","position":1,"name":"Anasayfa","item":"https:\/\/akdispractico.com\/"},{"@type":"ListItem","position":2,"name":"Vizyon &#8211; Misyon"}]},{"@type":"WebSite","@id":"https:\/\/akdispractico.com\/#website","url":"https:\/\/akdispractico.com\/","name":"Akdi\u015f Practico","description":"Tek Kullan\u0131ml\u0131k Kendinden Macunlu Di\u015f F\u0131r\u00e7as\u0131","publisher":{"@id":"https:\/\/akdispractico.com\/#organization"},"alternateName":"Akdi\u015f","potentialAction":[{"@type":"SearchAction","target":{"@type":"EntryPoint","urlTemplate":"https:\/\/akdispractico.com\/?s={search_term_string}"},"query-input":{"@type":"PropertyValueSpecification","valueRequired":true,"valueName":"search_term_string"}}],"inLanguage":"ko-KR"},{"@type":"Organization","@id":"https:\/\/akdispractico.com\/#organization","name":"Akdi\u015f Practico Tek Kullan\u0131ml\u0131k Di\u015f F\u0131r\u00e7alar\u0131","alternateName":"Akdi\u015f Practico","url":"https:\/\/akdispractico.com\/","logo":{"@type":"ImageObject","inLanguage":"ko-KR","@id":"https:\/\/akdispractico.com\/#\/schema\/logo\/image\/","url":"https:\/\/akdispractico.com\/wp-content\/uploads\/2021\/04\/Kendinden-macunlu-tek-kullanimlik-dis\u0327-firc\u0327asi-kopya.png","contentUrl":"https:\/\/akdispractico.com\/wp-content\/uploads\/2021\/04\/Kendinden-macunlu-tek-kullanimlik-dis\u0327-firc\u0327asi-kopya.png","width":1000,"height":1000,"caption":"Akdi\u015f Practico Tek Kullan\u0131ml\u0131k Di\u015f F\u0131r\u00e7alar\u0131"},"image":{"@id":"https:\/\/akdispractico.com\/#\/schema\/logo\/image\/"},"sameAs":["https:\/\/www.facebook.com\/akdispractico","https:\/\/www.instagram.com\/akdispractico_tr\/","https:\/\/www.youtube.com\/channel\/UC-F63iuS451Mw_xEBlh72fg"]}]}},"_links":{"self":[{"href":"https:\/\/akdispractico.com\/cn\/wp-json\/wp\/v2\/pages\/628","targetHints":{"allow":["GET"]}}],"collection":[{"href":"https:\/\/akdispractico.com\/cn\/wp-json\/wp\/v2\/pages"}],"about":[{"href":"https:\/\/akdispractico.com\/cn\/wp-json\/wp\/v2\/types\/page"}],"author":[{"embeddable":true,"href":"https:\/\/akdispractico.com\/cn\/wp-json\/wp\/v2\/users\/1"}],"replies":[{"embeddable":true,"href":"https:\/\/akdispractico.com\/cn\/wp-json\/wp\/v2\/comments?post=628"}],"version-history":[{"count":12,"href":"https:\/\/akdispractico.com\/cn\/wp-json\/wp\/v2\/pages\/628\/revisions"}],"predecessor-version":[{"id":1498,"href":"https:\/\/akdispractico.com\/cn\/wp-json\/wp\/v2\/pages\/628\/revisions\/1498"}],"wp:attachment":[{"href":"https:\/\/akdispractico.com\/cn\/wp-json\/wp\/v2\/media?parent=628"}],"curies":[{"name":"wp","href":"https:\/\/api.w.org\/{rel}","templated":true}]}}