{"id":626,"date":"2021-03-21T23:08:10","date_gmt":"2021-03-21T20:08:10","guid":{"rendered":"http:\/\/disposabletoothbrush.net\/?page_id=626"},"modified":"2022-04-21T18:31:27","modified_gmt":"2022-04-21T15:31:27","slug":"kurucumuz","status":"publish","type":"page","link":"https:\/\/akdispractico.com\/cn\/kurucumuz\/","title":{"rendered":"\u603b\u7ecf\u7406"},"content":{"rendered":"<\/p>\n\t<section class=\"section\" id=\"section_720576460\">\n\t\t<div class=\"bg section-bg fill bg-fill  bg-loaded\" >\n\n\t\t\t\n\t\t\t\n\t\t\t\n\n\t\t<\/div>\n\n\t\t\n\n\t\t<div class=\"section-content relative\">\n\t\t\t\n<div class=\"row\" style=\"max-width:1200px\" id=\"row-1704287657\">\n\n\t<div id=\"col-1864240316\" class=\"col medium-6 small-12 large-5\"  >\n\t\t\t\t<div class=\"col-inner\"  >\n\t\t\t\n\t\t\t\n\t<div id=\"gap-1799023742\" class=\"gap-element clearfix\" style=\"display:block; height:auto;\">\n\t\t\n<style>\n#gap-1799023742 {\n  padding-top: 60px;\n}\n<\/style>\n\t<\/div>\n\t\n<h1><span style=\"font-size: 250%;\">\u603b\u7ecf\u7406<\/span><\/h1>\n<p>\u7531\u4e8e\u53d1\u660e\u5bb6\u0130rfan\u963f\u5361\u4e9a\u57282001\u5e74\u98de\u673a\u65c5\u884c\u4e2d\u9047\u5230\u7684\u4e00\u4e2a\u4e8b\u4ef6\u3001\u4ed6\u7a81\u53d1\u7075\u611f\u3001\u9a6c\u4e0a\u70ed\u60c5\u5730\u5f00\u59cb\u5c06\u8fd9\u4e2a\u60f3\u6cd5\u8f6c\u53d8\u4e3a\u4ea7\u54c1\u3002<\/p>\n\t\t<\/div>\n\t\t\t\t\t<\/div>\n\n\t\n<\/div>\n\t\t<\/div>\n\n\t\t\n<style>\n#section_720576460 {\n  padding-top: 30px;\n  padding-bottom: 30px;\n  min-height: 300px;\n  background-color: rgb(204, 226, 228);\n}\n#section_720576460 .ux-shape-divider--top svg {\n  height: 150px;\n  --divider-top-width: 100%;\n}\n#section_720576460 .ux-shape-divider--bottom svg {\n  height: 150px;\n  --divider-width: 100%;\n}\n@media (min-width:550px) {\n  #section_720576460 {\n    min-height: 400px;\n  }\n}\n<\/style>\n\t<\/section>\n\t\n\t<section class=\"section\" id=\"section_926067940\">\n\t\t<div class=\"bg section-bg fill bg-fill  bg-loaded\" >\n\n\t\t\t\n\t\t\t\n\t\t\t\n\n\t\t<\/div>\n\n\t\t\n\n\t\t<div class=\"section-content relative\">\n\t\t\t\n<div class=\"row\" style=\"max-width:1200px\" id=\"row-1060078423\">\n\n\t<div id=\"col-1488264258\" class=\"col small-12 large-12\"  >\n\t\t\t\t<div class=\"col-inner\"  >\n\t\t\t\n\t\t\t\n<div class=\"row align-bottom\" style=\"max-width:1200px\" id=\"row-2085406138\">\n\n\t<div id=\"col-491411103\" class=\"col medium-12 small-12 large-6\"  >\n\t\t\t\t<div class=\"col-inner\"  >\n\t\t\t\n\t\t\t\n<h3><strong>\u4ed6\u8fd9\u6837\u63cf\u8ff0\u53d1\u660e\u8fc7\u7a0b;<\/strong><\/h3>\n<p><em>\u5728\u5750\u4e00\u5bb6\u5916\u56fd\u822a\u7a7a\u516c\u53f8\u7684\u98de\u673a\u65c5\u884c\u65f6\uff0c\u7a7a\u59d0\u7ed9\u6bcf\u4e2a\u4eba\u88c5\u6709\u7259\u5237\u548c\u4e00\u5c0f\u7259\u818f\u7ba1\u7684\u65c5\u884c\u5305. \u98de\u673a\u91cc\u6211\u548c\u6211\u7684\u5de5\u7a0b\u5e08\u670b\u53cb\u60f3\u4e86\u60f3\uff0c&#8221;\u6211\u4eec\u80fd\u628a\u8fd9\u79cd\u7259\u818f\u653e\u8fdb\u7259\u5237\u91cc\u5417\uff1f&#8221;\u65c5\u884c\u540e\uff0c\u6211\u4eec\u8c03\u67e5\u4e86\u4e16\u754c\u5404\u5730\u7684\u5236\u9020\u5546\u3002\u7136\u540e\uff0c\u6211\u4eec\u51b3\u5b9a\u6211\u4eec\u81ea\u5df1\u53ef\u4ee5\u751f\u4ea7\u66f4\u597d\uff0c\u66f4\u5065\u5eb7\uff0c\u521b\u65b0\u7684\u72ec\u7279\u4ea7\u54c1. \u7ecf\u8fc71.5\u5e74\u7684\u5168\u9762\u7814\u7a76\u548c\u53d1\u5c55\u5de5\u4f5c\uff0c\u6211\u4eec\u63d0\u9ad8\u4e86\u81ea\u5df1\u7684\u80fd\u529b\u3001\u6211\u4eec\u57282002\u5e74\u5b8c\u6210\u4e86\u4ea7\u54c1\u7684\u539f\u578b\u7814\u7a76\u548c\u8bd5\u9a8c \u3001\u5728\u571f\u8033\u5176\u4e13\u5229\u7814\u7a76\u6240\u6ce8\u518c\u4e86\u6211\u4eec\u7684\u9884\u62b9\u7259\u818f\u7684\u4e00\u6b21\u6027\u7259\u5237.<\/em><\/p>\n<p><em>\u6211\u4eec\u8ba4\u4e3a\u5728\u571f\u8033\u5176\u5237\u7259\u7684\u4e60\u60ef\u8fd8\u4e0d\u591f, \u6240\u4ee5\u6211\u4eec\u4ee5\u5065\u5eb7\u4e3a\u613f\u666f\u5f00\u59cb\u4e86\u8fd9\u9879\u4e1a\u52a1\u3002\u6211\u4eec\u9996\u5148\u5356\u7ed9\u536b\u751f\u90e8\u53ca\u5176\u9644\u5c5e\u533b\u9662\u6211\u4eec\u7684\u4ea7\u54c1\uff0c\u7136\u540e\u5356\u7ed9\u7259\u79d1\u533b\u9662\u548c\u5e7c\u513f\u56ed\u6211\u4eec\u7684\u4ea7\u54c1\u3002<\/em><\/p>\n<a class=\"button secondary is-link\"  >\n    <span>\u4fdd\u6301\u8054\u7cfb<\/span>\n  <i class=\"icon-angle-right\" aria-hidden=\"true\" ><\/i><\/a>\n\n\t\t<\/div>\n\t\t\t\t\t<\/div>\n\n\t\n\n\t<div id=\"col-1426810668\" class=\"col medium-12 small-12 large-6 medium-col-first\"  >\n\t\t\t\t<div class=\"col-inner\"  >\n\t\t\t\n\t\t\t\n\n  <div class=\"banner has-hover\" id=\"banner-876693229\">\n          <div class=\"banner-inner fill\">\n        <div class=\"banner-bg fill\" >\n            <div class=\"bg fill bg-fill \"><\/div>\n                                    \n                    <\/div>\n\t\t\n        <div class=\"banner-layers container\">\n            <div class=\"fill banner-link\"><\/div>            \n        <\/div>\n      <\/div>\n\n            \n<style>\n#banner-876693229 {\n  padding-top: 400px;\n  background-color: rgb(255, 255, 255);\n}\n#banner-876693229 .bg.bg-loaded {\n  background-image: url(https:\/\/akdispractico.com\/wp-content\/uploads\/2021\/04\/irfan-akkaya-expo-fuar-tek-kullanimlik-dis\u0327-firc\u0327asi-600x800.jpeg);\n}\n#banner-876693229 .bg {\n  background-position: 78% 33%;\n}\n#banner-876693229 .ux-shape-divider--top svg {\n  height: 150px;\n  --divider-top-width: 100%;\n}\n#banner-876693229 .ux-shape-divider--bottom svg {\n  height: 150px;\n  --divider-width: 100%;\n}\n@media (min-width:550px) {\n  #banner-876693229 {\n    padding-top: 600px;\n  }\n}\n@media (min-width:850px) {\n  #banner-876693229 {\n    padding-top: 700px;\n  }\n}\n<\/style>\n  <\/div>\n\n\n\t\t<\/div>\n\t\t\t\t\n<style>\n#col-1426810668 > .col-inner {\n  padding: 0px 0px 30px 0px;\n  margin: -70px 0px 0px 0px;\n}\n@media (min-width:850px) {\n  #col-1426810668 > .col-inner {\n    margin: -260px 0px 0px 0px;\n  }\n}\n<\/style>\n\t<\/div>\n\n\t\n<\/div>\n\t\t<\/div>\n\t\t\t\t\t<\/div>\n\n\t\n<\/div>\n\t\t<\/div>\n\n\t\t\n<style>\n#section_926067940 {\n  padding-top: 30px;\n  padding-bottom: 30px;\n}\n#section_926067940 .ux-shape-divider--top svg {\n  height: 150px;\n  --divider-top-width: 100%;\n}\n#section_926067940 .ux-shape-divider--bottom svg {\n  height: 150px;\n  --divider-width: 100%;\n}\n<\/style>\n\t<\/section>\n\t\n\t<section class=\"section\" id=\"section_606459179\">\n\t\t<div class=\"bg section-bg fill bg-fill  bg-loaded\" >\n\n\t\t\t\n\t\t\t\n\t\t\t\n\n\t\t<\/div>\n\n\t\t\n\n\t\t<div class=\"section-content relative\">\n\t\t\t\n<div class=\"row\" style=\"max-width:1200px\" id=\"row-448604176\">\n\n\t<div id=\"col-298791730\" class=\"col medium-11 small-12 large-9\"  >\n\t\t\t\t<div class=\"col-inner\"  >\n\t\t\t\n\t\t\t\n\t<div id=\"gap-1751096411\" class=\"gap-element clearfix\" style=\"display:block; height:auto;\">\n\t\t\n<style>\n#gap-1751096411 {\n  padding-top: 30px;\n}\n<\/style>\n\t<\/div>\n\t\n\n  <div class=\"banner has-hover\" id=\"banner-1929186710\">\n          <div class=\"banner-inner fill\">\n        <div class=\"banner-bg fill\" >\n            <div class=\"bg fill bg-fill \"><\/div>\n                                    \n                    <\/div>\n\t\t\n        <div class=\"banner-layers container\">\n            <div class=\"fill banner-link\"><\/div>            \n        <\/div>\n      <\/div>\n\n            \n<style>\n#banner-1929186710 {\n  padding-top: 300px;\n  background-color: rgb(249, 245, 229);\n}\n#banner-1929186710 .bg.bg-loaded {\n  background-image: url(https:\/\/akdispractico.com\/wp-content\/uploads\/2021\/04\/I\u0307rfan-Akkaya-samsun-tek-kullanimlik-dis\u0327-firc\u0327asi-800x800.jpeg);\n}\n#banner-1929186710 .bg {\n  background-position: 32% 58%;\n}\n#banner-1929186710 .ux-shape-divider--top svg {\n  height: 150px;\n  --divider-top-width: 100%;\n}\n#banner-1929186710 .ux-shape-divider--bottom svg {\n  height: 150px;\n  --divider-width: 100%;\n}\n@media (min-width:550px) {\n  #banner-1929186710 {\n    padding-top: 500px;\n  }\n}\n<\/style>\n  <\/div>\n\n\n\t\t<\/div>\n\t\t\t\t\t<\/div>\n\n\t\n<\/div>\n<div class=\"row align-right\" style=\"max-width:1200px\" id=\"row-647123630\">\n\n\t<div id=\"col-933864055\" class=\"col medium-8 small-12 large-6\"  >\n\t\t\t\t<div class=\"col-inner\" style=\"background-color:rgb(255, 255, 255);\" >\n\t\t\t\n\t\t\t\n\t<div id=\"text-3972168424\" class=\"text\">\n\t\t\n<h2>\u5b98\u65b9\u8bb8\u53ef<\/h2>\n\t\t\n<style>\n#text-3972168424 {\n  font-size: 1.5rem;\n}\n<\/style>\n\t<\/div>\n\t\n<p>2001\u5e74\uff0c\u0130rfan Akkaya \u5148\u751f\u5728\u98de\u673a\u65c5\u884c\u4e2d\u5efa\u7acb\u4e86Akdi\u015f Practico\u7684\u667a\u529b\u57fa\u7840\u3002\u56e0\u4e3a\u81ea\u5df1\u7684\u521b\u4e1a\u7cbe\u795e\uff0c\u4ed6\u5728\u4e00\u5e74\u534a\u7684\u52aa\u529b\u7814\u53d1\u540e\u5b8c\u6210\u4e86\u7b2c\u4e00\u4e2a\u4ea7\u54c1\u3001\u5e76\u5f97\u5230\u4e86\u536b\u751f\u90e8\u7684\u6279\u51c6\u3002<\/p>\n\t\t<\/div>\n\t\t\t\t\n<style>\n#col-933864055 > .col-inner {\n  padding: 10% 10% 10% 10%;\n  margin: -42px -42px 0px 0px;\n}\n@media (min-width:550px) {\n  #col-933864055 > .col-inner {\n    margin: -317px -42px 0px 0px;\n  }\n}\n<\/style>\n\t<\/div>\n\n\t\n<\/div>\n\t\t<\/div>\n\n\t\t\n<style>\n#section_606459179 {\n  padding-top: 40px;\n  padding-bottom: 40px;\n  background-color: rgb(204, 226, 228);\n}\n#section_606459179 .ux-shape-divider--top svg {\n  height: 150px;\n  --divider-top-width: 100%;\n}\n#section_606459179 .ux-shape-divider--bottom svg {\n  height: 150px;\n  --divider-width: 100%;\n}\n@media (min-width:550px) {\n  #section_606459179 {\n    padding-top: 80px;\n    padding-bottom: 80px;\n  }\n}\n@media (min-width:850px) {\n  #section_606459179 {\n    padding-top: 100px;\n    padding-bottom: 100px;\n  }\n}\n<\/style>\n\t<\/section>\n\t\n\t<section class=\"section\" id=\"section_196242745\">\n\t\t<div class=\"bg section-bg fill bg-fill  bg-loaded\" >\n\n\t\t\t\n\t\t\t\n\t\t\t\n\n\t\t<\/div>\n\n\t\t\n\n\t\t<div class=\"section-content relative\">\n\t\t\t\n\t<div id=\"gap-791893760\" class=\"gap-element clearfix\" style=\"display:block; height:auto;\">\n\t\t\n<style>\n#gap-791893760 {\n  padding-top: 30px;\n}\n<\/style>\n\t<\/div>\n\t\n<div class=\"row\" style=\"max-width:1200px\" id=\"row-352337906\">\n\n\t<div id=\"col-1869279933\" class=\"col medium-6 small-12 large-6\"  >\n\t\t\t\t<div class=\"col-inner\"  >\n\t\t\t\n\t\t\t\n\n  <div class=\"banner has-hover\" id=\"banner-1255832808\">\n          <div class=\"banner-inner fill\">\n        <div class=\"banner-bg fill\" >\n            <div class=\"bg fill bg-fill \"><\/div>\n                                    \n                    <\/div>\n\t\t\n        <div class=\"banner-layers container\">\n            <div class=\"fill banner-link\"><\/div>            \n        <\/div>\n      <\/div>\n\n            \n<style>\n#banner-1255832808 {\n  padding-top: 400px;\n  background-color: rgb(255, 255, 255);\n}\n#banner-1255832808 .bg.bg-loaded {\n  background-image: url(https:\/\/akdispractico.com\/wp-content\/uploads\/2021\/04\/Tek-kullanimlik-dis\u0327-firc\u0327asi-I\u0307rfan-Akkaya-692x800.jpeg);\n}\n#banner-1255832808 .bg {\n  background-position: 42% 11%;\n}\n#banner-1255832808 .ux-shape-divider--top svg {\n  height: 150px;\n  --divider-top-width: 100%;\n}\n#banner-1255832808 .ux-shape-divider--bottom svg {\n  height: 150px;\n  --divider-width: 100%;\n}\n@media (min-width:550px) {\n  #banner-1255832808 {\n    padding-top: 600px;\n  }\n}\n<\/style>\n  <\/div>\n\n\n\t<div id=\"gap-543329203\" class=\"gap-element clearfix\" style=\"display:block; height:auto;\">\n\t\t\n<style>\n#gap-543329203 {\n  padding-top: 30px;\n}\n@media (min-width:550px) {\n  #gap-543329203 {\n    padding-top: 100px;\n  }\n}\n<\/style>\n\t<\/div>\n\t\n\t<div id=\"text-1929356425\" class=\"text\">\n\t\t\n<h2>\u5411\u5168\u4e16\u754c\u51fa\u53e3<\/h2>\n\t\t\n<style>\n#text-1929356425 {\n  font-size: 1.5rem;\n}\n<\/style>\n\t<\/div>\n\t\n<p>\u5f88\u591a\u4eba\u8d5e\u7f8e\u4e86Akkaya \u5148\u751f\u56e0\u4e3a\u4ed6\u7684\u521b\u65b0\u9879\u76ee\u5bf9\u793e\u4f1a\u8d23\u4efb\u65b9\u9762\u7684\u597d\u5904\u30022001\u5e74\uff0c\u4ed6\u53ea\u5728\u5bb6\u4e61\u9500\u552e\u4e86\u4ed6\u7684\u4ea7\u54c1, \u4e0d\u8fc7\u73b0\u5728\u4ed6\u541116\u4e2a\u56fd\u5bb6\u51fa\u53e3\u4ed6\u7684\u4ea7\u54c1. \u5982\u4eca\uff0c\u4ed6\u7684\u5de5\u5382\u5e74\u751f\u4ea7\u80fd\u529b\u5df2\u8fbe500\u4e07\u4e2a\u3002\u4ed6\u5728&#8221;\u5c0a\u91cd\u4eba\u4eba&#8221;\u7684\u57fa\u672c\u539f\u5219\u7684\u6846\u67b6\u4e2d\u7ec4\u6210\u4e86\u5de5\u4f5c\u6d3b\u52a8&#8221;&#8230;<\/p>\n\t\t<\/div>\n\t\t\t\t\n<style>\n#col-1869279933 > .col-inner {\n  padding: 0px 0px 0px 1px;\n}\n@media (min-width:850px) {\n  #col-1869279933 > .col-inner {\n    padding: 50px 50px 50px 0px;\n  }\n}\n<\/style>\n\t<\/div>\n\n\t\n\n\t<div id=\"col-1903487310\" class=\"col medium-6 small-12 large-6\"  >\n\t\t\t\t<div class=\"col-inner\"  >\n\t\t\t\n\t\t\t\n\t<div id=\"text-3462747079\" class=\"text\">\n\t\t\n<h2>\u8fdb\u5165\u571f\u8033\u5176\u5e02\u573a<\/h2>\n\t\t\n<style>\n#text-3462747079 {\n  font-size: 1.5rem;\n}\n<\/style>\n\t<\/div>\n\t\n<p>Akkaya \u5148\u751f\u662fSamsun\u4eba\u3001\u4ed6\u5f00\u59cb\u505a\u8fd9\u9879\u5de5\u4f5c\u662f\u56e0\u4e3a\u4ed6\u60f3\u627e\u5230\u65b9\u6cd5\u8ba9\u4eba\u6c11\u5f97\u5230\u5237\u7259\u7684\u4e60\u60ef\u3002\u9996\u5148\u4ed6\u5411\u4ed6\u7684\u90bb\u5c45\u9500\u552e\u4e86\u4ed6\u7814\u53d1\u7684\u7259\u5237\uff0c\u7136\u540e\u5728\u4ed6\u7684\u8001\u5bb6\u9500\u552e\u4e86\u4ed6\u7684\u4ea7\u54c1. \u4e00\u6bb5\u65f6\u95f4\u540e\u4ed6\u6210\u529f\u7684\u5411\u5168\u56fd\u9500\u552e\u4ed6\u7684\u4ea7\u54c1<\/p>\n\t<div id=\"gap-721113510\" class=\"gap-element clearfix\" style=\"display:block; height:auto;\">\n\t\t\n<style>\n#gap-721113510 {\n  padding-top: 30px;\n}\n@media (min-width:550px) {\n  #gap-721113510 {\n    padding-top: 80px;\n  }\n}\n<\/style>\n\t<\/div>\n\t\n\n  <div class=\"banner has-hover\" id=\"banner-506411089\">\n          <div class=\"banner-inner fill\">\n        <div class=\"banner-bg fill\" >\n            <div class=\"bg fill bg-fill \"><\/div>\n                                    \n                    <\/div>\n\t\t\n        <div class=\"banner-layers container\">\n            <div class=\"fill banner-link\"><\/div>            \n        <\/div>\n      <\/div>\n\n            \n<style>\n#banner-506411089 {\n  padding-top: 400px;\n  background-color: rgb(255, 255, 255);\n}\n#banner-506411089 .bg.bg-loaded {\n  background-image: url(https:\/\/akdispractico.com\/wp-content\/uploads\/2021\/04\/Tek-kullanimlik-dis\u0327-firc\u0327asi-duari-irfan-akkaya.png);\n}\n#banner-506411089 .bg {\n  background-position: 95% 20%;\n}\n#banner-506411089 .ux-shape-divider--top svg {\n  height: 150px;\n  --divider-top-width: 100%;\n}\n#banner-506411089 .ux-shape-divider--bottom svg {\n  height: 150px;\n  --divider-width: 100%;\n}\n@media (min-width:550px) {\n  #banner-506411089 {\n    padding-top: 600px;\n  }\n}\n<\/style>\n  <\/div>\n\n\n\t\t<\/div>\n\t\t\t\t\n<style>\n#col-1903487310 > .col-inner {\n  padding: 0px 0px 0px 0;\n}\n@media (min-width:550px) {\n  #col-1903487310 > .col-inner {\n    padding: 50px 0px 0px 20px;\n  }\n}\n@media (min-width:850px) {\n  #col-1903487310 > .col-inner {\n    padding: 50px 0px 0px 50px;\n  }\n}\n<\/style>\n\t<\/div>\n\n\t\n<\/div>\n\t\t<\/div>\n\n\t\t\n<style>\n#section_196242745 {\n  padding-top: 70px;\n  padding-bottom: 70px;\n}\n#section_196242745 .ux-shape-divider--top svg {\n  height: 150px;\n  --divider-top-width: 100%;\n}\n#section_196242745 .ux-shape-divider--bottom svg {\n  height: 150px;\n  --divider-width: 100%;\n}\n<\/style>\n\t<\/section>\n\t\n\t<section class=\"section\" id=\"section_1052869586\">\n\t\t<div class=\"bg section-bg fill bg-fill  bg-loaded\" >\n\n\t\t\t\n\t\t\t\n\t\t\t\n\n\t\t<\/div>\n\n\t\t\n\n\t\t<div class=\"section-content relative\">\n\t\t\t\n<div class=\"row align-center\" style=\"max-width:1200px\" id=\"row-453583442\">\n\n\t<div id=\"col-740941195\" class=\"col medium-7 small-12 large-6\"  >\n\t\t\t\t<div class=\"col-inner text-center\"  >\n\t\t\t\n\t\t\t\n\t<div id=\"gap-293249103\" class=\"gap-element clearfix\" style=\"display:block; height:auto;\">\n\t\t\n<style>\n#gap-293249103 {\n  padding-top: 50px;\n}\n@media (min-width:550px) {\n  #gap-293249103 {\n    padding-top: 60px;\n  }\n}\n@media (min-width:850px) {\n  #gap-293249103 {\n    padding-top: 70px;\n  }\n}\n<\/style>\n\t<\/div>\n\t\n\t<div id=\"text-3307637412\" class=\"text\">\n\t\t\n<h2>\u5173\u4e8e AKD\u0130\u015e PRACT\u0130CO<\/h2>\n\t\t\n<style>\n#text-3307637412 {\n  font-size: 1.5rem;\n  text-align: center;\n}\n<\/style>\n\t<\/div>\n\t\n\t<div id=\"text-687738073\" class=\"text\">\n\t\t\n<p>Akdi\u015f Practico\u81f4\u529b\u4fdd\u62a4\u4eba\u4eec\u7684\u53e3\u8154\u548c\u7259\u9f7f\u5065\u5eb7\u7684\u76ee\u6807\uff0c\u800c\u4e0d\u662f\u4e00\u4e2a\u5546\u4e1a\u76ee\u7684. \u5b83\u4e0d\u4ec5\u5728\u571f\u8033\u5176\uff0c\u800c\u4e14\u5728\u5168\u4e16\u754c\u90fd\u56e0\u5176\u793e\u4f1a\u8d23\u4efb\u65b9\u5f0f\u53d7\u5230\u9ad8\u5ea6\u8d5e\u8d4f\u3002<\/p>\n\t\t\n<style>\n#text-687738073 {\n  text-align: center;\n}\n<\/style>\n\t<\/div>\n\t\n<a class=\"button primary is-link\"  >\n    <span>\u5ba1\u67e5<\/span>\n  <i class=\"icon-angle-right\" aria-hidden=\"true\" ><\/i><\/a>\n\n\t\t<\/div>\n\t\t\t\t\t<\/div>\n\n\t\n<\/div>\n\t\t<\/div>\n\n\t\t\n<style>\n#section_1052869586 {\n  padding-top: 60px;\n  padding-bottom: 60px;\n  background-color: rgb(204, 226, 228);\n}\n#section_1052869586 .ux-shape-divider--top svg {\n  height: 150px;\n  --divider-top-width: 100%;\n}\n#section_1052869586 .ux-shape-divider--bottom svg {\n  height: 150px;\n  --divider-width: 100%;\n}\n@media (min-width:550px) {\n  #section_1052869586 {\n    padding-top: 70px;\n    padding-bottom: 70px;\n  }\n}\n<\/style>\n\t<\/section>\n\t\n<p>\n","protected":false},"excerpt":{"rendered":"","protected":false},"author":1,"featured_media":0,"parent":0,"menu_order":0,"comment_status":"closed","ping_status":"closed","template":"page-blank.php","meta":{"footnotes":""},"class_list":["post-626","page","type-page","status-publish","hentry"],"yoast_head":"<!-- This site is optimized with the Yoast SEO plugin v26.6 - https:\/\/yoast.com\/wordpress\/plugins\/seo\/ -->\n<title>\u603b\u7ecf\u7406<\/title>\n<meta name=\"robots\" content=\"index, follow, max-snippet:-1, max-image-preview:large, max-video-preview:-1\" \/>\n<link rel=\"canonical\" href=\"https:\/\/akdispractico.com\/cn\/kurucumuz\/\" \/>\n<meta property=\"og:locale\" content=\"ko_KR\" \/>\n<meta property=\"og:locale:alternate\" content=\"tr_TR\" \/>\n<meta property=\"og:locale:alternate\" content=\"en_US\" \/>\n<meta property=\"og:locale:alternate\" content=\"ru_RU\" \/>\n<meta property=\"og:locale:alternate\" content=\"bg_BG\" \/>\n<meta property=\"og:type\" content=\"article\" \/>\n<meta property=\"og:title\" content=\"\u603b\u7ecf\u7406\" \/>\n<meta property=\"og:url\" content=\"https:\/\/akdispractico.com\/cn\/kurucumuz\/\" \/>\n<meta property=\"og:site_name\" content=\"Akdi\u015f Practico\" \/>\n<meta property=\"article:publisher\" content=\"https:\/\/www.facebook.com\/akdispractico\" \/>\n<meta property=\"article:modified_time\" content=\"2022-04-21T15:31:27+00:00\" \/>\n<meta property=\"og:image\" content=\"https:\/\/akdispractico.com\/wp-content\/uploads\/2021\/03\/Akdis\u0327-tek-kullanimlik-Dis\u0327-Firc\u0327asi.jpg\" \/>\n\t<meta property=\"og:image:width\" content=\"1250\" \/>\n\t<meta property=\"og:image:height\" content=\"649\" \/>\n\t<meta property=\"og:image:type\" content=\"image\/jpeg\" \/>\n<meta name=\"twitter:card\" content=\"summary_large_image\" \/>\n<meta name=\"twitter:label1\" content=\"\uc608\uc0c1 \ub418\ub294 \ud310\ub3c5 \uc2dc\uac04\" \/>\n\t<meta name=\"twitter:data1\" content=\"14\ubd84\" \/>\n<script type=\"application\/ld+json\" class=\"yoast-schema-graph\">{\"@context\":\"https:\/\/schema.org\",\"@graph\":[{\"@type\":\"WebPage\",\"@id\":\"https:\/\/akdispractico.com\/bg\/kurucumuz\/\",\"url\":\"https:\/\/akdispractico.com\/bg\/kurucumuz\/\",\"name\":\"\u603b\u7ecf\u7406\",\"isPartOf\":{\"@id\":\"https:\/\/akdispractico.com\/#website\"},\"datePublished\":\"2021-03-21T20:08:10+00:00\",\"dateModified\":\"2022-04-21T15:31:27+00:00\",\"breadcrumb\":{\"@id\":\"https:\/\/akdispractico.com\/bg\/kurucumuz\/#breadcrumb\"},\"inLanguage\":\"ko-KR\",\"potentialAction\":[{\"@type\":\"ReadAction\",\"target\":[\"https:\/\/akdispractico.com\/bg\/kurucumuz\/\"]}]},{\"@type\":\"BreadcrumbList\",\"@id\":\"https:\/\/akdispractico.com\/bg\/kurucumuz\/#breadcrumb\",\"itemListElement\":[{\"@type\":\"ListItem\",\"position\":1,\"name\":\"Anasayfa\",\"item\":\"https:\/\/akdispractico.com\/\"},{\"@type\":\"ListItem\",\"position\":2,\"name\":\"\u041e\u0441\u043d\u043e\u0432\u0430\u0442\u0435\u043b\"}]},{\"@type\":\"WebSite\",\"@id\":\"https:\/\/akdispractico.com\/#website\",\"url\":\"https:\/\/akdispractico.com\/\",\"name\":\"Akdi\u015f Practico\",\"description\":\"Tek Kullan\u0131ml\u0131k Kendinden Macunlu Di\u015f F\u0131r\u00e7as\u0131\",\"publisher\":{\"@id\":\"https:\/\/akdispractico.com\/#organization\"},\"alternateName\":\"Akdi\u015f\",\"potentialAction\":[{\"@type\":\"SearchAction\",\"target\":{\"@type\":\"EntryPoint\",\"urlTemplate\":\"https:\/\/akdispractico.com\/?s={search_term_string}\"},\"query-input\":{\"@type\":\"PropertyValueSpecification\",\"valueRequired\":true,\"valueName\":\"search_term_string\"}}],\"inLanguage\":\"ko-KR\"},{\"@type\":\"Organization\",\"@id\":\"https:\/\/akdispractico.com\/#organization\",\"name\":\"Akdi\u015f Practico Tek Kullan\u0131ml\u0131k Di\u015f F\u0131r\u00e7alar\u0131\",\"alternateName\":\"Akdi\u015f Practico\",\"url\":\"https:\/\/akdispractico.com\/\",\"logo\":{\"@type\":\"ImageObject\",\"inLanguage\":\"ko-KR\",\"@id\":\"https:\/\/akdispractico.com\/#\/schema\/logo\/image\/\",\"url\":\"https:\/\/akdispractico.com\/wp-content\/uploads\/2021\/04\/Kendinden-macunlu-tek-kullanimlik-dis\u0327-firc\u0327asi-kopya.png\",\"contentUrl\":\"https:\/\/akdispractico.com\/wp-content\/uploads\/2021\/04\/Kendinden-macunlu-tek-kullanimlik-dis\u0327-firc\u0327asi-kopya.png\",\"width\":1000,\"height\":1000,\"caption\":\"Akdi\u015f Practico Tek Kullan\u0131ml\u0131k Di\u015f F\u0131r\u00e7alar\u0131\"},\"image\":{\"@id\":\"https:\/\/akdispractico.com\/#\/schema\/logo\/image\/\"},\"sameAs\":[\"https:\/\/www.facebook.com\/akdispractico\",\"https:\/\/www.instagram.com\/akdispractico_tr\/\",\"https:\/\/www.youtube.com\/channel\/UC-F63iuS451Mw_xEBlh72fg\"]}]}<\/script>\n<!-- \/ Yoast SEO plugin. -->","yoast_head_json":{"title":"\u603b\u7ecf\u7406","robots":{"index":"index","follow":"follow","max-snippet":"max-snippet:-1","max-image-preview":"max-image-preview:large","max-video-preview":"max-video-preview:-1"},"canonical":"https:\/\/akdispractico.com\/cn\/kurucumuz\/","og_locale":"ko_KR","og_type":"article","og_title":"[:tr]Kurucumuz[:en]Our Founder[:cn]\u603b\u7ecf\u7406[:ru]\u041e\u0441\u043d\u043e\u0432\u0430\u0442\u0435\u043b\u044c[:bg]\u041e\u0441\u043d\u043e\u0432\u0430\u0442\u0435\u043b[:] | Akdi\u015f Practico","og_url":"https:\/\/akdispractico.com\/cn\/kurucumuz\/","og_site_name":"Akdi\u015f Practico","article_publisher":"https:\/\/www.facebook.com\/akdispractico","article_modified_time":"2022-04-21T15:31:27+00:00","og_image":[{"width":1250,"height":649,"url":"https:\/\/akdispractico.com\/wp-content\/uploads\/2021\/03\/Akdis\u0327-tek-kullanimlik-Dis\u0327-Firc\u0327asi.jpg","type":"image\/jpeg"}],"twitter_card":"summary_large_image","twitter_misc":{"\uc608\uc0c1 \ub418\ub294 \ud310\ub3c5 \uc2dc\uac04":"14\ubd84"},"schema":{"@context":"https:\/\/schema.org","@graph":[{"@type":"WebPage","@id":"https:\/\/akdispractico.com\/bg\/kurucumuz\/","url":"https:\/\/akdispractico.com\/bg\/kurucumuz\/","name":"\u603b\u7ecf\u7406","isPartOf":{"@id":"https:\/\/akdispractico.com\/#website"},"datePublished":"2021-03-21T20:08:10+00:00","dateModified":"2022-04-21T15:31:27+00:00","breadcrumb":{"@id":"https:\/\/akdispractico.com\/bg\/kurucumuz\/#breadcrumb"},"inLanguage":"ko-KR","potentialAction":[{"@type":"ReadAction","target":["https:\/\/akdispractico.com\/bg\/kurucumuz\/"]}]},{"@type":"BreadcrumbList","@id":"https:\/\/akdispractico.com\/bg\/kurucumuz\/#breadcrumb","itemListElement":[{"@type":"ListItem","position":1,"name":"Anasayfa","item":"https:\/\/akdispractico.com\/"},{"@type":"ListItem","position":2,"name":"\u041e\u0441\u043d\u043e\u0432\u0430\u0442\u0435\u043b"}]},{"@type":"WebSite","@id":"https:\/\/akdispractico.com\/#website","url":"https:\/\/akdispractico.com\/","name":"Akdi\u015f Practico","description":"Tek Kullan\u0131ml\u0131k Kendinden Macunlu Di\u015f F\u0131r\u00e7as\u0131","publisher":{"@id":"https:\/\/akdispractico.com\/#organization"},"alternateName":"Akdi\u015f","potentialAction":[{"@type":"SearchAction","target":{"@type":"EntryPoint","urlTemplate":"https:\/\/akdispractico.com\/?s={search_term_string}"},"query-input":{"@type":"PropertyValueSpecification","valueRequired":true,"valueName":"search_term_string"}}],"inLanguage":"ko-KR"},{"@type":"Organization","@id":"https:\/\/akdispractico.com\/#organization","name":"Akdi\u015f Practico Tek Kullan\u0131ml\u0131k Di\u015f F\u0131r\u00e7alar\u0131","alternateName":"Akdi\u015f Practico","url":"https:\/\/akdispractico.com\/","logo":{"@type":"ImageObject","inLanguage":"ko-KR","@id":"https:\/\/akdispractico.com\/#\/schema\/logo\/image\/","url":"https:\/\/akdispractico.com\/wp-content\/uploads\/2021\/04\/Kendinden-macunlu-tek-kullanimlik-dis\u0327-firc\u0327asi-kopya.png","contentUrl":"https:\/\/akdispractico.com\/wp-content\/uploads\/2021\/04\/Kendinden-macunlu-tek-kullanimlik-dis\u0327-firc\u0327asi-kopya.png","width":1000,"height":1000,"caption":"Akdi\u015f Practico Tek Kullan\u0131ml\u0131k Di\u015f F\u0131r\u00e7alar\u0131"},"image":{"@id":"https:\/\/akdispractico.com\/#\/schema\/logo\/image\/"},"sameAs":["https:\/\/www.facebook.com\/akdispractico","https:\/\/www.instagram.com\/akdispractico_tr\/","https:\/\/www.youtube.com\/channel\/UC-F63iuS451Mw_xEBlh72fg"]}]}},"_links":{"self":[{"href":"https:\/\/akdispractico.com\/cn\/wp-json\/wp\/v2\/pages\/626","targetHints":{"allow":["GET"]}}],"collection":[{"href":"https:\/\/akdispractico.com\/cn\/wp-json\/wp\/v2\/pages"}],"about":[{"href":"https:\/\/akdispractico.com\/cn\/wp-json\/wp\/v2\/types\/page"}],"author":[{"embeddable":true,"href":"https:\/\/akdispractico.com\/cn\/wp-json\/wp\/v2\/users\/1"}],"replies":[{"embeddable":true,"href":"https:\/\/akdispractico.com\/cn\/wp-json\/wp\/v2\/comments?post=626"}],"version-history":[{"count":20,"href":"https:\/\/akdispractico.com\/cn\/wp-json\/wp\/v2\/pages\/626\/revisions"}],"predecessor-version":[{"id":1621,"href":"https:\/\/akdispractico.com\/cn\/wp-json\/wp\/v2\/pages\/626\/revisions\/1621"}],"wp:attachment":[{"href":"https:\/\/akdispractico.com\/cn\/wp-json\/wp\/v2\/media?parent=626"}],"curies":[{"name":"wp","href":"https:\/\/api.w.org\/{rel}","templated":true}]}}