{"id":1043,"date":"2021-04-03T01:55:56","date_gmt":"2021-04-02T22:55:56","guid":{"rendered":"http:\/\/disposabletoothbrush.net\/?page_id=1043"},"modified":"2021-05-11T13:59:08","modified_gmt":"2021-05-11T10:59:08","slug":"mesafeli-satis-sozlesmesi","status":"publish","type":"page","link":"https:\/\/akdispractico.com\/bg\/mesafeli-satis-sozlesmesi\/","title":{"rendered":"MESAFEL\u0130 SATI\u015e S\u00d6ZLE\u015eMES\u0130"},"content":{"rendered":"<div class=\"row\"  id=\"row-401760396\">\n\n\t<div id=\"col-1978282264\" class=\"col small-12 large-12\"  >\n\t\t\t\t<div class=\"col-inner\"  >\n\t\t\t\n\t\t\t\n<h1 style=\"text-align: center;\"><span style=\"font-size: 80%;\"><strong>MESAFEL\u0130 SATI\u015e S\u00d6ZLE\u015eMES\u0130<\/strong><\/span><\/h1>\n<div class=\"text-center\"><div class=\"is-divider divider clearfix\" style=\"background-color:rgb(0, 111, 217);\"><\/div><\/div>\n<p><span style=\"font-size: 90%;\"><strong>MADDE \u2013 1 S\u00d6ZLE\u015eMEN\u0130N KONUSU<\/strong><\/span><\/p>\n<p><span style=\"font-size: 90%;\">\u0130\u015fbu s\u00f6zle\u015fmenin konusu, SATICI\u2019n\u0131n, ALICI\u2019ya sat\u0131\u015f\u0131n\u0131 yapt\u0131\u011f\u0131, yukar\u0131da nitelikleri ve sat\u0131\u015f fiyat\u0131 belirtilen \u00fcr\u00fcn\u00fcn sat\u0131\u015f\u0131 ve teslimi ile ilgili olarak 4077 say\u0131l\u0131 T\u00fcketicilerin Korunmas\u0131 Hakk\u0131ndaki Kanun, Mesafeli S\u00f6zle\u015fmelere Dair Y\u00f6netmelik ve ilgili di\u011fer yasal h\u00fck\u00fcmler uyar\u0131nca taraflar\u0131n hak ve y\u00fck\u00fcml\u00fcl\u00fcklerinin belirlenmesidir.<\/span><\/p>\n<p><span style=\"font-size: 90%;\"><strong>MADDE \u2013 2 S\u00d6ZLE\u015eME\u2019N\u0130N KURULMASI<\/strong><\/span><\/p>\n<p><span style=\"font-size: 90%;\">2.1 ALICI S\u00d6ZLE\u015eME\u2019Y\u0130 OKUDU\u011eUNU, ANLADI\u011eINI, HAKLARININ VE Y\u00dcK\u00dcML\u00dcL\u00dcKLER\u0130N\u0130N B\u0130L\u0130NC\u0130NDE OLDU\u011eUNU KABUL EDER.<\/span><\/p>\n<p><span style=\"font-size: 90%;\">2.2 SATICI VE ALICI, S\u00d6ZLE\u015eME \u0130LE KARARLA\u015eTIRILAN ED\u0130MLER ARASINDA H\u0130\u00c7B\u0130R ORANSIZLIK BULUNMADI\u011eINI VE KAR\u015eILIKLI ED\u0130MLER\u0130N \u0130\u015e\u0130N N\u0130TEL\u0130\u011e\u0130NE UYGUN OLDU\u011eUNU, S\u00d6ZLE\u015eME KONUSUNA G\u0130REN \u0130\u015eLEMLER KAPSAMINDA HERHANG\u0130 B\u0130R TECR\u00dcBES\u0130ZL\u0130KLER\u0130N\u0130N BULUNMADI\u011eINI KABUL EDERLER.<\/span><\/p>\n<p><span style=\"font-size: 90%;\">2.3 ALICI, S\u00d6ZLE\u015eME KAPSAMINDA YER ALAN \u0130\u015eLEMLER\u0130N KEND\u0130 MENFAAT\u0130NE UYGUN OLDU\u011eU KONUSUNDA TAM B\u0130R KANAATE VARDI\u011eINI VE T\u00dcM \u015eARTLARA KEND\u0130 \u00d6ZG\u00dcR \u0130RADES\u0130 \u0130LE, H\u0130\u00c7B\u0130R G\u00dc\u00c7L\u00dcK VEYA SIKINTI \u0130\u00c7\u0130NDE OLMADAN, D\u00dc\u015e\u00dcNEREK, \u0130STEYEREK VE B\u0130LEREK UYACA\u011eINI KABUL EDER.<\/span><\/p>\n<p><span style=\"font-size: 90%;\">2.4 SATICI VE ALICI, S\u00d6ZLE\u015eMEN\u0130N H\u00dcK\u00dcMLER\u0130N\u0130N HAKSIZ \u015eART SAYILAB\u0130LECEK B\u0130R \u00d6ZELL\u0130K TA\u015eIMADI\u011eINI, MENFAATLER DENGES\u0130 BAKIMINDAN B\u0130R HAKSIZLIK OLMADI\u011eINI KABUL EDER.<\/span><\/p>\n<p><span style=\"font-size: 90%;\">2.5 \u0130\u015eBU S\u00d6ZLE\u015eME, EKLER\u0130 VE islakmendilimalati.com \u00dcZER\u0130NDEN YAPILAN \u0130\u015eLEMLER KAPSAMINDA TEDAR\u0130K ED\u0130LEN B\u0130LG\u0130LER VE ELEKTRON\u0130K VASITALARLA ONAYLANAN KONULAR KAMPANYALI SATI\u015eLARA \u0130L\u0130\u015eK\u0130N UYGULAMA USUL VE ESASLARI HAKKINDA Y\u00d6NETMEL\u0130K\u2019\u0130N 6. MADDES\u0130\u2019N\u0130N GEREKL\u0130L\u0130KLER\u0130NE KAR\u015eILIK GELMEKTED\u0130R.<\/span><\/p>\n<p><span style=\"font-size: 90%;\">2.6 \u0130\u015eBU S\u00d6ZLE\u015eME H\u00dcK\u00dcMLER\u0130 T\u00dcKET\u0130C\u0130 S\u00d6ZLE\u015eMELER\u0130NDEK\u0130 HAKSIZ \u015eARTLAR HAKKINDA Y\u00d6NETMEL\u0130K H\u00dcK\u00dcMLER\u0130 UYARINCA HERHANG\u0130 B\u0130R HAKSIZ \u015eART \u0130\u00c7ERMEMEKTED\u0130R. H\u00dcK\u00dcMLER D\u00dcR\u00dcSTL\u00dcK VE \u0130Y\u0130N\u0130YET KURALINA AYKIRILIK TE\u015eK\u0130L ETMEMEKTE OLUP T\u00dcKET\u0130C\u0130N\u0130N KORUNMASI MEVZUATINA UYGUN OLARAK HAZIRLANMI\u015eTIR.<\/span><\/p>\n<p><span style=\"font-size: 90%;\">2.7 \u0130\u015eBU S\u00d6ZLE\u015eME H\u00dcK\u00dcMLER\u0130 6098 SAYILI YEN\u0130 BOR\u00c7LAR KANUNU H\u00dcK\u00dcMLER\u0130 DE D\u0130KKATE ALINARAK HAZIRLANMI\u015eTIR. YEN\u0130 BOR\u00c7LAR KANUNU\u2019NUN 21. MADDES\u0130NDE \u00d6NG\u00d6R\u00dcLEN BA\u011eLAYICILIK VE \u0130\u00c7ER\u0130K DENET\u0130M\u0130 ALICI TARAFINDAN YAPILMI\u015eTIR. \u0130\u015eBU S\u00d6ZLE\u015eME H\u00dcK\u00dcMLER\u0130NDEN H\u0130\u00c7B\u0130R\u0130 \u0130\u015eBU S\u00d6ZLE\u015eME\u2019N\u0130N N\u0130TEL\u0130\u011e\u0130NE VE \u0130\u015e\u0130N \u00d6ZELL\u0130\u011e\u0130NE YABANCI (\u015eA\u015eIRTICI \u015eARTLAR) N\u0130TEL\u0130K TA\u015eIMAZ. \u0130\u015eBU S\u00d6ZLE\u015eME H\u00dcK\u00dcMLER\u0130 A\u00c7IK VE ANLA\u015eILIR B\u0130R \u015eEK\u0130LDE YAZILMI\u015e OLUP B\u0130RDEN \u00c7OK ANLAMI \u0130FADE ETMEMEKTED\u0130R.<\/span><\/p>\n<p><span style=\"font-size: 90%;\"><strong>MADDE \u2013 3 SATICI B\u0130LG\u0130LER\u0130<br \/><\/strong><\/span><br \/><span style=\"font-size: 90%;\">Ad\u0131\/Soyad\u0131\/Unvan\u0131: Sebahattin AKKAYA<\/span><br \/><span style=\"font-size: 90%;\">Adresi: Samsun<\/span><br \/><span style=\"font-size: 90%;\">Telefon: +90 850 888 12 50<\/span><br \/><span style=\"font-size: 90%;\">E-mail: sales@akdispractico.com<\/span><\/p>\n<p><span style=\"font-size: 90%;\"><strong>MADDE \u2013 4 ALICI (T\u00dcKET\u0130C\u0130) B\u0130LG\u0130LER\u0130<\/strong><\/span><br \/><span style=\"font-size: 90%;\">Ad\u0131\/Soyad\u0131\/Unvan\u0131:<\/span><br \/><span style=\"font-size: 90%;\">Adresi:<\/span><br \/><span style=\"font-size: 90%;\">Telefon:<\/span><br \/><span style=\"font-size: 90%;\">E-mail:<\/span><\/p>\n<p><span style=\"font-size: 90%;\"><strong>MADDE \u2013 5 S\u00d6ZLE\u015eME KONUSU \u00dcR\u00dcN B\u0130LG\u0130LER\u0130<\/strong><\/span><br \/><span style=\"font-size: 90%;\">Mal\u0131n \/ \u00dcr\u00fcn\u00fcn \/ Hizmetin t\u00fcr\u00fc, miktar\u0131, marka\/modeli, rengi adedi, sat\u0131\u015f bedeli, \u00f6deme \u015fekli, A\u015fa\u011f\u0131da belirtildi\u011fi gibidir:<\/span><br \/><span style=\"font-size: 90%;\">S\u00f6zle\u015fme Tarihi:<\/span><br \/><span style=\"font-size: 90%;\">\u00dcr\u00fcn\u00fcn Teslim Tarihi:<\/span><br \/><span style=\"font-size: 90%;\">Teslim masraflar\u0131n\u0131n tutar\u0131 :<\/span><br \/><span style=\"font-size: 90%;\">Mal\/\u00dcr\u00fcn\/Hizmet T\u00fcr\u00fc:<\/span><\/p>\n<p><span style=\"font-size: 90%;\"><strong>MADDE \u2013 6 GENEL H\u00dcK\u00dcMLER<\/strong><\/span><\/p>\n<p><span style=\"font-size: 90%;\">6.1 ALICI, Madde 5\u2019te belirtilen s\u00f6zle\u015fme konusu \u00fcr\u00fcn\u00fcn temel nitelikleri, sat\u0131\u015f fiyat\u0131 ve \u00f6deme \u015fekli ile teslimata ili\u015fkin t\u00fcm \u00f6n bilgileri okuyup bilgi sahibi oldu\u011funu ve elektronik ortamda gerekli teyidi verdi\u011fini beyan eder.<\/span><\/p>\n<p><span style=\"font-size: 90%;\">6.2 S\u00f6zle\u015fme konusu \u00fcr\u00fcn, yasal 30 g\u00fcnl\u00fck s\u00fcreyi a\u015fmamak ko\u015fulu ile her bir \u00fcr\u00fcn i\u00e7in ALICI\u2019n\u0131n yerle\u015fim yerinin uzakl\u0131\u011f\u0131na ba\u011fl\u0131 olarak \u00f6n bilgiler i\u00e7inde a\u00e7\u0131klanan s\u00fcre i\u00e7inde ALICI veya g\u00f6sterdi\u011fi adresteki ki\u015fi\/kurulu\u015fa teslim edilir. Bu s\u00fcre t\u00fcketiciye yaz\u0131l\u0131 olarak bildirilmek ko\u015fuluyla en fazla 10 g\u00fcn uzat\u0131labilir.<\/span><\/p>\n<p><span style=\"font-size: 90%;\">6.3 S\u00f6zle\u015fme konusu \u00fcr\u00fcn, ALICI\u2019dan ba\u015fka bir ki\u015fi\/kurulu\u015fa teslim edilecek ise, teslim edilecek ki\u015fi\/kurulu\u015fun teslimat\u0131 kabul etmemesinden SATICI sorumlu tutulamaz.<\/span><\/p>\n<p><span style=\"font-size: 90%;\">6.4 SATICI, s\u00f6zle\u015fme konusu \u00fcr\u00fcn\u00fcn sa\u011flam, eksiksiz, sipari\u015fte belirtilen niteliklere uygun olarak teslim edilmesinden sorumludur. Hakl\u0131 bir sebebe dayanmak \u015fart\u0131yla SATICI, s\u00f6zle\u015fmeden do\u011fan ifa y\u00fck\u00fcml\u00fcl\u00fc\u011f\u00fcn\u00fcn s\u00fcresi dolmadan, SATICI\u2019ya e\u015fit kalite ve fiyatta mal veya hizmet tedarik edebilir.<\/span><\/p>\n<p><span style=\"font-size: 90%;\">6.5 S\u00f6zle\u015fme konusu \u00fcr\u00fcn\u00fcn teslimat\u0131 i\u00e7in i\u015f bu s\u00f6zle\u015fmenin elektronik ortamda teyit edilmesi ve s\u00f6zle\u015fme konusu sipari\u015fin bedelinin \u00f6denmesi \u015fartt\u0131r. Herhangi bir nedenle \u00fcr\u00fcn bedeli \u00f6denmez veya banka kay\u0131tlar\u0131nda iptal edilir ise, SATICI \u00fcr\u00fcn teslimi y\u00fck\u00fcml\u00fcl\u00fc\u011f\u00fcnden kurtulmu\u015f kabul edilir.<\/span><\/p>\n<p><span style=\"font-size: 90%;\">6.6 SATICI m\u00fccbir sebepler veya nakliyeyi engelleyen hava muhalefeti, ula\u015f\u0131m\u0131n kesilmesi gibi ola\u011fan\u00fcst\u00fc durumlar nedeniyle s\u00f6zle\u015fme konusu \u00fcr\u00fcn\u00fc s\u00fcresi i\u00e7inde teslim edemez ise, durumu ALICI\u2019ya bildirmekle y\u00fck\u00fcml\u00fcd\u00fcr. Bu takdirde ALICI sipari\u015fin iptal edilmesini, s\u00f6zle\u015fme konusu \u00fcr\u00fcn\u00fcn varsa emsali ile de\u011fi\u015ftirilmesini ve\/veya teslimat s\u00fcresinin engelleyici durumun ortadan kalkmas\u0131na kadar ertelenmesi haklar\u0131ndan birini kullanabilir.<\/span><br \/><span style=\"font-size: 90%;\">ALICI\u2019n\u0131n sipari\u015fi iptal etmesi halinde \u00f6dedi\u011fi tutar 10 g\u00fcn i\u00e7inde kendisine iade edilir.<\/span><\/p>\n<p><span style=\"font-size: 90%;\">6.7 ALICI\u2019n\u0131n i\u015f bu s\u00f6zle\u015fmedeki \u00f6deme y\u00fck\u00fcm\u00fcn\u00fcn herhangi bir \u015fekilde <\/span><br \/><span style=\"font-size: 90%;\">ger\u00e7ekle\u015fmemesi halinde SATICI, tahsil edilemedi\u011fi \u00fcr\u00fcn bedelini, \u00fcr\u00fcn\u00fcn teslim g\u00fcn\u00fcndeki fiyat\u0131 \u00fczerinden ve s\u00f6zle\u015fmede \u00f6ng\u00f6r\u00fclen faiz oranlar\u0131 \u00fczerinden i\u015fletilecek faizi ile birlikte tahsili amac\u0131yla icra takibi ba\u015flat\u0131labilir, alacak davas\u0131 a\u00e7\u0131labilir ve di\u011fer hukuki yollara ba\u015fvurabilir.<\/span><\/p>\n<p><span style=\"font-size: 90%;\"><strong>MADDE \u2013 7 CAYMA HAKKI<br \/><\/strong><\/span><br \/><span style=\"font-size: 90%;\">Mesafeli S\u00f6zle\u015fmelere Dair Y\u00f6netmelik\u2019in ilgili h\u00fck\u00fcmleri uyar\u0131nca;<\/span><\/p>\n<p><span style=\"font-size: 90%;\">7.1 T\u00fcketici; mal sat\u0131\u015f\u0131na ili\u015fkin mesafeli s\u00f6zle\u015fmelerde, mal\u0131 teslim ald\u0131\u011f\u0131 tarihten itibaren yedi g\u00fcn i\u00e7erisinde herhangi bir gerek\u00e7e g\u00f6stermeksizin ve cezai \u015fart \u00f6demeksizin s\u00f6zle\u015fmeden cayma hakk\u0131na sahiptir. Cayma hakk\u0131n\u0131n kullan\u0131ld\u0131\u011f\u0131na dair bildirimin bu s\u00fcre i\u00e7inde yaz\u0131l\u0131 olarak veya bir s\u00fcrekli veri ta\u015f\u0131y\u0131c\u0131s\u0131yla bildirilmesi yeterlidir.\u00a0<\/span><\/p>\n<p><span style=\"font-size: 90%;\">7.2 Taraflarca aksi kararla\u015ft\u0131r\u0131lmad\u0131\u011f\u0131 takdirde, t\u00fcketicin istekleri veya a\u00e7\u0131k\u00e7a t\u00fcketicinin ki\u015fisel ihtiya\u00e7lar\u0131 do\u011frultusunda haz\u0131rlanan, niteli\u011fi itibari ile geri g\u00f6nderilmeye elveri\u015fli olmayan ve \u00e7abuk bozulma tehlikesi olan veya son kullanma tarihi ge\u00e7me ihtimali olan mallar\u0131n teslimine ili\u015fkin s\u00f6zle\u015fmelerde t\u00fcketicinin cayma hakk\u0131 yoktur.<\/span><\/p>\n<p><span style=\"font-size: 90%;\">7.3 T\u00fcketicinin cayma hakk\u0131n\u0131 kullanmas\u0131 halinde sat\u0131c\u0131 veya sa\u011flay\u0131c\u0131, cayma bildiriminin kendisine ula\u015ft\u0131\u011f\u0131 tarihten itibaren en ge\u00e7 on g\u00fcn i\u00e7erisinde alm\u0131\u015f oldu\u011fu toplam bedeli ve t\u00fcketiciyi bor\u00e7 alt\u0131na sokan her t\u00fcrl\u00fc belgeyi t\u00fcketiciye hi\u00e7bir masraf y\u00fcklemeksizin iade etmek ve yirmi g\u00fcn i\u00e7erisinde de mal\u0131 geri almakla y\u00fck\u00fcml\u00fcd\u00fcr.<\/span><\/p>\n<p><span style=\"font-size: 90%;\">7.4 Teslim al\u0131nm\u0131\u015f olan mal\u0131n de\u011ferinin azalmas\u0131 veya iadeyi imkans\u0131z k\u0131lan bir nedenin varl\u0131\u011f\u0131 cayma hakk\u0131n\u0131n kullan\u0131lmas\u0131na engel de\u011fildir. Ancak de\u011fer azalmas\u0131 veya iadenin imkans\u0131zla\u015fmas\u0131 t\u00fcketicinin kusurundan kaynaklan\u0131yorsa sat\u0131c\u0131ya mal\u0131n de\u011ferini ya da de\u011ferindeki azalmay\u0131 tazmin etmesi gerekir. Mal\u0131n mutat kullan\u0131m\u0131 sebebiyle meydana gelen de\u011fi\u015fiklik ve bozulmalar de\u011fer azalmas\u0131 say\u0131lmaz.<\/span><\/p>\n<p><span style=\"font-size: 90%;\"><strong>MADDE \u2013 8 YETK\u0130L\u0130 MAHKEME<br \/><\/strong><\/span><br \/><span style=\"font-size: 90%;\">\u0130\u015fbu S\u00f6zle\u015fmeden dolay\u0131 her t\u00fcrl\u00fc \u015fikayet ve itirazlar, G\u00fcmr\u00fck ve Ticaret Bakanl\u0131\u011f\u0131\u2019nca her y\u0131l Aral\u0131k ay\u0131nda belirlenen parasal s\u0131n\u0131rlara g\u00f6re ALICI\u2019n\u0131n veya SATICI\u2019n\u0131n ikametgah\u0131n\u0131n bulundu\u011fu yerdeki T\u00fcketici Sorunlar\u0131 Hakem Heyeti\u2019ne veya T\u00fcketici Mahkemesi\u2019ne yap\u0131labilecektir.<\/span><\/p>\n\t\t<\/div>\n\t\t\t\t\t<\/div>\n\n\t\n<\/div>\n","protected":false},"excerpt":{"rendered":"","protected":false},"author":1,"featured_media":0,"parent":0,"menu_order":0,"comment_status":"closed","ping_status":"closed","template":"","meta":{"footnotes":""},"class_list":["post-1043","page","type-page","status-publish","hentry"],"yoast_head":"<!-- This site is optimized with the Yoast SEO plugin v26.6 - https:\/\/yoast.com\/wordpress\/plugins\/seo\/ -->\n<title>MESAFEL\u0130 SATI\u015e S\u00d6ZLE\u015eMES\u0130<\/title>\n<meta name=\"robots\" content=\"index, follow, max-snippet:-1, max-image-preview:large, max-video-preview:-1\" \/>\n<link rel=\"canonical\" href=\"https:\/\/akdispractico.com\/bg\/mesafeli-satis-sozlesmesi\/\" \/>\n<meta property=\"og:locale\" content=\"bg_BG\" \/>\n<meta property=\"og:locale:alternate\" content=\"tr_TR\" \/>\n<meta property=\"og:locale:alternate\" content=\"en_US\" \/>\n<meta property=\"og:locale:alternate\" content=\"cn_CN\" \/>\n<meta property=\"og:locale:alternate\" content=\"ru_RU\" \/>\n<meta property=\"og:type\" content=\"article\" \/>\n<meta property=\"og:title\" content=\"MESAFEL\u0130 SATI\u015e S\u00d6ZLE\u015eMES\u0130\" \/>\n<meta property=\"og:url\" content=\"https:\/\/akdispractico.com\/bg\/mesafeli-satis-sozlesmesi\/\" \/>\n<meta property=\"og:site_name\" content=\"Akdi\u015f Practico\" \/>\n<meta property=\"article:publisher\" content=\"https:\/\/www.facebook.com\/akdispractico\" \/>\n<meta property=\"article:modified_time\" content=\"2021-05-11T10:59:08+00:00\" \/>\n<meta property=\"og:image\" content=\"https:\/\/akdispractico.com\/wp-content\/uploads\/2021\/03\/Akdis\u0327-tek-kullanimlik-Dis\u0327-Firc\u0327asi.jpg\" \/>\n\t<meta property=\"og:image:width\" content=\"1250\" \/>\n\t<meta property=\"og:image:height\" content=\"649\" \/>\n\t<meta property=\"og:image:type\" content=\"image\/jpeg\" \/>\n<meta name=\"twitter:card\" content=\"summary_large_image\" \/>\n<meta name=\"twitter:label1\" content=\"Est. reading time\" \/>\n\t<meta name=\"twitter:data1\" content=\"6 \u043c\u0438\u043d\u0443\u0442\u0438\" \/>\n<script type=\"application\/ld+json\" class=\"yoast-schema-graph\">{\"@context\":\"https:\/\/schema.org\",\"@graph\":[{\"@type\":\"WebPage\",\"@id\":\"https:\/\/akdispractico.com\/cn\/mesafeli-satis-sozlesmesi\/\",\"url\":\"https:\/\/akdispractico.com\/cn\/mesafeli-satis-sozlesmesi\/\",\"name\":\"MESAFEL\u0130 SATI\u015e S\u00d6ZLE\u015eMES\u0130\",\"isPartOf\":{\"@id\":\"https:\/\/akdispractico.com\/#website\"},\"datePublished\":\"2021-04-02T22:55:56+00:00\",\"dateModified\":\"2021-05-11T10:59:08+00:00\",\"breadcrumb\":{\"@id\":\"https:\/\/akdispractico.com\/cn\/mesafeli-satis-sozlesmesi\/#breadcrumb\"},\"inLanguage\":\"bg-BG\",\"potentialAction\":[{\"@type\":\"ReadAction\",\"target\":[\"https:\/\/akdispractico.com\/cn\/mesafeli-satis-sozlesmesi\/\"]}]},{\"@type\":\"BreadcrumbList\",\"@id\":\"https:\/\/akdispractico.com\/cn\/mesafeli-satis-sozlesmesi\/#breadcrumb\",\"itemListElement\":[{\"@type\":\"ListItem\",\"position\":1,\"name\":\"Anasayfa\",\"item\":\"https:\/\/akdispractico.com\/\"},{\"@type\":\"ListItem\",\"position\":2,\"name\":\"\u8ddd\u79bb\u9500\u552e\u534f\u8bae\"}]},{\"@type\":\"WebSite\",\"@id\":\"https:\/\/akdispractico.com\/#website\",\"url\":\"https:\/\/akdispractico.com\/\",\"name\":\"Akdi\u015f Practico\",\"description\":\"Tek Kullan\u0131ml\u0131k Kendinden Macunlu Di\u015f F\u0131r\u00e7as\u0131\",\"publisher\":{\"@id\":\"https:\/\/akdispractico.com\/#organization\"},\"alternateName\":\"Akdi\u015f\",\"potentialAction\":[{\"@type\":\"SearchAction\",\"target\":{\"@type\":\"EntryPoint\",\"urlTemplate\":\"https:\/\/akdispractico.com\/?s={search_term_string}\"},\"query-input\":{\"@type\":\"PropertyValueSpecification\",\"valueRequired\":true,\"valueName\":\"search_term_string\"}}],\"inLanguage\":\"bg-BG\"},{\"@type\":\"Organization\",\"@id\":\"https:\/\/akdispractico.com\/#organization\",\"name\":\"Akdi\u015f Practico Tek Kullan\u0131ml\u0131k Di\u015f F\u0131r\u00e7alar\u0131\",\"alternateName\":\"Akdi\u015f Practico\",\"url\":\"https:\/\/akdispractico.com\/\",\"logo\":{\"@type\":\"ImageObject\",\"inLanguage\":\"bg-BG\",\"@id\":\"https:\/\/akdispractico.com\/#\/schema\/logo\/image\/\",\"url\":\"https:\/\/akdispractico.com\/wp-content\/uploads\/2021\/04\/Kendinden-macunlu-tek-kullanimlik-dis\u0327-firc\u0327asi-kopya.png\",\"contentUrl\":\"https:\/\/akdispractico.com\/wp-content\/uploads\/2021\/04\/Kendinden-macunlu-tek-kullanimlik-dis\u0327-firc\u0327asi-kopya.png\",\"width\":1000,\"height\":1000,\"caption\":\"Akdi\u015f Practico Tek Kullan\u0131ml\u0131k Di\u015f F\u0131r\u00e7alar\u0131\"},\"image\":{\"@id\":\"https:\/\/akdispractico.com\/#\/schema\/logo\/image\/\"},\"sameAs\":[\"https:\/\/www.facebook.com\/akdispractico\",\"https:\/\/www.instagram.com\/akdispractico_tr\/\",\"https:\/\/www.youtube.com\/channel\/UC-F63iuS451Mw_xEBlh72fg\"]}]}<\/script>\n<!-- \/ Yoast SEO plugin. -->","yoast_head_json":{"title":"MESAFEL\u0130 SATI\u015e S\u00d6ZLE\u015eMES\u0130","robots":{"index":"index","follow":"follow","max-snippet":"max-snippet:-1","max-image-preview":"max-image-preview:large","max-video-preview":"max-video-preview:-1"},"canonical":"https:\/\/akdispractico.com\/bg\/mesafeli-satis-sozlesmesi\/","og_locale":"bg_BG","og_type":"article","og_title":"[:tr]MESAFEL\u0130 SATI\u015e S\u00d6ZLE\u015eMES\u0130[:en]Distance Sales Agreement[:cn]\u8ddd\u79bb\u9500\u552e\u534f\u8bae[:ru]\u0414\u0438\u0441\u0442\u0430\u043d\u0446\u0438\u043e\u043d\u043d\u044b\u0435 \u043f\u0440\u043e\u0434\u0430\u0436\u0438[:] | Akdi\u015f Practico","og_url":"https:\/\/akdispractico.com\/bg\/mesafeli-satis-sozlesmesi\/","og_site_name":"Akdi\u015f Practico","article_publisher":"https:\/\/www.facebook.com\/akdispractico","article_modified_time":"2021-05-11T10:59:08+00:00","og_image":[{"width":1250,"height":649,"url":"https:\/\/akdispractico.com\/wp-content\/uploads\/2021\/03\/Akdis\u0327-tek-kullanimlik-Dis\u0327-Firc\u0327asi.jpg","type":"image\/jpeg"}],"twitter_card":"summary_large_image","twitter_misc":{"Est. reading time":"6 \u043c\u0438\u043d\u0443\u0442\u0438"},"schema":{"@context":"https:\/\/schema.org","@graph":[{"@type":"WebPage","@id":"https:\/\/akdispractico.com\/cn\/mesafeli-satis-sozlesmesi\/","url":"https:\/\/akdispractico.com\/cn\/mesafeli-satis-sozlesmesi\/","name":"MESAFEL\u0130 SATI\u015e S\u00d6ZLE\u015eMES\u0130","isPartOf":{"@id":"https:\/\/akdispractico.com\/#website"},"datePublished":"2021-04-02T22:55:56+00:00","dateModified":"2021-05-11T10:59:08+00:00","breadcrumb":{"@id":"https:\/\/akdispractico.com\/cn\/mesafeli-satis-sozlesmesi\/#breadcrumb"},"inLanguage":"bg-BG","potentialAction":[{"@type":"ReadAction","target":["https:\/\/akdispractico.com\/cn\/mesafeli-satis-sozlesmesi\/"]}]},{"@type":"BreadcrumbList","@id":"https:\/\/akdispractico.com\/cn\/mesafeli-satis-sozlesmesi\/#breadcrumb","itemListElement":[{"@type":"ListItem","position":1,"name":"Anasayfa","item":"https:\/\/akdispractico.com\/"},{"@type":"ListItem","position":2,"name":"\u8ddd\u79bb\u9500\u552e\u534f\u8bae"}]},{"@type":"WebSite","@id":"https:\/\/akdispractico.com\/#website","url":"https:\/\/akdispractico.com\/","name":"Akdi\u015f Practico","description":"Tek Kullan\u0131ml\u0131k Kendinden Macunlu Di\u015f F\u0131r\u00e7as\u0131","publisher":{"@id":"https:\/\/akdispractico.com\/#organization"},"alternateName":"Akdi\u015f","potentialAction":[{"@type":"SearchAction","target":{"@type":"EntryPoint","urlTemplate":"https:\/\/akdispractico.com\/?s={search_term_string}"},"query-input":{"@type":"PropertyValueSpecification","valueRequired":true,"valueName":"search_term_string"}}],"inLanguage":"bg-BG"},{"@type":"Organization","@id":"https:\/\/akdispractico.com\/#organization","name":"Akdi\u015f Practico Tek Kullan\u0131ml\u0131k Di\u015f F\u0131r\u00e7alar\u0131","alternateName":"Akdi\u015f Practico","url":"https:\/\/akdispractico.com\/","logo":{"@type":"ImageObject","inLanguage":"bg-BG","@id":"https:\/\/akdispractico.com\/#\/schema\/logo\/image\/","url":"https:\/\/akdispractico.com\/wp-content\/uploads\/2021\/04\/Kendinden-macunlu-tek-kullanimlik-dis\u0327-firc\u0327asi-kopya.png","contentUrl":"https:\/\/akdispractico.com\/wp-content\/uploads\/2021\/04\/Kendinden-macunlu-tek-kullanimlik-dis\u0327-firc\u0327asi-kopya.png","width":1000,"height":1000,"caption":"Akdi\u015f Practico Tek Kullan\u0131ml\u0131k Di\u015f F\u0131r\u00e7alar\u0131"},"image":{"@id":"https:\/\/akdispractico.com\/#\/schema\/logo\/image\/"},"sameAs":["https:\/\/www.facebook.com\/akdispractico","https:\/\/www.instagram.com\/akdispractico_tr\/","https:\/\/www.youtube.com\/channel\/UC-F63iuS451Mw_xEBlh72fg"]}]}},"_links":{"self":[{"href":"https:\/\/akdispractico.com\/bg\/wp-json\/wp\/v2\/pages\/1043","targetHints":{"allow":["GET"]}}],"collection":[{"href":"https:\/\/akdispractico.com\/bg\/wp-json\/wp\/v2\/pages"}],"about":[{"href":"https:\/\/akdispractico.com\/bg\/wp-json\/wp\/v2\/types\/page"}],"author":[{"embeddable":true,"href":"https:\/\/akdispractico.com\/bg\/wp-json\/wp\/v2\/users\/1"}],"replies":[{"embeddable":true,"href":"https:\/\/akdispractico.com\/bg\/wp-json\/wp\/v2\/comments?post=1043"}],"version-history":[{"count":10,"href":"https:\/\/akdispractico.com\/bg\/wp-json\/wp\/v2\/pages\/1043\/revisions"}],"predecessor-version":[{"id":1469,"href":"https:\/\/akdispractico.com\/bg\/wp-json\/wp\/v2\/pages\/1043\/revisions\/1469"}],"wp:attachment":[{"href":"https:\/\/akdispractico.com\/bg\/wp-json\/wp\/v2\/media?parent=1043"}],"curies":[{"name":"wp","href":"https:\/\/api.w.org\/{rel}","templated":true}]}}