{"id":1039,"date":"2021-04-03T01:57:23","date_gmt":"2021-04-02T22:57:23","guid":{"rendered":"http:\/\/disposabletoothbrush.net\/?page_id=1039"},"modified":"2021-05-11T13:56:24","modified_gmt":"2021-05-11T10:56:24","slug":"teslimat-ve-iade","status":"publish","type":"page","link":"https:\/\/akdispractico.com\/bg\/teslimat-ve-iade\/","title":{"rendered":"TESL\u0130MAT VE \u0130ADE"},"content":{"rendered":"<div class=\"row\"  id=\"row-1344257243\">\n\n\t<div id=\"col-1684417112\" class=\"col small-12 large-12\"  >\n\t\t\t\t<div class=\"col-inner\"  >\n\t\t\t\n\t\t\t\n<h1 style=\"text-align: center;\"><span style=\"font-size: 80%;\"><strong>TESL\u0130MAT VE \u0130ADE<\/strong><\/span><\/h1>\n<div class=\"text-center\"><div class=\"is-divider divider clearfix\" style=\"background-color:rgb(0, 131, 212);\"><\/div><\/div>\n<p><span style=\"font-size: 90%;\"><strong>\u00a0 \u00a0TESL\u0130MAT<\/strong><\/span><\/p>\n<p><span style=\"font-size: 90%;\">1. akdispractico.com \u00fczerinden verilen sipari\u015fleriniz en ge\u00e7 15 g\u00fcn i\u00e7erisinde \u00fcretilip anla\u015fmal\u0131 kargoya verilmektedir. Al\u0131c\u0131 bu \u00fcr\u00fcn\u00fc sat\u0131n ald\u0131\u011f\u0131nda teslimat\u0131n\u0131n s\u00fcresini kabul etmi\u015ftir.<\/span><\/p>\n<p><span style=\"font-size: 90%;\"><strong>\u00a0 \u00a0\u0130ADE\u00a0 HAKKI<\/strong><\/span><\/p>\n<p><span style=\"font-size: 90%;\">1. T\u00fcketici; mal sat\u0131\u015f\u0131na ili\u015fkin mesafeli s\u00f6zle\u015fmelerde, mal\u0131 teslim ald\u0131\u011f\u0131 tarihten itibaren yedi g\u00fcn i\u00e7erisinde herhangi bir gerek\u00e7e g\u00f6stermeksizin ve cezai \u015fart \u00f6demeksizin s\u00f6zle\u015fmeden cayma hakk\u0131na sahiptir. Cayma hakk\u0131n\u0131n kullan\u0131ld\u0131\u011f\u0131na dair bildirimin bu s\u00fcre i\u00e7inde yaz\u0131l\u0131 olarak veya bir s\u00fcrekli veri ta\u015f\u0131y\u0131c\u0131s\u0131yla bildirilmesi yeterlidir.<\/span><\/p>\n<p><span style=\"font-size: 90%;\">2. Taraflarca aksi kararla\u015ft\u0131r\u0131lmad\u0131\u011f\u0131 takdirde, t\u00fcketicin istekleri veya a\u00e7\u0131k\u00e7a t\u00fcketicinin ki\u015fisel ihtiya\u00e7lar\u0131 do\u011frultusunda haz\u0131rlanan, niteli\u011fi itibari ile geri g\u00f6nderilmeye elveri\u015fli olmayan ve \u00e7abuk bozulma tehlikesi olan veya son kullanma tarihi ge\u00e7me ihtimali olan mallar\u0131n teslimine ili\u015fkin s\u00f6zle\u015fmelerde t\u00fcketicinin cayma hakk\u0131 yoktur.<\/span><\/p>\n<p><span style=\"font-size: 90%;\">3. T\u00fcketicinin cayma hakk\u0131n\u0131 kullanmas\u0131 halinde sat\u0131c\u0131 veya sa\u011flay\u0131c\u0131, cayma bildiriminin kendisine ula\u015ft\u0131\u011f\u0131 tarihten itibaren en ge\u00e7 on g\u00fcn i\u00e7erisinde alm\u0131\u015f oldu\u011fu toplam bedeli ve t\u00fcketiciyi bor\u00e7 alt\u0131na sokan her t\u00fcrl\u00fc belgeyi t\u00fcketiciye hi\u00e7bir masraf y\u00fcklemeksizin iade etmek ve yirmi g\u00fcn i\u00e7erisinde de mal\u0131 geri almakla y\u00fck\u00fcml\u00fcd\u00fcr<\/span><\/p>\n<p><span style=\"font-size: 90%;\">4. Teslim al\u0131nm\u0131\u015f olan mal\u0131n de\u011ferinin azalmas\u0131 veya iadeyi imkans\u0131z k\u0131lan bir nedenin varl\u0131\u011f\u0131 cayma hakk\u0131n\u0131n kullan\u0131lmas\u0131na engel de\u011fildir. Ancak de\u011fer azalmas\u0131 veya iadenin imkans\u0131zla\u015fmas\u0131 t\u00fcketicinin kusurundan kaynaklan\u0131yorsa sat\u0131c\u0131ya mal\u0131n de\u011ferini ya da de\u011ferindeki azalmay\u0131 tazmin etmesi gerekir. Mal\u0131n mutat kullan\u0131m\u0131 sebebiyle meydana gelen de\u011fi\u015fiklik ve bozulmalar de\u011fer azalmas\u0131 say\u0131lmaz.<\/span><\/p>\n\t\t<\/div>\n\t\t\t\t\t<\/div>\n\n\t\n<\/div>\n","protected":false},"excerpt":{"rendered":"","protected":false},"author":1,"featured_media":0,"parent":0,"menu_order":0,"comment_status":"closed","ping_status":"closed","template":"","meta":{"footnotes":""},"class_list":["post-1039","page","type-page","status-publish","hentry"],"yoast_head":"<!-- This site is optimized with the Yoast SEO plugin v26.6 - https:\/\/yoast.com\/wordpress\/plugins\/seo\/ -->\n<title>TESL\u0130MAT VE \u0130ADE<\/title>\n<meta name=\"robots\" content=\"index, follow, max-snippet:-1, max-image-preview:large, max-video-preview:-1\" \/>\n<link rel=\"canonical\" href=\"https:\/\/akdispractico.com\/bg\/teslimat-ve-iade\/\" \/>\n<meta property=\"og:locale\" content=\"bg_BG\" \/>\n<meta property=\"og:locale:alternate\" content=\"tr_TR\" \/>\n<meta property=\"og:locale:alternate\" content=\"en_US\" \/>\n<meta property=\"og:locale:alternate\" content=\"cn_CN\" \/>\n<meta property=\"og:locale:alternate\" content=\"ru_RU\" \/>\n<meta property=\"og:type\" content=\"article\" \/>\n<meta property=\"og:title\" content=\"TESL\u0130MAT VE \u0130ADE\" \/>\n<meta property=\"og:url\" content=\"https:\/\/akdispractico.com\/bg\/teslimat-ve-iade\/\" \/>\n<meta property=\"og:site_name\" content=\"Akdi\u015f Practico\" \/>\n<meta property=\"article:publisher\" content=\"https:\/\/www.facebook.com\/akdispractico\" \/>\n<meta property=\"article:modified_time\" content=\"2021-05-11T10:56:24+00:00\" \/>\n<meta property=\"og:image\" content=\"https:\/\/akdispractico.com\/wp-content\/uploads\/2021\/03\/Akdis\u0327-tek-kullanimlik-Dis\u0327-Firc\u0327asi.jpg\" \/>\n\t<meta property=\"og:image:width\" content=\"1250\" \/>\n\t<meta property=\"og:image:height\" content=\"649\" \/>\n\t<meta property=\"og:image:type\" content=\"image\/jpeg\" \/>\n<meta name=\"twitter:card\" content=\"summary_large_image\" \/>\n<meta name=\"twitter:label1\" content=\"Est. reading time\" \/>\n\t<meta name=\"twitter:data1\" content=\"2 \u043c\u0438\u043d\u0443\u0442\u0438\" \/>\n<script type=\"application\/ld+json\" class=\"yoast-schema-graph\">{\"@context\":\"https:\/\/schema.org\",\"@graph\":[{\"@type\":\"WebPage\",\"@id\":\"https:\/\/akdispractico.com\/ru\/teslimat-ve-iade\/\",\"url\":\"https:\/\/akdispractico.com\/ru\/teslimat-ve-iade\/\",\"name\":\"TESL\u0130MAT VE \u0130ADE\",\"isPartOf\":{\"@id\":\"https:\/\/akdispractico.com\/#website\"},\"datePublished\":\"2021-04-02T22:57:23+00:00\",\"dateModified\":\"2021-05-11T10:56:24+00:00\",\"breadcrumb\":{\"@id\":\"https:\/\/akdispractico.com\/ru\/teslimat-ve-iade\/#breadcrumb\"},\"inLanguage\":\"bg-BG\",\"potentialAction\":[{\"@type\":\"ReadAction\",\"target\":[\"https:\/\/akdispractico.com\/ru\/teslimat-ve-iade\/\"]}]},{\"@type\":\"BreadcrumbList\",\"@id\":\"https:\/\/akdispractico.com\/ru\/teslimat-ve-iade\/#breadcrumb\",\"itemListElement\":[{\"@type\":\"ListItem\",\"position\":1,\"name\":\"Anasayfa\",\"item\":\"https:\/\/akdispractico.com\/\"},{\"@type\":\"ListItem\",\"position\":2,\"name\":\"\u0414\u043e\u0441\u0442\u0430\u0432\u043a\u0430 \u0438 \u0432\u043e\u0437\u0432\u0440\u0430\u0442\"}]},{\"@type\":\"WebSite\",\"@id\":\"https:\/\/akdispractico.com\/#website\",\"url\":\"https:\/\/akdispractico.com\/\",\"name\":\"Akdi\u015f Practico\",\"description\":\"Tek Kullan\u0131ml\u0131k Kendinden Macunlu Di\u015f F\u0131r\u00e7as\u0131\",\"publisher\":{\"@id\":\"https:\/\/akdispractico.com\/#organization\"},\"alternateName\":\"Akdi\u015f\",\"potentialAction\":[{\"@type\":\"SearchAction\",\"target\":{\"@type\":\"EntryPoint\",\"urlTemplate\":\"https:\/\/akdispractico.com\/?s={search_term_string}\"},\"query-input\":{\"@type\":\"PropertyValueSpecification\",\"valueRequired\":true,\"valueName\":\"search_term_string\"}}],\"inLanguage\":\"bg-BG\"},{\"@type\":\"Organization\",\"@id\":\"https:\/\/akdispractico.com\/#organization\",\"name\":\"Akdi\u015f Practico Tek Kullan\u0131ml\u0131k Di\u015f F\u0131r\u00e7alar\u0131\",\"alternateName\":\"Akdi\u015f Practico\",\"url\":\"https:\/\/akdispractico.com\/\",\"logo\":{\"@type\":\"ImageObject\",\"inLanguage\":\"bg-BG\",\"@id\":\"https:\/\/akdispractico.com\/#\/schema\/logo\/image\/\",\"url\":\"https:\/\/akdispractico.com\/wp-content\/uploads\/2021\/04\/Kendinden-macunlu-tek-kullanimlik-dis\u0327-firc\u0327asi-kopya.png\",\"contentUrl\":\"https:\/\/akdispractico.com\/wp-content\/uploads\/2021\/04\/Kendinden-macunlu-tek-kullanimlik-dis\u0327-firc\u0327asi-kopya.png\",\"width\":1000,\"height\":1000,\"caption\":\"Akdi\u015f Practico Tek Kullan\u0131ml\u0131k Di\u015f F\u0131r\u00e7alar\u0131\"},\"image\":{\"@id\":\"https:\/\/akdispractico.com\/#\/schema\/logo\/image\/\"},\"sameAs\":[\"https:\/\/www.facebook.com\/akdispractico\",\"https:\/\/www.instagram.com\/akdispractico_tr\/\",\"https:\/\/www.youtube.com\/channel\/UC-F63iuS451Mw_xEBlh72fg\"]}]}<\/script>\n<!-- \/ Yoast SEO plugin. -->","yoast_head_json":{"title":"TESL\u0130MAT VE \u0130ADE","robots":{"index":"index","follow":"follow","max-snippet":"max-snippet:-1","max-image-preview":"max-image-preview:large","max-video-preview":"max-video-preview:-1"},"canonical":"https:\/\/akdispractico.com\/bg\/teslimat-ve-iade\/","og_locale":"bg_BG","og_type":"article","og_title":"[:tr]TESL\u0130MAT VE \u0130ADE[:en]Delivery and Returns[:cn]\u4ea4\u8d27\u548c\u9000\u8d27[:ru]\u0414\u043e\u0441\u0442\u0430\u0432\u043a\u0430 \u0438 \u0432\u043e\u0437\u0432\u0440\u0430\u0442[:] | Akdi\u015f Practico","og_url":"https:\/\/akdispractico.com\/bg\/teslimat-ve-iade\/","og_site_name":"Akdi\u015f Practico","article_publisher":"https:\/\/www.facebook.com\/akdispractico","article_modified_time":"2021-05-11T10:56:24+00:00","og_image":[{"width":1250,"height":649,"url":"https:\/\/akdispractico.com\/wp-content\/uploads\/2021\/03\/Akdis\u0327-tek-kullanimlik-Dis\u0327-Firc\u0327asi.jpg","type":"image\/jpeg"}],"twitter_card":"summary_large_image","twitter_misc":{"Est. reading time":"2 \u043c\u0438\u043d\u0443\u0442\u0438"},"schema":{"@context":"https:\/\/schema.org","@graph":[{"@type":"WebPage","@id":"https:\/\/akdispractico.com\/ru\/teslimat-ve-iade\/","url":"https:\/\/akdispractico.com\/ru\/teslimat-ve-iade\/","name":"TESL\u0130MAT VE \u0130ADE","isPartOf":{"@id":"https:\/\/akdispractico.com\/#website"},"datePublished":"2021-04-02T22:57:23+00:00","dateModified":"2021-05-11T10:56:24+00:00","breadcrumb":{"@id":"https:\/\/akdispractico.com\/ru\/teslimat-ve-iade\/#breadcrumb"},"inLanguage":"bg-BG","potentialAction":[{"@type":"ReadAction","target":["https:\/\/akdispractico.com\/ru\/teslimat-ve-iade\/"]}]},{"@type":"BreadcrumbList","@id":"https:\/\/akdispractico.com\/ru\/teslimat-ve-iade\/#breadcrumb","itemListElement":[{"@type":"ListItem","position":1,"name":"Anasayfa","item":"https:\/\/akdispractico.com\/"},{"@type":"ListItem","position":2,"name":"\u0414\u043e\u0441\u0442\u0430\u0432\u043a\u0430 \u0438 \u0432\u043e\u0437\u0432\u0440\u0430\u0442"}]},{"@type":"WebSite","@id":"https:\/\/akdispractico.com\/#website","url":"https:\/\/akdispractico.com\/","name":"Akdi\u015f Practico","description":"Tek Kullan\u0131ml\u0131k Kendinden Macunlu Di\u015f F\u0131r\u00e7as\u0131","publisher":{"@id":"https:\/\/akdispractico.com\/#organization"},"alternateName":"Akdi\u015f","potentialAction":[{"@type":"SearchAction","target":{"@type":"EntryPoint","urlTemplate":"https:\/\/akdispractico.com\/?s={search_term_string}"},"query-input":{"@type":"PropertyValueSpecification","valueRequired":true,"valueName":"search_term_string"}}],"inLanguage":"bg-BG"},{"@type":"Organization","@id":"https:\/\/akdispractico.com\/#organization","name":"Akdi\u015f Practico Tek Kullan\u0131ml\u0131k Di\u015f F\u0131r\u00e7alar\u0131","alternateName":"Akdi\u015f Practico","url":"https:\/\/akdispractico.com\/","logo":{"@type":"ImageObject","inLanguage":"bg-BG","@id":"https:\/\/akdispractico.com\/#\/schema\/logo\/image\/","url":"https:\/\/akdispractico.com\/wp-content\/uploads\/2021\/04\/Kendinden-macunlu-tek-kullanimlik-dis\u0327-firc\u0327asi-kopya.png","contentUrl":"https:\/\/akdispractico.com\/wp-content\/uploads\/2021\/04\/Kendinden-macunlu-tek-kullanimlik-dis\u0327-firc\u0327asi-kopya.png","width":1000,"height":1000,"caption":"Akdi\u015f Practico Tek Kullan\u0131ml\u0131k Di\u015f F\u0131r\u00e7alar\u0131"},"image":{"@id":"https:\/\/akdispractico.com\/#\/schema\/logo\/image\/"},"sameAs":["https:\/\/www.facebook.com\/akdispractico","https:\/\/www.instagram.com\/akdispractico_tr\/","https:\/\/www.youtube.com\/channel\/UC-F63iuS451Mw_xEBlh72fg"]}]}},"_links":{"self":[{"href":"https:\/\/akdispractico.com\/bg\/wp-json\/wp\/v2\/pages\/1039","targetHints":{"allow":["GET"]}}],"collection":[{"href":"https:\/\/akdispractico.com\/bg\/wp-json\/wp\/v2\/pages"}],"about":[{"href":"https:\/\/akdispractico.com\/bg\/wp-json\/wp\/v2\/types\/page"}],"author":[{"embeddable":true,"href":"https:\/\/akdispractico.com\/bg\/wp-json\/wp\/v2\/users\/1"}],"replies":[{"embeddable":true,"href":"https:\/\/akdispractico.com\/bg\/wp-json\/wp\/v2\/comments?post=1039"}],"version-history":[{"count":10,"href":"https:\/\/akdispractico.com\/bg\/wp-json\/wp\/v2\/pages\/1039\/revisions"}],"predecessor-version":[{"id":1465,"href":"https:\/\/akdispractico.com\/bg\/wp-json\/wp\/v2\/pages\/1039\/revisions\/1465"}],"wp:attachment":[{"href":"https:\/\/akdispractico.com\/bg\/wp-json\/wp\/v2\/media?parent=1039"}],"curies":[{"name":"wp","href":"https:\/\/api.w.org\/{rel}","templated":true}]}}